{"id":19952,"date":"2023-06-28T13:05:39","date_gmt":"2023-06-28T11:05:39","guid":{"rendered":"https:\/\/www.greisinger.com\/?page_id=19952"},"modified":"2023-08-14T13:00:39","modified_gmt":"2023-08-14T11:00:39","slug":"nase-hodnoty","status":"publish","type":"page","link":"https:\/\/www.greisinger.com\/cs\/kariera\/nase-hodnoty\/","title":{"rendered":"Na\u0161e hodnoty"},"content":{"rendered":"\n\n\n\n\n\n\n\n\n\n\n\n\n\n\n\n\n\n\n\n\n\n\n\n\n\n\n\n\n\n\n\n\n            \n        \n                    <div class=\"ce ce-cols ce-cols--2\n         ce--mb-standard                                 \"\n                 id=\"block_c43ffbeded04c6e7906fa057832a38c5\">\n                                <div class=\"container-fluid\">\n                    \n\n\n                    <div class=\"row\">\n                        <div class=\"col-12 col-lg-6 \">\n                            <!--HIER DIE SCHLEIFE MIT DEM CONTENT SPALTE 1-->\n                                                                                                                            \n\n\n\n\n\n\n\n\n\n\n\n\n\n\n\n\n\n\n\n\n\n\n\n\n\n\n\n\n\n\n                                            \n        \n        \n        \n    \n\n                    \n    \n                    \n            <div class=\"ce ce-text\n                                        \"\n             id=\"block_c43ffbeded04c6e7906fa057832a38c5\">\n                                        <div class=\"row\">\n                    <div class=\"cc-text__text col-12 col-md-12 col-xl-12  text-left\">\n                        <div class=\"ce-textblock\" data-animation=\"true\" data-animation-duration=\"300\">\n    <div class=\"ce-textblock__text\">\n                            <h2 class=\"\"> Na\u0161e hodnoty <\/h2>\n                \n    <\/div>\n<\/div>\n                    <\/div>\n                <\/div>\n                        <\/div>\n    \n                                                                    \n                        <\/div>\n                        <div class=\"col-12 col-lg-6 \">\n                            <!--HIER DIE SCHLEIFE MIT DEM CONTENT SPALTE 2-->\n                                                                                                                            \n\n\n\n\n\n\n\n\n\n\n\n\n\n\n\n\n\n\n\n\n\n\n\n\n\n\n\n\n\n\n                                            \n        \n        \n        \n    \n\n                    \n    \n                    \n            <div class=\"ce ce-text\n                                        \"\n             id=\"block_c43ffbeded04c6e7906fa057832a38c5\">\n                                        <div class=\"row\">\n                    <div class=\"cc-text__text col-12 col-md-12 col-xl-12  text-left\">\n                        <div class=\"ce-textblock\" data-animation=\"true\" data-animation-duration=\"300\">\n    <div class=\"ce-textblock__text\">\n                        <p>jsou zalo\u017eeny na t\u0159ech pil\u00ed\u0159\u00edch, kter\u00e9 se b\u011bhem v\u00fdvoje spole\u010dnosti uk\u00e1zaly jako z\u00e1sadn\u00ed a zaru\u010duj\u00ed \u00fasp\u011b\u0161nou budoucnost spole\u010dnosti. V regionu jsme vyrostli sv\u00e1z\u00e1ni s domovem, se zam\u011b\u0159en\u00edm na tradici a kvalitu, kter\u00e1 sv\u016fj mezin\u00e1rodn\u00ed \u00fasp\u011bch dokl\u00e1d\u00e1 inovativn\u00edmi \u00fasp\u011bchy ve v\u0161ech oblastech \u010dinnosti spole\u010dnosti.<\/p>\n\n    <\/div>\n<\/div>\n                    <\/div>\n                <\/div>\n                        <\/div>\n    \n                                                                                            <\/div>\n                    <\/div>\n                <\/div>\n            <\/div>\n                        \n\n\n\n\n\n\n\n\n\n\n\n\n\n\n\n\n\n\n\n\n\n\n\n\n\n\n\n\n\n\n\n\n\n    \n    \n    \n        \n    \n                                \n                            \n                                    \n        \n    \n                                                             \n            <div class=\"ce ce-textimagebgcolor\n         ce--mb-standard                                                     ce--no-bg\n        \"\n             id=\"block_fdac8ef83b7ff5d4859eaa7ac43ffe34\">\n                                    <div class=\"container-fluid\">\n                                <div class=\"row\">\n                    <div class=\"ce-textimagebgcolor__text col-12 col-md-12 col-lg-6 col-xl-5 text-left order-1 offset-xl-1 d-flex flex-column justify-content-center\">\n                        <div class=\"ce-textblock\" data-animation=\"true\" data-animation-duration=\"300\">\n    <div class=\"ce-textblock__text\">\n                            <h3 class=\"\"> Inovace <\/h3>\n                <p>Jako jedna z nejmodern\u011bj\u0161\u00edch spole\u010dnost\u00ed v oboru se zam\u011b\u0159ujeme na inovativn\u00ed \u0159e\u0161en\u00ed a umo\u017e\u0148ujeme na\u0161im zam\u011bstnankyn\u00edm a zam\u011bstnanc\u016fm utv\u00e1\u0159et jejich pracovn\u00ed prost\u0159ed\u00ed. Na\u0161i technici nap\u0159\u00edklad vyv\u00edjej\u00ed \u0161pi\u010dkov\u00e1 \u0159e\u0161en\u00ed a v\u017edy pracuj\u00ed s nejmodern\u011bj\u0161\u00edm vybaven\u00edm. St\u00e1l\u00e1 kvalita, flexibiln\u00ed slu\u017eby: nejmodern\u011bj\u0161\u00ed stroje, \u0161pi\u010dkov\u00e9 v\u00fdrobky na m\u00edru a vysoce motivovan\u00e9 kolegyn\u011b a kolegov\u00e9 \u2013 pr\u00e1ce na spln\u011bn\u00ed nejvy\u0161\u0161\u00edch po\u017eadavk\u016f. Inovace &amp; individualita znamenaj\u00ed pro spole\u010dnost Greisinger cestu k \u00fasp\u011bchu<\/p>\n\n    <\/div>\n<\/div>\n                    <\/div>\n                    <div class=\"ce-textimagebgcolor__image col-12 col-md-12 col-lg-5 order-0 order-md-0 d-flex justify-content-center justify-content-lg-start align-items-center\">\n                        <div class=\"ce-textimagebgcolor__bgleft\"><\/div>\n                        <figure class=\"mb-md-0\">\n                                                                                            <picture>\n                                                                            \n                                        \n                                                                                                                                                                \n                                        <source media=\"(min-width: 1200px)\" srcset=\"https:\/\/www.greisinger.com\/wp-content\/uploads\/2023\/05\/DSC0750-e1688119427818-800x800-c-default.jpg\">\n                                        <source media=\"(min-width: 992px)\" srcset=\"https:\/\/www.greisinger.com\/wp-content\/uploads\/2023\/05\/DSC0750-e1688119427818-992x992-c-default.jpg\">\n                                        <source media=\"(min-width: 768px)\" srcset=\"https:\/\/www.greisinger.com\/wp-content\/uploads\/2023\/05\/DSC0750-e1688119427818-992x992-c-default.jpg\">\n                                        <source media=\"(min-width: 576px)\" srcset=\"https:\/\/www.greisinger.com\/wp-content\/uploads\/2023\/05\/DSC0750-e1688119427818-576x576-c-default.jpg\">\n                                        <source media=\"(min-width: 320px)\" srcset=\"https:\/\/www.greisinger.com\/wp-content\/uploads\/2023\/05\/DSC0750-e1688119427818-576x576-c-default.jpg\">\n                                        <source srcset=\"https:\/\/www.greisinger.com\/wp-content\/uploads\/2023\/05\/DSC0750-e1688119427818-576x576-c-default.jpg\">\n                                        <img loading=\"lazy\" decoding=\"async\" src=\"https:\/\/www.greisinger.com\/wp-content\/uploads\/2023\/05\/DSC0750-e1688119427818.jpg\" alt=\"\"\n                                             title=\"DSC0750\"\n                                             width=\"5568\" height=\"3712\"\n                                             class=\"img-fluid w-100 h-100\">\n                                                                    <\/picture>\n                            \n                                                    <\/figure>\n                    <\/div>\n                <\/div>\n                            <\/div>\n                    <\/div>\n    \n        \n\n\n\n\n\n\n\n\n\n\n\n\n\n\n\n\n\n\n\n\n\n\n\n\n\n\n\n\n\n\n\n\n\n    \n    \n    \n        \n    \n                                \n                            \n                                    \n        \n    \n                                         \n            <div class=\"ce ce-textimagebgcolor\n         ce--mb-standard                                                     ce--no-bg\n        \"\n             id=\"block_3eada1958228b0042daf66ec2781afda\">\n                                    <div class=\"container-fluid\">\n                                <div class=\"row\">\n                    <div class=\"ce-textimagebgcolor__text col-12 col-md-12 col-lg-6 col-xl-5 text-left offset-xl-1 order-1 order-md-0 d-flex flex-column justify-content-center\">\n                        <div class=\"ce-textblock\" data-animation=\"true\" data-animation-duration=\"300\">\n    <div class=\"ce-textblock__text\">\n                            <h3 class=\"\"> Tradice <\/h3>\n                <p>D\u00edky na\u0161im cenn\u00fdm zam\u011bstnanc\u016fm jsme se z region\u00e1ln\u00edho dodavatele stali celosv\u011btov\u011b aktivn\u00ed spole\u010dnost\u00ed. Jako \u010dist\u011b rodinn\u00e1 firma, kter\u00e1 si v\u017edy uv\u011bdomuje nejvy\u0161\u0161\u00ed kvalitu, se ve spole\u010dnosti Greisinger \u00fasp\u011b\u0161n\u011b op\u00edr\u00e1me o 40 let zku\u0161enost\u00ed a know-how. V r\u00e1mci na\u0161\u00ed mezin\u00e1rodnosti se ve spole\u010dnosti Greisinger v\u011bdom\u011b vyd\u00e1v\u00e1me tak\u00e9 cestou region\u00e1lnosti a sv\u00e1zanosti s domovem v souladu s na\u0161\u00edm mottem: \u201eZ tradice. To Nejlep\u0161\u00ed.\u201c<\/p>\n\n    <\/div>\n<\/div>\n                    <\/div>\n                    <div class=\"ce-textimagebgcolor__image col-12 col-md-12 col-lg-5 offset-lg-1 order-0 order-md-1 col-xl-5 d-flex justify-content-center justify-content-lg-start align-items-center\">\n                        <div class=\"ce-textimagebgcolor__bgright\"><\/div>\n                        <figure class=\"mb-md-0\">\n                                                                                            <picture>\n                                                                            \n                                        \n                                                                                                                                                                \n                                        <source media=\"(min-width: 1200px)\" srcset=\"https:\/\/www.greisinger.com\/wp-content\/uploads\/2023\/05\/DSC0832-800x800-c-default.jpg\">\n                                        <source media=\"(min-width: 992px)\" srcset=\"https:\/\/www.greisinger.com\/wp-content\/uploads\/2023\/05\/DSC0832-992x992-c-default.jpg\">\n                                        <source media=\"(min-width: 768px)\" srcset=\"https:\/\/www.greisinger.com\/wp-content\/uploads\/2023\/05\/DSC0832-992x992-c-default.jpg\">\n                                        <source media=\"(min-width: 576px)\" srcset=\"https:\/\/www.greisinger.com\/wp-content\/uploads\/2023\/05\/DSC0832-576x576-c-default.jpg\">\n                                        <source media=\"(min-width: 320px)\" srcset=\"https:\/\/www.greisinger.com\/wp-content\/uploads\/2023\/05\/DSC0832-576x576-c-default.jpg\">\n                                        <source srcset=\"https:\/\/www.greisinger.com\/wp-content\/uploads\/2023\/05\/DSC0832-576x576-c-default.jpg\">\n                                        <img loading=\"lazy\" decoding=\"async\" src=\"https:\/\/www.greisinger.com\/wp-content\/uploads\/2023\/05\/DSC0832.jpg\" alt=\"\"\n                                             title=\"DSC0832\"\n                                             width=\"5568\" height=\"3712\"\n                                             class=\"img-fluid w-100 h-100\">\n                                                                    <\/picture>\n                            \n                                                    <\/figure>\n                    <\/div>\n                <\/div>\n                            <\/div>\n                    <\/div>\n    \n        \n\n\n\n\n\n\n\n\n\n\n\n\n\n\n\n\n\n\n\n\n\n\n\n\n\n\n\n\n\n\n\n\n\n    \n    \n    \n        \n    \n                                \n                            \n                                    \n        \n    \n                                                             \n            <div class=\"ce ce-textimagebgcolor\n         ce--mb-standard                                                     ce--no-bg\n        \"\n             id=\"block_6e7f3a7c849c8a22bb3d4f684c8c8b16\">\n                                    <div class=\"container-fluid\">\n                                <div class=\"row\">\n                    <div class=\"ce-textimagebgcolor__text col-12 col-md-12 col-lg-6 col-xl-5 text-left order-1 offset-xl-1 d-flex flex-column justify-content-center\">\n                        <div class=\"ce-textblock\" data-animation=\"true\" data-animation-duration=\"300\">\n    <div class=\"ce-textblock__text\">\n                            <h3 class=\"\"> Lid\u00e9 ve spole\u010dnosti Greisinger <\/h3>\n                <p>Zku\u0161enosti, t\u00fdmov\u00e1 pr\u00e1ce a neot\u0159el\u00e9 my\u0161len\u00ed tvo\u0159\u00ed n\u00e1\u0161 osobn\u00ed poklad \u2013 ve spojen\u00ed s velkou d\u00e1vkou srde\u010dnosti a m\u00fchlviertelsk\u00e9ho humoru. T\u00fdden co t\u00fdden jsou to na\u0161i zam\u011bstnanci, kte\u0159\u00ed p\u0159in\u00e1\u0161ej\u00ed na tal\u00ed\u0159e na\u0161ich z\u00e1kazn\u00edk\u016f po cel\u00e9m sv\u011bt\u011b kvalitn\u00ed rakousk\u00e9 masn\u00e9 a uzen\u00e1\u0159sk\u00e9 v\u00fdrobky pro slavnostn\u00ed p\u0159\u00edle\u017eitosti a sv\u00e1tky, ale p\u0159edev\u0161\u00edm v ka\u017edodenn\u00edm \u017eivot\u011b.<\/p>\n\n    <\/div>\n<\/div>\n                    <\/div>\n                    <div class=\"ce-textimagebgcolor__image col-12 col-md-12 col-lg-5 order-0 order-md-0 d-flex justify-content-center justify-content-lg-start align-items-center\">\n                        <div class=\"ce-textimagebgcolor__bgleft\"><\/div>\n                        <figure class=\"mb-md-0\">\n                                                                                            <picture>\n                                                                            \n                                        \n                                                                                                                                                                \n                                        <source media=\"(min-width: 1200px)\" srcset=\"https:\/\/www.greisinger.com\/wp-content\/uploads\/2023\/05\/DSC1828-e1688119507380-800x800-c-default.jpg\">\n                                        <source media=\"(min-width: 992px)\" srcset=\"https:\/\/www.greisinger.com\/wp-content\/uploads\/2023\/05\/DSC1828-e1688119507380-992x992-c-default.jpg\">\n                                        <source media=\"(min-width: 768px)\" srcset=\"https:\/\/www.greisinger.com\/wp-content\/uploads\/2023\/05\/DSC1828-e1688119507380-992x992-c-default.jpg\">\n                                        <source media=\"(min-width: 576px)\" srcset=\"https:\/\/www.greisinger.com\/wp-content\/uploads\/2023\/05\/DSC1828-e1688119507380-576x576-c-default.jpg\">\n                                        <source media=\"(min-width: 320px)\" srcset=\"https:\/\/www.greisinger.com\/wp-content\/uploads\/2023\/05\/DSC1828-e1688119507380-576x576-c-default.jpg\">\n                                        <source srcset=\"https:\/\/www.greisinger.com\/wp-content\/uploads\/2023\/05\/DSC1828-e1688119507380-576x576-c-default.jpg\">\n                                        <img loading=\"lazy\" decoding=\"async\" src=\"https:\/\/www.greisinger.com\/wp-content\/uploads\/2023\/05\/DSC1828-e1688119507380.jpg\" alt=\"B\u00fcro mit Mitarbeiter\"\n                                             title=\"DSC1828\"\n                                             width=\"5568\" height=\"3712\"\n                                             class=\"img-fluid w-100 h-100\">\n                                                                    <\/picture>\n                            \n                                                    <\/figure>\n                    <\/div>\n                <\/div>\n                            <\/div>\n                    <\/div>\n    \n        ","protected":false},"excerpt":{"rendered":"","protected":false},"author":26,"featured_media":0,"parent":19934,"menu_order":1,"comment_status":"closed","ping_status":"closed","template":"","meta":{"_acf_changed":false,"footnotes":""},"class_list":["post-19952","page","type-page","status-publish","hentry"],"acf":[],"yoast_head":"<!-- This site is optimized with the Yoast SEO plugin v27.2 - https:\/\/yoast.com\/product\/yoast-seo-wordpress\/ -->\n<title>Na\u0161e hodnoty - Greisinger GmbH - Fleisch-, Wurst- und Selchwaren<\/title>\n<meta name=\"robots\" content=\"index, follow, max-snippet:-1, max-image-preview:large, max-video-preview:-1\" \/>\n<link rel=\"canonical\" href=\"https:\/\/www.greisinger.com\/cs\/kariera\/nase-hodnoty\/\" \/>\n<meta property=\"og:locale\" content=\"en_US\" \/>\n<meta property=\"og:type\" content=\"article\" \/>\n<meta property=\"og:title\" content=\"Na\u0161e hodnoty - Greisinger GmbH - Fleisch-, Wurst- und Selchwaren\" \/>\n<meta property=\"og:url\" content=\"https:\/\/www.greisinger.com\/cs\/kariera\/nase-hodnoty\/\" \/>\n<meta property=\"og:site_name\" content=\"Greisinger GmbH - Fleisch-, Wurst- und Selchwaren\" \/>\n<meta property=\"article:modified_time\" content=\"2023-08-14T11:00:39+00:00\" \/>\n<meta name=\"twitter:card\" content=\"summary_large_image\" \/>\n<script type=\"application\/ld+json\" class=\"yoast-schema-graph\">{\"@context\":\"https:\/\/schema.org\",\"@graph\":[{\"@type\":\"WebPage\",\"@id\":\"https:\/\/www.greisinger.com\/cs\/kariera\/nase-hodnoty\/\",\"url\":\"https:\/\/www.greisinger.com\/cs\/kariera\/nase-hodnoty\/\",\"name\":\"Na\u0161e hodnoty - Greisinger GmbH - Fleisch-, Wurst- und Selchwaren\",\"isPartOf\":{\"@id\":\"https:\/\/www.greisinger.com\/cs\/#website\"},\"datePublished\":\"2023-06-28T11:05:39+00:00\",\"dateModified\":\"2023-08-14T11:00:39+00:00\",\"breadcrumb\":{\"@id\":\"https:\/\/www.greisinger.com\/cs\/kariera\/nase-hodnoty\/#breadcrumb\"},\"inLanguage\":\"cs\",\"potentialAction\":[{\"@type\":\"ReadAction\",\"target\":[\"https:\/\/www.greisinger.com\/cs\/kariera\/nase-hodnoty\/\"]}]},{\"@type\":\"BreadcrumbList\",\"@id\":\"https:\/\/www.greisinger.com\/cs\/kariera\/nase-hodnoty\/#breadcrumb\",\"itemListElement\":[{\"@type\":\"ListItem\",\"position\":1,\"name\":\"Startseite\",\"item\":\"https:\/\/www.greisinger.com\/cs\/\"},{\"@type\":\"ListItem\",\"position\":2,\"name\":\"O spole\u010dnosti Greisinger\",\"item\":\"https:\/\/www.greisinger.com\/cs\/kariera\/\"},{\"@type\":\"ListItem\",\"position\":3,\"name\":\"Na\u0161e hodnoty\"}]},{\"@type\":\"WebSite\",\"@id\":\"https:\/\/www.greisinger.com\/cs\/#website\",\"url\":\"https:\/\/www.greisinger.com\/cs\/\",\"name\":\"Greisinger GmbH - Fleisch-, Wurst- und Selchwaren\",\"description\":\"Greisinger, ein rein privat gef\u00fchrtes Top-Fleischverarbeitungsunternehmen aus \u00d6sterreich stellt Fleisch- und Wurst-, Salami- und Snack-Produkte h\u00f6chster Qualit\u00e4t her \u2013 f\u00fcr Kunden aus \u00fcber 40 L\u00e4ndern weltweit.\",\"publisher\":{\"@id\":\"https:\/\/www.greisinger.com\/cs\/#organization\"},\"potentialAction\":[{\"@type\":\"SearchAction\",\"target\":{\"@type\":\"EntryPoint\",\"urlTemplate\":\"https:\/\/www.greisinger.com\/cs\/?s={search_term_string}\"},\"query-input\":{\"@type\":\"PropertyValueSpecification\",\"valueRequired\":true,\"valueName\":\"search_term_string\"}}],\"inLanguage\":\"cs\"},{\"@type\":\"Organization\",\"@id\":\"https:\/\/www.greisinger.com\/cs\/#organization\",\"name\":\"Greisinger GmbH - Fleisch-, Wurst- und Selchwaren\",\"url\":\"https:\/\/www.greisinger.com\/cs\/\",\"logo\":{\"@type\":\"ImageObject\",\"inLanguage\":\"cs\",\"@id\":\"https:\/\/www.greisinger.com\/cs\/#\/schema\/logo\/image\/\",\"url\":\"https:\/\/www.greisinger.com\/wp-content\/uploads\/2022\/01\/logo_greisinger.png\",\"contentUrl\":\"https:\/\/www.greisinger.com\/wp-content\/uploads\/2022\/01\/logo_greisinger.png\",\"width\":200,\"height\":200,\"caption\":\"Greisinger GmbH - Fleisch-, Wurst- und Selchwaren\"},\"image\":{\"@id\":\"https:\/\/www.greisinger.com\/cs\/#\/schema\/logo\/image\/\"}}]}<\/script>\n<!-- \/ Yoast SEO plugin. -->","yoast_head_json":{"title":"Na\u0161e hodnoty - Greisinger GmbH - Fleisch-, Wurst- und Selchwaren","robots":{"index":"index","follow":"follow","max-snippet":"max-snippet:-1","max-image-preview":"max-image-preview:large","max-video-preview":"max-video-preview:-1"},"canonical":"https:\/\/www.greisinger.com\/cs\/kariera\/nase-hodnoty\/","og_locale":"en_US","og_type":"article","og_title":"Na\u0161e hodnoty - Greisinger GmbH - Fleisch-, Wurst- und Selchwaren","og_url":"https:\/\/www.greisinger.com\/cs\/kariera\/nase-hodnoty\/","og_site_name":"Greisinger GmbH - Fleisch-, Wurst- und Selchwaren","article_modified_time":"2023-08-14T11:00:39+00:00","twitter_card":"summary_large_image","schema":{"@context":"https:\/\/schema.org","@graph":[{"@type":"WebPage","@id":"https:\/\/www.greisinger.com\/cs\/kariera\/nase-hodnoty\/","url":"https:\/\/www.greisinger.com\/cs\/kariera\/nase-hodnoty\/","name":"Na\u0161e hodnoty - Greisinger GmbH - Fleisch-, Wurst- und Selchwaren","isPartOf":{"@id":"https:\/\/www.greisinger.com\/cs\/#website"},"datePublished":"2023-06-28T11:05:39+00:00","dateModified":"2023-08-14T11:00:39+00:00","breadcrumb":{"@id":"https:\/\/www.greisinger.com\/cs\/kariera\/nase-hodnoty\/#breadcrumb"},"inLanguage":"cs","potentialAction":[{"@type":"ReadAction","target":["https:\/\/www.greisinger.com\/cs\/kariera\/nase-hodnoty\/"]}]},{"@type":"BreadcrumbList","@id":"https:\/\/www.greisinger.com\/cs\/kariera\/nase-hodnoty\/#breadcrumb","itemListElement":[{"@type":"ListItem","position":1,"name":"Startseite","item":"https:\/\/www.greisinger.com\/cs\/"},{"@type":"ListItem","position":2,"name":"O spole\u010dnosti Greisinger","item":"https:\/\/www.greisinger.com\/cs\/kariera\/"},{"@type":"ListItem","position":3,"name":"Na\u0161e hodnoty"}]},{"@type":"WebSite","@id":"https:\/\/www.greisinger.com\/cs\/#website","url":"https:\/\/www.greisinger.com\/cs\/","name":"Greisinger GmbH - Fleisch-, Wurst- und Selchwaren","description":"Greisinger, ein rein privat gef\u00fchrtes Top-Fleischverarbeitungsunternehmen aus \u00d6sterreich stellt Fleisch- und Wurst-, Salami- und Snack-Produkte h\u00f6chster Qualit\u00e4t her \u2013 f\u00fcr Kunden aus \u00fcber 40 L\u00e4ndern weltweit.","publisher":{"@id":"https:\/\/www.greisinger.com\/cs\/#organization"},"potentialAction":[{"@type":"SearchAction","target":{"@type":"EntryPoint","urlTemplate":"https:\/\/www.greisinger.com\/cs\/?s={search_term_string}"},"query-input":{"@type":"PropertyValueSpecification","valueRequired":true,"valueName":"search_term_string"}}],"inLanguage":"cs"},{"@type":"Organization","@id":"https:\/\/www.greisinger.com\/cs\/#organization","name":"Greisinger GmbH - Fleisch-, Wurst- und Selchwaren","url":"https:\/\/www.greisinger.com\/cs\/","logo":{"@type":"ImageObject","inLanguage":"cs","@id":"https:\/\/www.greisinger.com\/cs\/#\/schema\/logo\/image\/","url":"https:\/\/www.greisinger.com\/wp-content\/uploads\/2022\/01\/logo_greisinger.png","contentUrl":"https:\/\/www.greisinger.com\/wp-content\/uploads\/2022\/01\/logo_greisinger.png","width":200,"height":200,"caption":"Greisinger GmbH - Fleisch-, Wurst- und Selchwaren"},"image":{"@id":"https:\/\/www.greisinger.com\/cs\/#\/schema\/logo\/image\/"}}]}},"_links":{"self":[{"href":"https:\/\/www.greisinger.com\/cs\/wp-json\/wp\/v2\/pages\/19952","targetHints":{"allow":["GET"]}}],"collection":[{"href":"https:\/\/www.greisinger.com\/cs\/wp-json\/wp\/v2\/pages"}],"about":[{"href":"https:\/\/www.greisinger.com\/cs\/wp-json\/wp\/v2\/types\/page"}],"author":[{"embeddable":true,"href":"https:\/\/www.greisinger.com\/cs\/wp-json\/wp\/v2\/users\/26"}],"replies":[{"embeddable":true,"href":"https:\/\/www.greisinger.com\/cs\/wp-json\/wp\/v2\/comments?post=19952"}],"version-history":[{"count":18,"href":"https:\/\/www.greisinger.com\/cs\/wp-json\/wp\/v2\/pages\/19952\/revisions"}],"predecessor-version":[{"id":21804,"href":"https:\/\/www.greisinger.com\/cs\/wp-json\/wp\/v2\/pages\/19952\/revisions\/21804"}],"up":[{"embeddable":true,"href":"https:\/\/www.greisinger.com\/cs\/wp-json\/wp\/v2\/pages\/19934"}],"wp:attachment":[{"href":"https:\/\/www.greisinger.com\/cs\/wp-json\/wp\/v2\/media?parent=19952"}],"curies":[{"name":"wp","href":"https:\/\/api.w.org\/{rel}","templated":true}]}}