{"id":19997,"date":"2023-06-28T15:32:53","date_gmt":"2023-06-28T13:32:53","guid":{"rendered":"https:\/\/www.greisinger.com\/?page_id=19997"},"modified":"2023-07-18T16:44:06","modified_gmt":"2023-07-18T14:44:06","slug":"der-weg-des-produkts","status":"publish","type":"page","link":"https:\/\/www.greisinger.com\/cs\/kariera\/der-weg-des-produkts\/","title":{"rendered":"V\u00ddVOJ PRODUKT\u016e"},"content":{"rendered":"\n\n\n\n\n\n\n\n\n\n\n\n\n\n\n\n\n\n\n\n\n\n\n\n\n\n\n\n\n\n\n\n    \n            <div class=\"ce ce-roadmap\n         ce--mb-standard                                             ce--no-bg\n        \"\n             id=\"block_d38c8d310ee894c07c6f9167cea15eec\">\n            \n            <div class=\"container-fluid\">\n\n                <div class=\"row\">\n                    <div class=\"col-12 text-left\">\n                        <div class=\"ce-textblock\" data-animation=\"true\" data-animation-duration=\"300\">\n    <div class=\"ce-textblock__text\">\n                        \n    <\/div>\n<\/div>\n                    <\/div>\n                <\/div>\n\n                <div class=\"ce-roadmap__grid\">\n                                            <div class=\"ce-roadmap__gridItem ce-roadmap__bgContainer\">\n                            <img decoding=\"async\" class=\"ce-roadmap__bg ce-roadmap__bg--desktop\"\n                                 src=\"https:\/\/www.greisinger.com\/wp-content\/themes\/rup\/images\/content\/image\/bg.png\"\n                                alt=\"Weg des Produktes\">\n                            <img decoding=\"async\" class=\"ce-roadmap__bg ce-roadmap__bg--mobile\"\n                                 src=\"https:\/\/www.greisinger.com\/wp-content\/themes\/rup\/images\/content\/image\/bg_2.png\"\n                                 alt=\"Weg des Produktes\">\n                        <\/div>\n                                                                                                                                                                <div class=\"ce-roadmap__item ce-roadmap__item--1 gs_reveal gs_reveal_fromRight\">\n                            <div class=\"ce-roadmap__content\">\n                                <div class=\"ce-roadmap__number\">\n                                    1\n                                <\/div>\n                                <div class=\"ce-roadmap__info\">\n                                    <div class=\"ce-roadmap__heading\">\n                                        V\u00ddVOJ PRODUKT\u016e\n                                    <\/div>\n                                    <div class=\"ce-roadmap__text\">\n                                        \u201eKdo se p\u0159estane zlep\u0161ovat, p\u0159estane b\u00fdt dobr\u00fd,\u201c \u0159\u00edk\u00e1 star\u00e9 p\u0159\u00edslov\u00ed, a proto neust\u00e1le pracujeme na nov\u00fdch produktech\n                                    <\/div>\n                                    <a href=\"https:\/\/www.greisinger.com\/cs\/step\/test-step-2\/\"\n                                       class=\"ce-roadmap__button btn btn--ghost btn--icon btn--icon--left\">Zjist\u011bte v\u00edce<\/a>\n                                <\/div>\n                            <\/div>\n                                                            <div class=\"ce-roadmap__image\">\n                                    <figure>\n                                        <picture>\n                                            <source media=\"(min-width: 1200px)\" srcset=\"https:\/\/www.greisinger.com\/wp-content\/uploads\/2023\/05\/stock-vector-vineyard-sketch-realistic-landscape-in-an-engraving-style-vector-ink-illustration-2078461660-1.svg\">\n                                            <source media=\"(min-width: 768px)\" srcset=\"https:\/\/www.greisinger.com\/wp-content\/uploads\/2023\/05\/stock-vector-vineyard-sketch-realistic-landscape-in-an-engraving-style-vector-ink-illustration-2078461660-1.svg\">\n                                            <source media=\"(min-width: 425px)\" srcset=\"https:\/\/www.greisinger.com\/wp-content\/uploads\/2023\/05\/stock-vector-vineyard-sketch-realistic-landscape-in-an-engraving-style-vector-ink-illustration-2078461660-1.svg\">\n                                            <source media=\"(min-width: 375px)\" srcset=\"https:\/\/www.greisinger.com\/wp-content\/uploads\/2023\/05\/stock-vector-vineyard-sketch-realistic-landscape-in-an-engraving-style-vector-ink-illustration-2078461660-1.svg\">\n                                            <img loading=\"lazy\" decoding=\"async\" src=\"https:\/\/www.greisinger.com\/wp-content\/uploads\/2023\/05\/stock-vector-vineyard-sketch-realistic-landscape-in-an-engraving-style-vector-ink-illustration-2078461660-1.svg\" alt=\"Der Weg des Produktes - Berge\"\n                                                 title=\"Stock Vector Vineyard Sketch Realistic Landscape In An Engraving Style Vector Ink Illustration 2078461660 1\" width=\"544\"\n                                                 height=\"370\">\n                                        <\/picture>\n                                    <\/figure>\n                                <\/div>\n                                                    <\/div>\n                                                                                                                                            <div class=\"ce-roadmap__item ce-roadmap__item--2 gs_reveal gs_reveal_fromLeft\">\n                            <div class=\"ce-roadmap__content\">\n                                <div class=\"ce-roadmap__number\">\n                                    2\n                                <\/div>\n                                <div class=\"ce-roadmap__info\">\n                                    <div class=\"ce-roadmap__heading\">\n                                        PRODEJ, MARKETING, N\u00c1KUP\n                                    <\/div>\n                                    <div class=\"ce-roadmap__text\">\n                                        N\u011bkolik specializovan\u00fdch t\u00fdm\u016f spolupracuje na tom, aby v\u00fdrobky opou\u0161t\u011bly na\u0161i tov\u00e1rnu tak, jak je vid\u00ed\u0161 na pultech supermarket\u016f\n                                    <\/div>\n                                    <a href=\"https:\/\/www.greisinger.com\/cs\/step\/test-step\/\"\n                                       class=\"ce-roadmap__button btn btn--ghost btn--icon btn--icon--left\">Zjist\u011bte v\u00edce<\/a>\n                                <\/div>\n                            <\/div>\n                                                            <div class=\"ce-roadmap__image\">\n                                    <figure>\n                                        <picture>\n                                            <source media=\"(min-width: 1200px)\" srcset=\"https:\/\/www.greisinger.com\/wp-content\/uploads\/2023\/05\/stock-vector-rural-landscape-hand-drawn-illustration-converted-to-vector-1154169721.svg\">\n                                            <source media=\"(min-width: 768px)\" srcset=\"https:\/\/www.greisinger.com\/wp-content\/uploads\/2023\/05\/stock-vector-rural-landscape-hand-drawn-illustration-converted-to-vector-1154169721.svg\">\n                                            <source media=\"(min-width: 425px)\" srcset=\"https:\/\/www.greisinger.com\/wp-content\/uploads\/2023\/05\/stock-vector-rural-landscape-hand-drawn-illustration-converted-to-vector-1154169721.svg\">\n                                            <source media=\"(min-width: 375px)\" srcset=\"https:\/\/www.greisinger.com\/wp-content\/uploads\/2023\/05\/stock-vector-rural-landscape-hand-drawn-illustration-converted-to-vector-1154169721.svg\">\n                                            <img loading=\"lazy\" decoding=\"async\" src=\"https:\/\/www.greisinger.com\/wp-content\/uploads\/2023\/05\/stock-vector-rural-landscape-hand-drawn-illustration-converted-to-vector-1154169721.svg\" alt=\"Der Weg des Produktes - H\u00fcgel\"\n                                                 title=\"Stock Vector Rural Landscape Hand Drawn Illustration Converted To Vector 1154169721\" width=\"501\"\n                                                 height=\"299\">\n                                        <\/picture>\n                                    <\/figure>\n                                <\/div>\n                                                    <\/div>\n                                                                                                                                            <div class=\"ce-roadmap__item ce-roadmap__item--3 gs_reveal gs_reveal_fromRight\">\n                            <div class=\"ce-roadmap__content\">\n                                <div class=\"ce-roadmap__number\">\n                                    3\n                                <\/div>\n                                <div class=\"ce-roadmap__info\">\n                                    <div class=\"ce-roadmap__heading\">\n                                        V\u00ddROBA, ZAJI\u0160\u0164OV\u00c1N\u00cd KVALITY\n                                    <\/div>\n                                    <div class=\"ce-roadmap__text\">\n                                        Stalet\u00e1 tradice a \u0159emesln\u00e1 zru\u010dnost se snoub\u00ed s nejmodern\u011bj\u0161\u00edmi technologiemi, a tak vznikaj\u00ed v\u00fdrobky, kter\u00e9 ti p\u0159in\u00e1\u0161ej\u00ed ka\u017edodenn\u00ed pot\u011b\u0161en\u00ed\n                                    <\/div>\n                                    <a href=\"https:\/\/www.greisinger.com\/cs\/step\/produktion-qualitaetssicherung\/\"\n                                       class=\"ce-roadmap__button btn btn--ghost btn--icon btn--icon--left\">Zjist\u011bte v\u00edce<\/a>\n                                <\/div>\n                            <\/div>\n                                                            <div class=\"ce-roadmap__image\">\n                                    <figure>\n                                        <picture>\n                                            <source media=\"(min-width: 1200px)\" srcset=\"https:\/\/www.greisinger.com\/wp-content\/uploads\/2023\/05\/Schwein-Kuh.svg\">\n                                            <source media=\"(min-width: 768px)\" srcset=\"https:\/\/www.greisinger.com\/wp-content\/uploads\/2023\/05\/Schwein-Kuh.svg\">\n                                            <source media=\"(min-width: 425px)\" srcset=\"https:\/\/www.greisinger.com\/wp-content\/uploads\/2023\/05\/Schwein-Kuh.svg\">\n                                            <source media=\"(min-width: 375px)\" srcset=\"https:\/\/www.greisinger.com\/wp-content\/uploads\/2023\/05\/Schwein-Kuh.svg\">\n                                            <img loading=\"lazy\" decoding=\"async\" src=\"https:\/\/www.greisinger.com\/wp-content\/uploads\/2023\/05\/Schwein-Kuh.svg\" alt=\"Schwein und Kuh\"\n                                                 title=\"Schwein Kuh\" width=\"469\"\n                                                 height=\"189\">\n                                        <\/picture>\n                                    <\/figure>\n                                <\/div>\n                                                    <\/div>\n                                                                                                                                            <div class=\"ce-roadmap__item ce-roadmap__item--4 gs_reveal gs_reveal_fromLeft\">\n                            <div class=\"ce-roadmap__content\">\n                                <div class=\"ce-roadmap__number\">\n                                    4\n                                <\/div>\n                                <div class=\"ce-roadmap__info\">\n                                    <div class=\"ce-roadmap__heading\">\n                                        BALEN\u00cd, LOGISTIKA\n                                    <\/div>\n                                    <div class=\"ce-roadmap__text\">\n                                        Abychom zajistili, \u017ee se k tob\u011b zbo\u017e\u00ed dostane skute\u010dn\u011b \u010derstv\u00e9, mus\u00edme vy\u0159e\u0161it n\u011bkolik \u00fakol\u016f\n                                    <\/div>\n                                    <a href=\"https:\/\/www.greisinger.com\/cs\/step\/verpackung-logistik\/\"\n                                       class=\"ce-roadmap__button btn btn--ghost btn--icon btn--icon--left\">Zjist\u011bte v\u00edce<\/a>\n                                <\/div>\n                            <\/div>\n                                                    <\/div>\n                                                                                                                                            <div class=\"ce-roadmap__item ce-roadmap__item--5 gs_reveal gs_reveal_fromRight\">\n                            <div class=\"ce-roadmap__content\">\n                                <div class=\"ce-roadmap__number\">\n                                    5\n                                <\/div>\n                                <div class=\"ce-roadmap__info\">\n                                    <div class=\"ce-roadmap__heading\">\n                                        DISTRIBU\u010cN\u00cd PARTNER\n                                    <\/div>\n                                    <div class=\"ce-roadmap__text\">\n                                        Na\u0161e v\u00fdrobky najdete t\u00e9m\u011b\u0159 na ka\u017ed\u00e9m rohu \u2013 ale m\u00e1lokdo to v\u00ed\n                                    <\/div>\n                                    <a href=\"https:\/\/www.greisinger.com\/cs\/step\/unsere-vertriebspartner\/\"\n                                       class=\"ce-roadmap__button btn btn--ghost btn--icon btn--icon--left\">Zjist\u011bte v\u00edce<\/a>\n                                <\/div>\n                            <\/div>\n                                                            <div class=\"ce-roadmap__image\">\n                                    <figure>\n                                        <picture>\n                                            <source media=\"(min-width: 1200px)\" srcset=\"https:\/\/www.greisinger.com\/wp-content\/uploads\/2023\/05\/stock-vector-vineyard-sketch-realistic-landscape-in-an-engraving-style-vector-ink-illustration-2078461660-2.svg\">\n                                            <source media=\"(min-width: 768px)\" srcset=\"https:\/\/www.greisinger.com\/wp-content\/uploads\/2023\/05\/stock-vector-vineyard-sketch-realistic-landscape-in-an-engraving-style-vector-ink-illustration-2078461660-2.svg\">\n                                            <source media=\"(min-width: 425px)\" srcset=\"https:\/\/www.greisinger.com\/wp-content\/uploads\/2023\/05\/stock-vector-vineyard-sketch-realistic-landscape-in-an-engraving-style-vector-ink-illustration-2078461660-2.svg\">\n                                            <source media=\"(min-width: 375px)\" srcset=\"https:\/\/www.greisinger.com\/wp-content\/uploads\/2023\/05\/stock-vector-vineyard-sketch-realistic-landscape-in-an-engraving-style-vector-ink-illustration-2078461660-2.svg\">\n                                            <img loading=\"lazy\" decoding=\"async\" src=\"https:\/\/www.greisinger.com\/wp-content\/uploads\/2023\/05\/stock-vector-vineyard-sketch-realistic-landscape-in-an-engraving-style-vector-ink-illustration-2078461660-2.svg\" alt=\"Der Weg des produktes\"\n                                                 title=\"Stock Vector Vineyard Sketch Realistic Landscape In An Engraving Style Vector Ink Illustration 2078461660 2\" width=\"515\"\n                                                 height=\"350\">\n                                        <\/picture>\n                                    <\/figure>\n                                <\/div>\n                                                    <\/div>\n                                                                                                                                            <div class=\"ce-roadmap__item ce-roadmap__item--6 gs_reveal gs_reveal_fromLeft\">\n                            <div class=\"ce-roadmap__content\">\n                                <div class=\"ce-roadmap__number\">\n                                    6\n                                <\/div>\n                                <div class=\"ce-roadmap__info\">\n                                    <div class=\"ce-roadmap__heading\">\n                                        DOMA NA TAL\u00cd\u0158I\n                                    <\/div>\n                                    <div class=\"ce-roadmap__text\">\n                                        Nyn\u00ed v\u00ed\u0161, jak dlouhou cestu mus\u00ed v\u00fdrobek urazit, ne\u017e se dostane k tob\u011b na tal\u00ed\u0159. Vychutnej si ho a vychutnej si ka\u017ed\u00e9 sousto.\n                                    <\/div>\n                                    <a href=\"https:\/\/www.greisinger.com\/cs\/step\/zu-hause-am-teller\/\"\n                                       class=\"ce-roadmap__button btn btn--ghost btn--icon btn--icon--left\">Zjist\u011bte v\u00edce<\/a>\n                                <\/div>\n                            <\/div>\n                                                            <div class=\"ce-roadmap__image\">\n                                    <figure>\n                                        <picture>\n                                            <source media=\"(min-width: 1200px)\" srcset=\"https:\/\/www.greisinger.com\/wp-content\/uploads\/2023\/05\/stock-vector-isolated-detail-vintage-hand-drawn-food-sketch-illustration-barbecue-steak-648708448.svg\">\n                                            <source media=\"(min-width: 768px)\" srcset=\"https:\/\/www.greisinger.com\/wp-content\/uploads\/2023\/05\/stock-vector-isolated-detail-vintage-hand-drawn-food-sketch-illustration-barbecue-steak-648708448.svg\">\n                                            <source media=\"(min-width: 425px)\" srcset=\"https:\/\/www.greisinger.com\/wp-content\/uploads\/2023\/05\/stock-vector-isolated-detail-vintage-hand-drawn-food-sketch-illustration-barbecue-steak-648708448.svg\">\n                                            <source media=\"(min-width: 375px)\" srcset=\"https:\/\/www.greisinger.com\/wp-content\/uploads\/2023\/05\/stock-vector-isolated-detail-vintage-hand-drawn-food-sketch-illustration-barbecue-steak-648708448.svg\">\n                                            <img loading=\"lazy\" decoding=\"async\" src=\"https:\/\/www.greisinger.com\/wp-content\/uploads\/2023\/05\/stock-vector-isolated-detail-vintage-hand-drawn-food-sketch-illustration-barbecue-steak-648708448.svg\" alt=\"Der Weg des Produktes - Essen\"\n                                                 title=\"Stock Vector Isolated Detail Vintage Hand Drawn Food Sketch Illustration Barbecue Steak 648708448\" width=\"311\"\n                                                 height=\"250\">\n                                        <\/picture>\n                                    <\/figure>\n                                <\/div>\n                                                    <\/div>\n                                    <\/div>\n\n            <\/div>\n        <\/div>\n    \n    ","protected":false},"excerpt":{"rendered":"","protected":false},"author":26,"featured_media":0,"parent":19934,"menu_order":9,"comment_status":"closed","ping_status":"closed","template":"","meta":{"_acf_changed":false,"footnotes":""},"class_list":["post-19997","page","type-page","status-publish","hentry"],"acf":[],"yoast_head":"<!-- This site is optimized with the Yoast SEO plugin v27.2 - https:\/\/yoast.com\/product\/yoast-seo-wordpress\/ -->\n<title>V\u00ddVOJ PRODUKT\u016e - Greisinger GmbH - Fleisch-, Wurst- und Selchwaren<\/title>\n<meta name=\"robots\" content=\"index, follow, max-snippet:-1, max-image-preview:large, max-video-preview:-1\" \/>\n<link rel=\"canonical\" href=\"https:\/\/www.greisinger.com\/cs\/kariera\/der-weg-des-produkts\/\" \/>\n<meta property=\"og:locale\" content=\"en_US\" \/>\n<meta property=\"og:type\" content=\"article\" \/>\n<meta property=\"og:title\" content=\"V\u00ddVOJ PRODUKT\u016e - Greisinger GmbH - Fleisch-, Wurst- und Selchwaren\" \/>\n<meta property=\"og:url\" content=\"https:\/\/www.greisinger.com\/cs\/kariera\/der-weg-des-produkts\/\" \/>\n<meta property=\"og:site_name\" content=\"Greisinger GmbH - Fleisch-, Wurst- und Selchwaren\" \/>\n<meta property=\"article:modified_time\" content=\"2023-07-18T14:44:06+00:00\" \/>\n<meta name=\"twitter:card\" content=\"summary_large_image\" \/>\n<script type=\"application\/ld+json\" class=\"yoast-schema-graph\">{\"@context\":\"https:\/\/schema.org\",\"@graph\":[{\"@type\":\"WebPage\",\"@id\":\"https:\/\/www.greisinger.com\/cs\/kariera\/der-weg-des-produkts\/\",\"url\":\"https:\/\/www.greisinger.com\/cs\/kariera\/der-weg-des-produkts\/\",\"name\":\"V\u00ddVOJ PRODUKT\u016e - Greisinger GmbH - Fleisch-, Wurst- und Selchwaren\",\"isPartOf\":{\"@id\":\"https:\/\/www.greisinger.com\/cs\/#website\"},\"datePublished\":\"2023-06-28T13:32:53+00:00\",\"dateModified\":\"2023-07-18T14:44:06+00:00\",\"breadcrumb\":{\"@id\":\"https:\/\/www.greisinger.com\/cs\/kariera\/der-weg-des-produkts\/#breadcrumb\"},\"inLanguage\":\"cs\",\"potentialAction\":[{\"@type\":\"ReadAction\",\"target\":[\"https:\/\/www.greisinger.com\/cs\/kariera\/der-weg-des-produkts\/\"]}]},{\"@type\":\"BreadcrumbList\",\"@id\":\"https:\/\/www.greisinger.com\/cs\/kariera\/der-weg-des-produkts\/#breadcrumb\",\"itemListElement\":[{\"@type\":\"ListItem\",\"position\":1,\"name\":\"Startseite\",\"item\":\"https:\/\/www.greisinger.com\/cs\/\"},{\"@type\":\"ListItem\",\"position\":2,\"name\":\"O spole\u010dnosti Greisinger\",\"item\":\"https:\/\/www.greisinger.com\/cs\/kariera\/\"},{\"@type\":\"ListItem\",\"position\":3,\"name\":\"V\u00ddVOJ PRODUKT\u016e\"}]},{\"@type\":\"WebSite\",\"@id\":\"https:\/\/www.greisinger.com\/cs\/#website\",\"url\":\"https:\/\/www.greisinger.com\/cs\/\",\"name\":\"Greisinger GmbH - Fleisch-, Wurst- und Selchwaren\",\"description\":\"Greisinger, ein rein privat gef\u00fchrtes Top-Fleischverarbeitungsunternehmen aus \u00d6sterreich stellt Fleisch- und Wurst-, Salami- und Snack-Produkte h\u00f6chster Qualit\u00e4t her \u2013 f\u00fcr Kunden aus \u00fcber 40 L\u00e4ndern weltweit.\",\"publisher\":{\"@id\":\"https:\/\/www.greisinger.com\/cs\/#organization\"},\"potentialAction\":[{\"@type\":\"SearchAction\",\"target\":{\"@type\":\"EntryPoint\",\"urlTemplate\":\"https:\/\/www.greisinger.com\/cs\/?s={search_term_string}\"},\"query-input\":{\"@type\":\"PropertyValueSpecification\",\"valueRequired\":true,\"valueName\":\"search_term_string\"}}],\"inLanguage\":\"cs\"},{\"@type\":\"Organization\",\"@id\":\"https:\/\/www.greisinger.com\/cs\/#organization\",\"name\":\"Greisinger GmbH - Fleisch-, Wurst- und Selchwaren\",\"url\":\"https:\/\/www.greisinger.com\/cs\/\",\"logo\":{\"@type\":\"ImageObject\",\"inLanguage\":\"cs\",\"@id\":\"https:\/\/www.greisinger.com\/cs\/#\/schema\/logo\/image\/\",\"url\":\"https:\/\/www.greisinger.com\/wp-content\/uploads\/2022\/01\/logo_greisinger.png\",\"contentUrl\":\"https:\/\/www.greisinger.com\/wp-content\/uploads\/2022\/01\/logo_greisinger.png\",\"width\":200,\"height\":200,\"caption\":\"Greisinger GmbH - Fleisch-, Wurst- und Selchwaren\"},\"image\":{\"@id\":\"https:\/\/www.greisinger.com\/cs\/#\/schema\/logo\/image\/\"}}]}<\/script>\n<!-- \/ Yoast SEO plugin. -->","yoast_head_json":{"title":"V\u00ddVOJ PRODUKT\u016e - Greisinger GmbH - Fleisch-, Wurst- und Selchwaren","robots":{"index":"index","follow":"follow","max-snippet":"max-snippet:-1","max-image-preview":"max-image-preview:large","max-video-preview":"max-video-preview:-1"},"canonical":"https:\/\/www.greisinger.com\/cs\/kariera\/der-weg-des-produkts\/","og_locale":"en_US","og_type":"article","og_title":"V\u00ddVOJ PRODUKT\u016e - Greisinger GmbH - Fleisch-, Wurst- und Selchwaren","og_url":"https:\/\/www.greisinger.com\/cs\/kariera\/der-weg-des-produkts\/","og_site_name":"Greisinger GmbH - Fleisch-, Wurst- und Selchwaren","article_modified_time":"2023-07-18T14:44:06+00:00","twitter_card":"summary_large_image","schema":{"@context":"https:\/\/schema.org","@graph":[{"@type":"WebPage","@id":"https:\/\/www.greisinger.com\/cs\/kariera\/der-weg-des-produkts\/","url":"https:\/\/www.greisinger.com\/cs\/kariera\/der-weg-des-produkts\/","name":"V\u00ddVOJ PRODUKT\u016e - Greisinger GmbH - Fleisch-, Wurst- und Selchwaren","isPartOf":{"@id":"https:\/\/www.greisinger.com\/cs\/#website"},"datePublished":"2023-06-28T13:32:53+00:00","dateModified":"2023-07-18T14:44:06+00:00","breadcrumb":{"@id":"https:\/\/www.greisinger.com\/cs\/kariera\/der-weg-des-produkts\/#breadcrumb"},"inLanguage":"cs","potentialAction":[{"@type":"ReadAction","target":["https:\/\/www.greisinger.com\/cs\/kariera\/der-weg-des-produkts\/"]}]},{"@type":"BreadcrumbList","@id":"https:\/\/www.greisinger.com\/cs\/kariera\/der-weg-des-produkts\/#breadcrumb","itemListElement":[{"@type":"ListItem","position":1,"name":"Startseite","item":"https:\/\/www.greisinger.com\/cs\/"},{"@type":"ListItem","position":2,"name":"O spole\u010dnosti Greisinger","item":"https:\/\/www.greisinger.com\/cs\/kariera\/"},{"@type":"ListItem","position":3,"name":"V\u00ddVOJ PRODUKT\u016e"}]},{"@type":"WebSite","@id":"https:\/\/www.greisinger.com\/cs\/#website","url":"https:\/\/www.greisinger.com\/cs\/","name":"Greisinger GmbH - Fleisch-, Wurst- und Selchwaren","description":"Greisinger, ein rein privat gef\u00fchrtes Top-Fleischverarbeitungsunternehmen aus \u00d6sterreich stellt Fleisch- und Wurst-, Salami- und Snack-Produkte h\u00f6chster Qualit\u00e4t her \u2013 f\u00fcr Kunden aus \u00fcber 40 L\u00e4ndern weltweit.","publisher":{"@id":"https:\/\/www.greisinger.com\/cs\/#organization"},"potentialAction":[{"@type":"SearchAction","target":{"@type":"EntryPoint","urlTemplate":"https:\/\/www.greisinger.com\/cs\/?s={search_term_string}"},"query-input":{"@type":"PropertyValueSpecification","valueRequired":true,"valueName":"search_term_string"}}],"inLanguage":"cs"},{"@type":"Organization","@id":"https:\/\/www.greisinger.com\/cs\/#organization","name":"Greisinger GmbH - Fleisch-, Wurst- und Selchwaren","url":"https:\/\/www.greisinger.com\/cs\/","logo":{"@type":"ImageObject","inLanguage":"cs","@id":"https:\/\/www.greisinger.com\/cs\/#\/schema\/logo\/image\/","url":"https:\/\/www.greisinger.com\/wp-content\/uploads\/2022\/01\/logo_greisinger.png","contentUrl":"https:\/\/www.greisinger.com\/wp-content\/uploads\/2022\/01\/logo_greisinger.png","width":200,"height":200,"caption":"Greisinger GmbH - Fleisch-, Wurst- und Selchwaren"},"image":{"@id":"https:\/\/www.greisinger.com\/cs\/#\/schema\/logo\/image\/"}}]}},"_links":{"self":[{"href":"https:\/\/www.greisinger.com\/cs\/wp-json\/wp\/v2\/pages\/19997","targetHints":{"allow":["GET"]}}],"collection":[{"href":"https:\/\/www.greisinger.com\/cs\/wp-json\/wp\/v2\/pages"}],"about":[{"href":"https:\/\/www.greisinger.com\/cs\/wp-json\/wp\/v2\/types\/page"}],"author":[{"embeddable":true,"href":"https:\/\/www.greisinger.com\/cs\/wp-json\/wp\/v2\/users\/26"}],"replies":[{"embeddable":true,"href":"https:\/\/www.greisinger.com\/cs\/wp-json\/wp\/v2\/comments?post=19997"}],"version-history":[{"count":10,"href":"https:\/\/www.greisinger.com\/cs\/wp-json\/wp\/v2\/pages\/19997\/revisions"}],"predecessor-version":[{"id":21025,"href":"https:\/\/www.greisinger.com\/cs\/wp-json\/wp\/v2\/pages\/19997\/revisions\/21025"}],"up":[{"embeddable":true,"href":"https:\/\/www.greisinger.com\/cs\/wp-json\/wp\/v2\/pages\/19934"}],"wp:attachment":[{"href":"https:\/\/www.greisinger.com\/cs\/wp-json\/wp\/v2\/media?parent=19997"}],"curies":[{"name":"wp","href":"https:\/\/api.w.org\/{rel}","templated":true}]}}