{"id":20050,"date":"2023-06-28T17:09:47","date_gmt":"2023-06-28T15:09:47","guid":{"rendered":"https:\/\/www.greisinger.com\/?page_id=20050"},"modified":"2025-06-10T15:15:42","modified_gmt":"2025-06-10T13:15:42","slug":"vsechny-prispevky","status":"publish","type":"page","link":"https:\/\/www.greisinger.com\/cs\/kariera\/vsechny-prispevky\/","title":{"rendered":"V\u0161echny p\u0159\u00edsp\u011bvky"},"content":{"rendered":"\n\n\n\n\n\n\n\n\n\n\n\n\n\n\n\n\n\n\n\n\n\n\n\n\n\n\n\n\n\n\n\n    \n            <div class=\"ce ce-jobslist\n             ce--mb-standard                                                                 ce--no-bg\n            \"\n             id=\"block_9d785234a42374fd3a2fde954a3424ba\">\n            \n            <div class=\"container-fluid\">\n                                    <div class=\"row\">\n                        <div class=\"col-12 col-xl-8 mx-xl-auto ce-jobslist__searchbarcontainer\" role=\"search\"\n                             aria-label=\"Suche\">\n                            <form class=\"d-flex flex-column flex-md-row justify-content-between align-items-md-center\">\n                                <input name=\"search\" type=\"text\" placeholder=\"Suchbegriff\"\n                                       class=\"form-control col-12 col-md-6 ce-jobslist__input js-jobslistsearchbar-input\"\n                                       data-search=\"\">\n                                <button type=\"button\"\n                                        class=\"btn btn- ce-jobslist__searchbarbtn btn btn--primary btn--icon btn--icon--right js-joblistsearchbar-submit\">\n                                    stelle finden\n                                <\/button>\n                            <\/form>\n                        <\/div>\n                    <\/div>\n                    <div class=\"col-12 col-xl-8 mx-xl-auto ce-jobslist__pillbtncontainer js-joblist\">\n                        <button type=\"button\"\n                                class=\"btn btn-secondary ce-jobslist__pillbtn ce-jobslist__pillbtn--selected\"\n                                data-filter=\"all\">Alle Bereiche\n\n                        <\/button>\n                                                                            <button type=\"button\" class=\n                            \"btn btn-secondary ce-jobslist__pillbtn\" data-filter=\"kaufmaennischer-bereich\">Kaufm\u00e4nnischer Bereich\n                            <\/button>\n                                                    <button type=\"button\" class=\n                            \"btn btn-secondary ce-jobslist__pillbtn\" data-filter=\"produktion\">Produktion &amp; Verpackung\n                            <\/button>\n                                                    <button type=\"button\" class=\n                            \"btn btn-secondary ce-jobslist__pillbtn\" data-filter=\"vyroba\">V\u00fdroba\n                            <\/button>\n                                            <\/div>\n                                                                                                                                <div class=\"col-12 col-xl-8 mx-xl-auto ce-jobslist__itemcontainer all\"\n                                 data-category=\"vyroba\"\n                                 data-id=\"157663\" data-filter-item=\"\">\n                                <div class=\"ce-jobslist__item h-100\">\n                                    <a class=\"ce-jobslist__link\" href=\"https:\/\/www.greisinger.com\/cs\/job\/pomocny-pracovnik-pre-vyrobu\/\">\n                                        <div class=\"ce-jobslist__container d-flex justify-content-between align-items-center\">\n                                            <div class=\"ce-jobslist__details\">\n                                                <div class=\"ce-textblock\" data-animation=\"false\"\n                                                     data-animation-duration=\"300\">\n                                                    <div class=\"ce-textblock__text\">\n                                                        <p class=\"ce-jobslist__role mb-0 u-bold text-uppercase\">\n                                                            POMOCN\u00dd PRACOVN\u00cdK PRE V\u00ddROBU\n                                                        <\/p>\n                                                        <p class=\"ce-jobslist__description mb-0 u-small\">\n                                                            M\u00fcnzbach\n                                                            , na pln\u00fd \u00fav\u00e4zok v dennej zmene alebo v 2-zmennej prev\u00e1dzke\n                                                        <\/p>\n                                                    <\/div>\n                                                <\/div>\n                                            <\/div>\n                                            <figure class=\"\">\n                                                <picture><img decoding=\"async\" src=\"https:\/\/www.greisinger.com\/wp-content\/themes\/rup\/svg\/theme\/angle_right.svg\"\n                                                              width=\"XXX\" height=\"XXX\" class=\"ce-jobslist__icon svg\"\n                                                              loading=\"lazy\">\n                                                <\/picture>\n                                            <\/figure>\n                                        <\/div>\n                                    <\/a>\n                                <\/div>\n                            <\/div>\n                                                                                                                        <div class=\"col-12 col-xl-8 mx-xl-auto ce-jobslist__itemcontainer all\"\n                                 data-category=\"vyroba\"\n                                 data-id=\"157699\" data-filter-item=\"\">\n                                <div class=\"ce-jobslist__item h-100\">\n                                    <a class=\"ce-jobslist__link\" href=\"https:\/\/www.greisinger.com\/cs\/job\/reznikce\/\">\n                                        <div class=\"ce-jobslist__container d-flex justify-content-between align-items-center\">\n                                            <div class=\"ce-jobslist__details\">\n                                                <div class=\"ce-textblock\" data-animation=\"false\"\n                                                     data-animation-duration=\"300\">\n                                                    <div class=\"ce-textblock__text\">\n                                                        <p class=\"ce-jobslist__role mb-0 u-bold text-uppercase\">\n                                                            \u0158EZN\u00cdK:CE\n                                                        <\/p>\n                                                        <p class=\"ce-jobslist__description mb-0 u-small\">\n                                                            M\u00fcnzbach\n                                                            , \n                                                        <\/p>\n                                                    <\/div>\n                                                <\/div>\n                                            <\/div>\n                                            <figure class=\"\">\n                                                <picture><img decoding=\"async\" src=\"https:\/\/www.greisinger.com\/wp-content\/themes\/rup\/svg\/theme\/angle_right.svg\"\n                                                              width=\"XXX\" height=\"XXX\" class=\"ce-jobslist__icon svg\"\n                                                              loading=\"lazy\">\n                                                <\/picture>\n                                            <\/figure>\n                                        <\/div>\n                                    <\/a>\n                                <\/div>\n                            <\/div>\n                                            \n                \n            <\/div>\n        <\/div>\n    \n    ","protected":false},"excerpt":{"rendered":"","protected":false},"author":26,"featured_media":0,"parent":19934,"menu_order":6,"comment_status":"closed","ping_status":"closed","template":"","meta":{"_acf_changed":false,"footnotes":""},"class_list":["post-20050","page","type-page","status-publish","hentry"],"acf":[],"yoast_head":"<!-- This site is optimized with the Yoast SEO plugin v27.2 - https:\/\/yoast.com\/product\/yoast-seo-wordpress\/ -->\n<title>V\u0161echny p\u0159\u00edsp\u011bvky - Greisinger GmbH - Fleisch-, Wurst- und Selchwaren<\/title>\n<meta name=\"robots\" content=\"index, follow, max-snippet:-1, max-image-preview:large, max-video-preview:-1\" \/>\n<link rel=\"canonical\" href=\"https:\/\/www.greisinger.com\/cs\/kariera\/vsechny-prispevky\/\" \/>\n<meta property=\"og:locale\" content=\"en_US\" \/>\n<meta property=\"og:type\" content=\"article\" \/>\n<meta property=\"og:title\" content=\"V\u0161echny p\u0159\u00edsp\u011bvky - Greisinger GmbH - Fleisch-, Wurst- und Selchwaren\" \/>\n<meta property=\"og:url\" content=\"https:\/\/www.greisinger.com\/cs\/kariera\/vsechny-prispevky\/\" \/>\n<meta property=\"og:site_name\" content=\"Greisinger GmbH - Fleisch-, Wurst- und Selchwaren\" \/>\n<meta property=\"article:modified_time\" content=\"2025-06-10T13:15:42+00:00\" \/>\n<meta name=\"twitter:card\" content=\"summary_large_image\" \/>\n<script type=\"application\/ld+json\" class=\"yoast-schema-graph\">{\"@context\":\"https:\/\/schema.org\",\"@graph\":[{\"@type\":\"WebPage\",\"@id\":\"https:\/\/www.greisinger.com\/cs\/kariera\/vsechny-prispevky\/\",\"url\":\"https:\/\/www.greisinger.com\/cs\/kariera\/vsechny-prispevky\/\",\"name\":\"V\u0161echny p\u0159\u00edsp\u011bvky - Greisinger GmbH - Fleisch-, Wurst- und Selchwaren\",\"isPartOf\":{\"@id\":\"https:\/\/www.greisinger.com\/cs\/#website\"},\"datePublished\":\"2023-06-28T15:09:47+00:00\",\"dateModified\":\"2025-06-10T13:15:42+00:00\",\"breadcrumb\":{\"@id\":\"https:\/\/www.greisinger.com\/cs\/kariera\/vsechny-prispevky\/#breadcrumb\"},\"inLanguage\":\"cs\",\"potentialAction\":[{\"@type\":\"ReadAction\",\"target\":[\"https:\/\/www.greisinger.com\/cs\/kariera\/vsechny-prispevky\/\"]}]},{\"@type\":\"BreadcrumbList\",\"@id\":\"https:\/\/www.greisinger.com\/cs\/kariera\/vsechny-prispevky\/#breadcrumb\",\"itemListElement\":[{\"@type\":\"ListItem\",\"position\":1,\"name\":\"Startseite\",\"item\":\"https:\/\/www.greisinger.com\/cs\/\"},{\"@type\":\"ListItem\",\"position\":2,\"name\":\"O spole\u010dnosti Greisinger\",\"item\":\"https:\/\/www.greisinger.com\/cs\/kariera\/\"},{\"@type\":\"ListItem\",\"position\":3,\"name\":\"V\u0161echny p\u0159\u00edsp\u011bvky\"}]},{\"@type\":\"WebSite\",\"@id\":\"https:\/\/www.greisinger.com\/cs\/#website\",\"url\":\"https:\/\/www.greisinger.com\/cs\/\",\"name\":\"Greisinger GmbH - Fleisch-, Wurst- und Selchwaren\",\"description\":\"Greisinger, ein rein privat gef\u00fchrtes Top-Fleischverarbeitungsunternehmen aus \u00d6sterreich stellt Fleisch- und Wurst-, Salami- und Snack-Produkte h\u00f6chster Qualit\u00e4t her \u2013 f\u00fcr Kunden aus \u00fcber 40 L\u00e4ndern weltweit.\",\"publisher\":{\"@id\":\"https:\/\/www.greisinger.com\/cs\/#organization\"},\"potentialAction\":[{\"@type\":\"SearchAction\",\"target\":{\"@type\":\"EntryPoint\",\"urlTemplate\":\"https:\/\/www.greisinger.com\/cs\/?s={search_term_string}\"},\"query-input\":{\"@type\":\"PropertyValueSpecification\",\"valueRequired\":true,\"valueName\":\"search_term_string\"}}],\"inLanguage\":\"cs\"},{\"@type\":\"Organization\",\"@id\":\"https:\/\/www.greisinger.com\/cs\/#organization\",\"name\":\"Greisinger GmbH - Fleisch-, Wurst- und Selchwaren\",\"url\":\"https:\/\/www.greisinger.com\/cs\/\",\"logo\":{\"@type\":\"ImageObject\",\"inLanguage\":\"cs\",\"@id\":\"https:\/\/www.greisinger.com\/cs\/#\/schema\/logo\/image\/\",\"url\":\"https:\/\/www.greisinger.com\/wp-content\/uploads\/2022\/01\/logo_greisinger.png\",\"contentUrl\":\"https:\/\/www.greisinger.com\/wp-content\/uploads\/2022\/01\/logo_greisinger.png\",\"width\":200,\"height\":200,\"caption\":\"Greisinger GmbH - Fleisch-, Wurst- und Selchwaren\"},\"image\":{\"@id\":\"https:\/\/www.greisinger.com\/cs\/#\/schema\/logo\/image\/\"}}]}<\/script>\n<!-- \/ Yoast SEO plugin. -->","yoast_head_json":{"title":"V\u0161echny p\u0159\u00edsp\u011bvky - Greisinger GmbH - Fleisch-, Wurst- und Selchwaren","robots":{"index":"index","follow":"follow","max-snippet":"max-snippet:-1","max-image-preview":"max-image-preview:large","max-video-preview":"max-video-preview:-1"},"canonical":"https:\/\/www.greisinger.com\/cs\/kariera\/vsechny-prispevky\/","og_locale":"en_US","og_type":"article","og_title":"V\u0161echny p\u0159\u00edsp\u011bvky - Greisinger GmbH - Fleisch-, Wurst- und Selchwaren","og_url":"https:\/\/www.greisinger.com\/cs\/kariera\/vsechny-prispevky\/","og_site_name":"Greisinger GmbH - Fleisch-, Wurst- und Selchwaren","article_modified_time":"2025-06-10T13:15:42+00:00","twitter_card":"summary_large_image","schema":{"@context":"https:\/\/schema.org","@graph":[{"@type":"WebPage","@id":"https:\/\/www.greisinger.com\/cs\/kariera\/vsechny-prispevky\/","url":"https:\/\/www.greisinger.com\/cs\/kariera\/vsechny-prispevky\/","name":"V\u0161echny p\u0159\u00edsp\u011bvky - Greisinger GmbH - Fleisch-, Wurst- und Selchwaren","isPartOf":{"@id":"https:\/\/www.greisinger.com\/cs\/#website"},"datePublished":"2023-06-28T15:09:47+00:00","dateModified":"2025-06-10T13:15:42+00:00","breadcrumb":{"@id":"https:\/\/www.greisinger.com\/cs\/kariera\/vsechny-prispevky\/#breadcrumb"},"inLanguage":"cs","potentialAction":[{"@type":"ReadAction","target":["https:\/\/www.greisinger.com\/cs\/kariera\/vsechny-prispevky\/"]}]},{"@type":"BreadcrumbList","@id":"https:\/\/www.greisinger.com\/cs\/kariera\/vsechny-prispevky\/#breadcrumb","itemListElement":[{"@type":"ListItem","position":1,"name":"Startseite","item":"https:\/\/www.greisinger.com\/cs\/"},{"@type":"ListItem","position":2,"name":"O spole\u010dnosti Greisinger","item":"https:\/\/www.greisinger.com\/cs\/kariera\/"},{"@type":"ListItem","position":3,"name":"V\u0161echny p\u0159\u00edsp\u011bvky"}]},{"@type":"WebSite","@id":"https:\/\/www.greisinger.com\/cs\/#website","url":"https:\/\/www.greisinger.com\/cs\/","name":"Greisinger GmbH - Fleisch-, Wurst- und Selchwaren","description":"Greisinger, ein rein privat gef\u00fchrtes Top-Fleischverarbeitungsunternehmen aus \u00d6sterreich stellt Fleisch- und Wurst-, Salami- und Snack-Produkte h\u00f6chster Qualit\u00e4t her \u2013 f\u00fcr Kunden aus \u00fcber 40 L\u00e4ndern weltweit.","publisher":{"@id":"https:\/\/www.greisinger.com\/cs\/#organization"},"potentialAction":[{"@type":"SearchAction","target":{"@type":"EntryPoint","urlTemplate":"https:\/\/www.greisinger.com\/cs\/?s={search_term_string}"},"query-input":{"@type":"PropertyValueSpecification","valueRequired":true,"valueName":"search_term_string"}}],"inLanguage":"cs"},{"@type":"Organization","@id":"https:\/\/www.greisinger.com\/cs\/#organization","name":"Greisinger GmbH - Fleisch-, Wurst- und Selchwaren","url":"https:\/\/www.greisinger.com\/cs\/","logo":{"@type":"ImageObject","inLanguage":"cs","@id":"https:\/\/www.greisinger.com\/cs\/#\/schema\/logo\/image\/","url":"https:\/\/www.greisinger.com\/wp-content\/uploads\/2022\/01\/logo_greisinger.png","contentUrl":"https:\/\/www.greisinger.com\/wp-content\/uploads\/2022\/01\/logo_greisinger.png","width":200,"height":200,"caption":"Greisinger GmbH - Fleisch-, Wurst- und Selchwaren"},"image":{"@id":"https:\/\/www.greisinger.com\/cs\/#\/schema\/logo\/image\/"}}]}},"_links":{"self":[{"href":"https:\/\/www.greisinger.com\/cs\/wp-json\/wp\/v2\/pages\/20050","targetHints":{"allow":["GET"]}}],"collection":[{"href":"https:\/\/www.greisinger.com\/cs\/wp-json\/wp\/v2\/pages"}],"about":[{"href":"https:\/\/www.greisinger.com\/cs\/wp-json\/wp\/v2\/types\/page"}],"author":[{"embeddable":true,"href":"https:\/\/www.greisinger.com\/cs\/wp-json\/wp\/v2\/users\/26"}],"replies":[{"embeddable":true,"href":"https:\/\/www.greisinger.com\/cs\/wp-json\/wp\/v2\/comments?post=20050"}],"version-history":[{"count":3,"href":"https:\/\/www.greisinger.com\/cs\/wp-json\/wp\/v2\/pages\/20050\/revisions"}],"predecessor-version":[{"id":155215,"href":"https:\/\/www.greisinger.com\/cs\/wp-json\/wp\/v2\/pages\/20050\/revisions\/155215"}],"up":[{"embeddable":true,"href":"https:\/\/www.greisinger.com\/cs\/wp-json\/wp\/v2\/pages\/19934"}],"wp:attachment":[{"href":"https:\/\/www.greisinger.com\/cs\/wp-json\/wp\/v2\/media?parent=20050"}],"curies":[{"name":"wp","href":"https:\/\/api.w.org\/{rel}","templated":true}]}}