{"id":25605,"date":"2024-02-01T10:16:36","date_gmt":"2024-02-01T09:16:36","guid":{"rendered":"https:\/\/www.greisinger.com\/?page_id=25605"},"modified":"2025-05-23T12:15:15","modified_gmt":"2025-05-23T10:15:15","slug":"formular-zadosti-o-vyrobu","status":"publish","type":"page","link":"https:\/\/www.greisinger.com\/cs\/formular-zadosti-o-vyrobu\/","title":{"rendered":"Formul\u00e1\u0159 \u017e\u00e1dosti o v\u00fdrobu"},"content":{"rendered":"\n\n\n\n\n\n\n\n\n\n\n\n\n\n\n\n\n\n\n\n\n\n\n\n\n\n\n\n\n\n\n\n\n                    \n            <div class=\"ce ce-form\n         ce--mb-standard                                 \"\n             id=\"block_e7ecb2e0f03d11f4e3802719bcf7c9ab\">\n                                    <div class=\"container-fluid\">\n                                <header class=\"ce-header\">\n    <div class=\"row\">\n            <div class=\"col-12 col-md-12 col-xl-12 mx-auto text-left\">\n                <div class=\"ce-textblock\" data-animation=\"true\" data-animation-duration=\"300\">\n                    <div class=\"ce-textblock__text\">\n                                    <p class=\"ce-textblock__topline\">\u0160\u0165avnat\u00e9 perspektivy!<\/p>\n                \n                                <h2 class=\"\">Vzru\u0161uj\u00edc\u00ed sv\u011bt v\u00fdroby masa! <\/ h2 >\n                                <\/div>\n            <\/div>\n        <\/div>\n    <\/div>\n<\/header>\n\n\n\n                <div class=\"row\">\n                    <div class=\"col-12 col-md-12 col-xl-12 mx-auto text-left\">\n                                                                                    \n                                                                        <\/div>\n                <\/div>\n                            <\/div>\n                    <\/div>\n    \n                    ","protected":false},"excerpt":{"rendered":"","protected":false},"author":26,"featured_media":0,"parent":0,"menu_order":0,"comment_status":"closed","ping_status":"closed","template":"","meta":{"_acf_changed":false,"footnotes":""},"class_list":["post-25605","page","type-page","status-publish","hentry"],"acf":[],"yoast_head":"<!-- This site is optimized with the Yoast SEO plugin v27.2 - https:\/\/yoast.com\/product\/yoast-seo-wordpress\/ -->\n<title>Formul\u00e1\u0159 \u017e\u00e1dosti o v\u00fdrobu - Greisinger GmbH - Fleisch-, Wurst- und Selchwaren<\/title>\n<meta name=\"robots\" content=\"index, follow, max-snippet:-1, max-image-preview:large, max-video-preview:-1\" \/>\n<link rel=\"canonical\" href=\"https:\/\/www.greisinger.com\/cs\/formular-zadosti-o-vyrobu\/\" \/>\n<meta property=\"og:locale\" content=\"en_US\" \/>\n<meta property=\"og:type\" content=\"article\" \/>\n<meta property=\"og:title\" content=\"Formul\u00e1\u0159 \u017e\u00e1dosti o v\u00fdrobu - Greisinger GmbH - Fleisch-, Wurst- und Selchwaren\" \/>\n<meta property=\"og:url\" content=\"https:\/\/www.greisinger.com\/cs\/formular-zadosti-o-vyrobu\/\" \/>\n<meta property=\"og:site_name\" content=\"Greisinger GmbH - Fleisch-, Wurst- und Selchwaren\" \/>\n<meta property=\"article:modified_time\" content=\"2025-05-23T10:15:15+00:00\" \/>\n<meta name=\"twitter:card\" content=\"summary_large_image\" \/>\n<script type=\"application\/ld+json\" class=\"yoast-schema-graph\">{\"@context\":\"https:\/\/schema.org\",\"@graph\":[{\"@type\":\"WebPage\",\"@id\":\"https:\/\/www.greisinger.com\/cs\/formular-zadosti-o-vyrobu\/\",\"url\":\"https:\/\/www.greisinger.com\/cs\/formular-zadosti-o-vyrobu\/\",\"name\":\"Formul\u00e1\u0159 \u017e\u00e1dosti o v\u00fdrobu - Greisinger GmbH - Fleisch-, Wurst- und Selchwaren\",\"isPartOf\":{\"@id\":\"https:\/\/www.greisinger.com\/cs\/#website\"},\"datePublished\":\"2024-02-01T09:16:36+00:00\",\"dateModified\":\"2025-05-23T10:15:15+00:00\",\"breadcrumb\":{\"@id\":\"https:\/\/www.greisinger.com\/cs\/formular-zadosti-o-vyrobu\/#breadcrumb\"},\"inLanguage\":\"cs\",\"potentialAction\":[{\"@type\":\"ReadAction\",\"target\":[\"https:\/\/www.greisinger.com\/cs\/formular-zadosti-o-vyrobu\/\"]}]},{\"@type\":\"BreadcrumbList\",\"@id\":\"https:\/\/www.greisinger.com\/cs\/formular-zadosti-o-vyrobu\/#breadcrumb\",\"itemListElement\":[{\"@type\":\"ListItem\",\"position\":1,\"name\":\"Startseite\",\"item\":\"https:\/\/www.greisinger.com\/cs\/\"},{\"@type\":\"ListItem\",\"position\":2,\"name\":\"Formul\u00e1\u0159 \u017e\u00e1dosti o v\u00fdrobu\"}]},{\"@type\":\"WebSite\",\"@id\":\"https:\/\/www.greisinger.com\/cs\/#website\",\"url\":\"https:\/\/www.greisinger.com\/cs\/\",\"name\":\"Greisinger GmbH - Fleisch-, Wurst- und Selchwaren\",\"description\":\"Greisinger, ein rein privat gef\u00fchrtes Top-Fleischverarbeitungsunternehmen aus \u00d6sterreich stellt Fleisch- und Wurst-, Salami- und Snack-Produkte h\u00f6chster Qualit\u00e4t her \u2013 f\u00fcr Kunden aus \u00fcber 40 L\u00e4ndern weltweit.\",\"publisher\":{\"@id\":\"https:\/\/www.greisinger.com\/cs\/#organization\"},\"potentialAction\":[{\"@type\":\"SearchAction\",\"target\":{\"@type\":\"EntryPoint\",\"urlTemplate\":\"https:\/\/www.greisinger.com\/cs\/?s={search_term_string}\"},\"query-input\":{\"@type\":\"PropertyValueSpecification\",\"valueRequired\":true,\"valueName\":\"search_term_string\"}}],\"inLanguage\":\"cs\"},{\"@type\":\"Organization\",\"@id\":\"https:\/\/www.greisinger.com\/cs\/#organization\",\"name\":\"Greisinger GmbH - Fleisch-, Wurst- und Selchwaren\",\"url\":\"https:\/\/www.greisinger.com\/cs\/\",\"logo\":{\"@type\":\"ImageObject\",\"inLanguage\":\"cs\",\"@id\":\"https:\/\/www.greisinger.com\/cs\/#\/schema\/logo\/image\/\",\"url\":\"https:\/\/www.greisinger.com\/wp-content\/uploads\/2022\/01\/logo_greisinger.png\",\"contentUrl\":\"https:\/\/www.greisinger.com\/wp-content\/uploads\/2022\/01\/logo_greisinger.png\",\"width\":200,\"height\":200,\"caption\":\"Greisinger GmbH - Fleisch-, Wurst- und Selchwaren\"},\"image\":{\"@id\":\"https:\/\/www.greisinger.com\/cs\/#\/schema\/logo\/image\/\"}}]}<\/script>\n<!-- \/ Yoast SEO plugin. -->","yoast_head_json":{"title":"Formul\u00e1\u0159 \u017e\u00e1dosti o v\u00fdrobu - Greisinger GmbH - Fleisch-, Wurst- und Selchwaren","robots":{"index":"index","follow":"follow","max-snippet":"max-snippet:-1","max-image-preview":"max-image-preview:large","max-video-preview":"max-video-preview:-1"},"canonical":"https:\/\/www.greisinger.com\/cs\/formular-zadosti-o-vyrobu\/","og_locale":"en_US","og_type":"article","og_title":"Formul\u00e1\u0159 \u017e\u00e1dosti o v\u00fdrobu - Greisinger GmbH - Fleisch-, Wurst- und Selchwaren","og_url":"https:\/\/www.greisinger.com\/cs\/formular-zadosti-o-vyrobu\/","og_site_name":"Greisinger GmbH - Fleisch-, Wurst- und Selchwaren","article_modified_time":"2025-05-23T10:15:15+00:00","twitter_card":"summary_large_image","schema":{"@context":"https:\/\/schema.org","@graph":[{"@type":"WebPage","@id":"https:\/\/www.greisinger.com\/cs\/formular-zadosti-o-vyrobu\/","url":"https:\/\/www.greisinger.com\/cs\/formular-zadosti-o-vyrobu\/","name":"Formul\u00e1\u0159 \u017e\u00e1dosti o v\u00fdrobu - Greisinger GmbH - Fleisch-, Wurst- und Selchwaren","isPartOf":{"@id":"https:\/\/www.greisinger.com\/cs\/#website"},"datePublished":"2024-02-01T09:16:36+00:00","dateModified":"2025-05-23T10:15:15+00:00","breadcrumb":{"@id":"https:\/\/www.greisinger.com\/cs\/formular-zadosti-o-vyrobu\/#breadcrumb"},"inLanguage":"cs","potentialAction":[{"@type":"ReadAction","target":["https:\/\/www.greisinger.com\/cs\/formular-zadosti-o-vyrobu\/"]}]},{"@type":"BreadcrumbList","@id":"https:\/\/www.greisinger.com\/cs\/formular-zadosti-o-vyrobu\/#breadcrumb","itemListElement":[{"@type":"ListItem","position":1,"name":"Startseite","item":"https:\/\/www.greisinger.com\/cs\/"},{"@type":"ListItem","position":2,"name":"Formul\u00e1\u0159 \u017e\u00e1dosti o v\u00fdrobu"}]},{"@type":"WebSite","@id":"https:\/\/www.greisinger.com\/cs\/#website","url":"https:\/\/www.greisinger.com\/cs\/","name":"Greisinger GmbH - Fleisch-, Wurst- und Selchwaren","description":"Greisinger, ein rein privat gef\u00fchrtes Top-Fleischverarbeitungsunternehmen aus \u00d6sterreich stellt Fleisch- und Wurst-, Salami- und Snack-Produkte h\u00f6chster Qualit\u00e4t her \u2013 f\u00fcr Kunden aus \u00fcber 40 L\u00e4ndern weltweit.","publisher":{"@id":"https:\/\/www.greisinger.com\/cs\/#organization"},"potentialAction":[{"@type":"SearchAction","target":{"@type":"EntryPoint","urlTemplate":"https:\/\/www.greisinger.com\/cs\/?s={search_term_string}"},"query-input":{"@type":"PropertyValueSpecification","valueRequired":true,"valueName":"search_term_string"}}],"inLanguage":"cs"},{"@type":"Organization","@id":"https:\/\/www.greisinger.com\/cs\/#organization","name":"Greisinger GmbH - Fleisch-, Wurst- und Selchwaren","url":"https:\/\/www.greisinger.com\/cs\/","logo":{"@type":"ImageObject","inLanguage":"cs","@id":"https:\/\/www.greisinger.com\/cs\/#\/schema\/logo\/image\/","url":"https:\/\/www.greisinger.com\/wp-content\/uploads\/2022\/01\/logo_greisinger.png","contentUrl":"https:\/\/www.greisinger.com\/wp-content\/uploads\/2022\/01\/logo_greisinger.png","width":200,"height":200,"caption":"Greisinger GmbH - Fleisch-, Wurst- und Selchwaren"},"image":{"@id":"https:\/\/www.greisinger.com\/cs\/#\/schema\/logo\/image\/"}}]}},"_links":{"self":[{"href":"https:\/\/www.greisinger.com\/cs\/wp-json\/wp\/v2\/pages\/25605","targetHints":{"allow":["GET"]}}],"collection":[{"href":"https:\/\/www.greisinger.com\/cs\/wp-json\/wp\/v2\/pages"}],"about":[{"href":"https:\/\/www.greisinger.com\/cs\/wp-json\/wp\/v2\/types\/page"}],"author":[{"embeddable":true,"href":"https:\/\/www.greisinger.com\/cs\/wp-json\/wp\/v2\/users\/26"}],"replies":[{"embeddable":true,"href":"https:\/\/www.greisinger.com\/cs\/wp-json\/wp\/v2\/comments?post=25605"}],"version-history":[{"count":4,"href":"https:\/\/www.greisinger.com\/cs\/wp-json\/wp\/v2\/pages\/25605\/revisions"}],"predecessor-version":[{"id":25615,"href":"https:\/\/www.greisinger.com\/cs\/wp-json\/wp\/v2\/pages\/25605\/revisions\/25615"}],"wp:attachment":[{"href":"https:\/\/www.greisinger.com\/cs\/wp-json\/wp\/v2\/media?parent=25605"}],"curies":[{"name":"wp","href":"https:\/\/api.w.org\/{rel}","templated":true}]}}