{"id":23895,"date":"2023-11-07T09:50:39","date_gmt":"2023-11-07T08:50:39","guid":{"rendered":"https:\/\/www.greisinger.com\/betriebsdaten-2\/"},"modified":"2025-12-03T15:53:29","modified_gmt":"2025-12-03T14:53:29","slug":"company-data","status":"publish","type":"page","link":"https:\/\/www.greisinger.com\/en\/for-our-partners\/company-data\/","title":{"rendered":"Company data"},"content":{"rendered":"\n\n\n\n\n\n\n\n\n\n\n\n\n\n\n\n\n\n\n\n\n\n\n\n\n\n\n\n\n\n\n\n\n            \n        \n                    <div class=\"ce ce-cols ce-cols--2\n         ce--mb-standard                                 \"\n                 id=\"block_f3ad8d7207454e216a5eef9d68f392a1\">\n                                <div class=\"container-fluid\">\n                    \n\n\n                    <div class=\"row\">\n                        <div class=\"col-12 col-lg-6 \">\n                            <!--HIER DIE SCHLEIFE MIT DEM CONTENT SPALTE 1-->\n                                                                                                                            \n\n\n\n\n\n\n\n\n\n\n\n\n\n\n\n\n\n\n\n\n\n\n\n\n\n\n\n\n\n\n                                            \n        \n        \n        \n    \n\n                    \n    \n                    \n            <div class=\"ce ce-text\n                                        \"\n             id=\"block_f3ad8d7207454e216a5eef9d68f392a1\">\n                                        <div class=\"row\">\n                    <div class=\"cc-text__text col-12 col-md-12 col-xl-12  text-left\">\n                        <div class=\"ce-textblock\" data-animation=\"true\" data-animation-duration=\"300\">\n    <div class=\"ce-textblock__text\">\n                            <h2 class=\"h5\"> Highest standard of technology: <br \/>\r\nOn 59,000m<sup>2<\/sup> of factory floor <\/h2>\n                <p>We have more than 59,000 square metres of factory space (not including extensions currently under construction) where all production processes are planned and carried out with the help of computers, including complete batch tracking. Our own fleet of delivery vehicles, our highly select network of forwarding agents and our sophisticated logistics systems always guarantee timely transport. Customers can therefore rest assured of our ability to deliver on time.<\/p>\n<p>Exemplifying the technologically high standards to be found on Greisinger\u2019s production line is our pasteurisation plant, one of the largest in Austria. This allows the minimum shelf life of vacuum-packed sausage products to be significantly extended. The product characteristics such as colour, consistency and taste remain stable and just as they were when freshly packaged throughout the entire shelf life.<\/p>\n\n    <\/div>\n<\/div>\n                    <\/div>\n                <\/div>\n                        <\/div>\n    \n                                                                    \n                        <\/div>\n                        <div class=\"col-12 col-lg-6 \">\n                            <!--HIER DIE SCHLEIFE MIT DEM CONTENT SPALTE 2-->\n                                                                                                                            \n\n\n\n\n\n\n\n\n\n\n\n\n\n\n\n\n\n\n\n\n\n\n\n\n\n\n\n\n\n\n                                            \n        \n        \n        \n    \n\n                    \n    \n    \n                        \n\n                            \n    \n            <div class=\"ce ce-image\n                                                            ce--no-bg\n        \"\n             id=\"block_f3ad8d7207454e216a5eef9d68f392a1\">\n                                        \n\n\n                <div class=\"row\">\n                    <div\n                            class=\"col-12 col-md-12 col-xl-12  text-left \">\n                        <figure class=\"\"  data-animation=\"fade-up\" data-animation-duration=\"300\" >\n                                                                                                                                                        <picture>\n                                                                            <source media=\"(min-width: 1600px)\" srcset=\"https:\/\/www.greisinger.com\/wp-content\/uploads\/2025\/12\/UMSATZ-Wuerstel-ENG-12-2026_min.png\">\n                                                                                                                            <source media=\"(min-width: 992px)\" srcset=\"https:\/\/www.greisinger.com\/wp-content\/uploads\/2025\/12\/UMSATZ-Wuerstel-ENG-12-2026_min-961x0-c-default.png\">\n                                                                                                                            <source media=\"(min-width: 768px)\" srcset=\"https:\/\/www.greisinger.com\/wp-content\/uploads\/2025\/12\/UMSATZ-Wuerstel-ENG-12-2026_min-961x0-c-default.png\">\n                                                                                                                            <source media=\"(min-width: 576px)\" srcset=\"https:\/\/www.greisinger.com\/wp-content\/uploads\/2025\/12\/UMSATZ-Wuerstel-ENG-12-2026_min-738x0-c-default.png\">\n                                                                                                                            <source media=\"(min-width: 320px)\" srcset=\"https:\/\/www.greisinger.com\/wp-content\/uploads\/2025\/12\/UMSATZ-Wuerstel-ENG-12-2026_min-738x0-c-default.png\">\n                                            <source srcset=\"https:\/\/www.greisinger.com\/wp-content\/uploads\/2025\/12\/UMSATZ-Wuerstel-ENG-12-2026_min-320x0-c-default.png\">\n                                                                                <img loading=\"lazy\" decoding=\"async\" src=\"https:\/\/www.greisinger.com\/wp-content\/uploads\/2025\/12\/UMSATZ-Wuerstel-ENG-12-2026_min.png\" alt=\"\" title=\"\" width=\"2480\" height=\"1837\" class=\"img-fluid w-100\">\n                                                                    <\/picture>\n                                                            \n                                                    <\/figure>\n                    <\/div>\n                <\/div>\n                        <\/div>\n    \n                                                                                            <\/div>\n                    <\/div>\n                <\/div>\n            <\/div>\n                        \n\n\n\n\n\n\n\n\n\n\n\n\n\n\n\n\n\n\n\n\n\n\n\n\n\n\n\n\n\n\n\n\n\n\n            \n        \n                    <div class=\"ce ce-cols ce-cols--2\n         ce--mb-standard                                 \"\n                 id=\"block_b8e2885947efd7149da6fcad18c9f4ec\">\n                                <div class=\"container-fluid\">\n                    \n\n\n                    <div class=\"row\">\n                        <div class=\"col-12 col-lg-6 \">\n                            <!--HIER DIE SCHLEIFE MIT DEM CONTENT SPALTE 1-->\n                                                                                                                            \n\n\n\n\n\n\n\n\n\n\n\n\n\n\n\n\n\n\n\n\n\n\n\n\n\n\n\n\n\n\n                                            \n        \n        \n        \n    \n\n                    \n    \n    \n                        \n\n                            \n    \n            <div class=\"ce ce-image\n                                                            ce--no-bg\n        \"\n             id=\"block_b8e2885947efd7149da6fcad18c9f4ec\">\n                                        \n\n\n                <div class=\"row\">\n                    <div\n                            class=\"col-12 col-md-12 col-xl-12  text-left \">\n                        <figure class=\"\"  data-animation=\"fade-up\" data-animation-duration=\"300\" >\n                                                                                                                                                        <picture>\n                                                                            <source media=\"(min-width: 1600px)\" srcset=\"https:\/\/www.greisinger.com\/wp-content\/uploads\/2025\/12\/UMSATZ-Balken-ENG-12-2026_min.jpg\">\n                                                                                                                            <source media=\"(min-width: 992px)\" srcset=\"https:\/\/www.greisinger.com\/wp-content\/uploads\/2025\/12\/UMSATZ-Balken-ENG-12-2026_min-961x0-c-default.jpg\">\n                                                                                                                            <source media=\"(min-width: 768px)\" srcset=\"https:\/\/www.greisinger.com\/wp-content\/uploads\/2025\/12\/UMSATZ-Balken-ENG-12-2026_min-961x0-c-default.jpg\">\n                                                                                                                            <source media=\"(min-width: 576px)\" srcset=\"https:\/\/www.greisinger.com\/wp-content\/uploads\/2025\/12\/UMSATZ-Balken-ENG-12-2026_min-738x0-c-default.jpg\">\n                                                                                                                            <source media=\"(min-width: 320px)\" srcset=\"https:\/\/www.greisinger.com\/wp-content\/uploads\/2025\/12\/UMSATZ-Balken-ENG-12-2026_min-738x0-c-default.jpg\">\n                                            <source srcset=\"https:\/\/www.greisinger.com\/wp-content\/uploads\/2025\/12\/UMSATZ-Balken-ENG-12-2026_min-320x0-c-default.jpg\">\n                                                                                <img loading=\"lazy\" decoding=\"async\" src=\"https:\/\/www.greisinger.com\/wp-content\/uploads\/2025\/12\/UMSATZ-Balken-ENG-12-2026_min.jpg\" alt=\"\" title=\"\" width=\"2480\" height=\"1736\" class=\"img-fluid w-100\">\n                                                                    <\/picture>\n                                                            \n                                                    <\/figure>\n                    <\/div>\n                <\/div>\n                        <\/div>\n    \n                                                                    \n                        <\/div>\n                        <div class=\"col-12 col-lg-6 \">\n                            <!--HIER DIE SCHLEIFE MIT DEM CONTENT SPALTE 2-->\n                                                                                                                            \n\n\n\n\n\n\n\n\n\n\n\n\n\n\n\n\n\n\n\n\n\n\n\n\n\n\n\n\n\n\n                                            \n        \n        \n        \n    \n\n                    \n    \n                    \n            <div class=\"ce ce-text\n                                        \"\n             id=\"block_b8e2885947efd7149da6fcad18c9f4ec\">\n                                        <div class=\"row\">\n                    <div class=\"cc-text__text col-12 col-md-12 col-xl-12  text-left\">\n                        <div class=\"ce-textblock\" data-animation=\"true\" data-animation-duration=\"300\">\n    <div class=\"ce-textblock__text\">\n                            <h2 class=\"h5\"> We think ahead: <br \/>\r\nWe build for the future <\/h2>\n                <p>As a company with a 600-strong workforce and sales in the three-digit million range, it is important that we secure our business development by planning for challenges ahead. This includes making sensible, far-sighted investments in the future. We have therefore embarked on a programme of construction at the main Greisinger site, which will massively increase productivity. This will enable us to guarantee our ability in the coming years to fulfil the steadily growing order volume for our customers, here in Austria and in around 50 other countries worldwide, with the customary professionalism and the delivery reliability that they have come to expect from Greisinger.<\/p>\n<p>Start-up M\u00fcnzbach site: January 1995<br \/>\nProducts \/ varieties: 200<br \/>\nQuantity: 110 tons daily<br \/>\nProduction: 2-shift operation<br \/>\nOperating area: approx. 59,000 m\u00b2<br \/>\nEmployees: approx. 600<\/p>\n<p>\u20ac 172,9 million<br \/>\nRevenue 2025.<\/p>\n\n    <\/div>\n<\/div>\n                    <\/div>\n                <\/div>\n                        <\/div>\n    \n                                                                                            <\/div>\n                    <\/div>\n                <\/div>\n            <\/div>\n                        ","protected":false},"excerpt":{"rendered":"","protected":false},"author":25,"featured_media":0,"parent":4341,"menu_order":0,"comment_status":"closed","ping_status":"closed","template":"","meta":{"_acf_changed":false,"footnotes":""},"class_list":["post-23895","page","type-page","status-publish","hentry"],"acf":[],"yoast_head":"<!-- This site is optimized with the Yoast SEO plugin v27.2 - https:\/\/yoast.com\/product\/yoast-seo-wordpress\/ -->\n<title>Company data - Greisinger GmbH - Fleisch-, Wurst- und Selchwaren<\/title>\n<meta name=\"robots\" content=\"index, follow, max-snippet:-1, max-image-preview:large, max-video-preview:-1\" \/>\n<link rel=\"canonical\" href=\"https:\/\/www.greisinger.com\/en\/for-our-partners\/company-data\/\" \/>\n<meta property=\"og:locale\" content=\"en_GB\" \/>\n<meta property=\"og:type\" content=\"article\" \/>\n<meta property=\"og:title\" content=\"Company data - Greisinger GmbH - Fleisch-, Wurst- und Selchwaren\" \/>\n<meta property=\"og:url\" content=\"https:\/\/www.greisinger.com\/en\/for-our-partners\/company-data\/\" \/>\n<meta property=\"og:site_name\" content=\"Greisinger GmbH - Fleisch-, Wurst- und Selchwaren\" \/>\n<meta property=\"article:modified_time\" content=\"2025-12-03T14:53:29+00:00\" \/>\n<meta name=\"twitter:card\" content=\"summary_large_image\" \/>\n<script type=\"application\/ld+json\" class=\"yoast-schema-graph\">{\"@context\":\"https:\/\/schema.org\",\"@graph\":[{\"@type\":\"WebPage\",\"@id\":\"https:\/\/www.greisinger.com\/en\/for-our-partners\/company-data\/\",\"url\":\"https:\/\/www.greisinger.com\/en\/for-our-partners\/company-data\/\",\"name\":\"Company data - Greisinger GmbH - Fleisch-, Wurst- und Selchwaren\",\"isPartOf\":{\"@id\":\"https:\/\/www.greisinger.com\/en\/#website\"},\"datePublished\":\"2023-11-07T08:50:39+00:00\",\"dateModified\":\"2025-12-03T14:53:29+00:00\",\"breadcrumb\":{\"@id\":\"https:\/\/www.greisinger.com\/en\/for-our-partners\/company-data\/#breadcrumb\"},\"inLanguage\":\"en-GB\",\"potentialAction\":[{\"@type\":\"ReadAction\",\"target\":[\"https:\/\/www.greisinger.com\/en\/for-our-partners\/company-data\/\"]}]},{\"@type\":\"BreadcrumbList\",\"@id\":\"https:\/\/www.greisinger.com\/en\/for-our-partners\/company-data\/#breadcrumb\",\"itemListElement\":[{\"@type\":\"ListItem\",\"position\":1,\"name\":\"Startseite\",\"item\":\"https:\/\/www.greisinger.com\/en\/\"},{\"@type\":\"ListItem\",\"position\":2,\"name\":\"For our partners\",\"item\":\"https:\/\/www.greisinger.com\/en\/for-our-partners\/\"},{\"@type\":\"ListItem\",\"position\":3,\"name\":\"Company data\"}]},{\"@type\":\"WebSite\",\"@id\":\"https:\/\/www.greisinger.com\/en\/#website\",\"url\":\"https:\/\/www.greisinger.com\/en\/\",\"name\":\"Greisinger GmbH - Fleisch-, Wurst- und Selchwaren\",\"description\":\"Greisinger, ein rein privat gef\u00fchrtes Top-Fleischverarbeitungsunternehmen aus \u00d6sterreich stellt Fleisch- und Wurst-, Salami- und Snack-Produkte h\u00f6chster Qualit\u00e4t her \u2013 f\u00fcr Kunden aus \u00fcber 40 L\u00e4ndern weltweit.\",\"publisher\":{\"@id\":\"https:\/\/www.greisinger.com\/en\/#organization\"},\"potentialAction\":[{\"@type\":\"SearchAction\",\"target\":{\"@type\":\"EntryPoint\",\"urlTemplate\":\"https:\/\/www.greisinger.com\/en\/?s={search_term_string}\"},\"query-input\":{\"@type\":\"PropertyValueSpecification\",\"valueRequired\":true,\"valueName\":\"search_term_string\"}}],\"inLanguage\":\"en-GB\"},{\"@type\":\"Organization\",\"@id\":\"https:\/\/www.greisinger.com\/en\/#organization\",\"name\":\"Greisinger GmbH - Fleisch-, Wurst- und Selchwaren\",\"url\":\"https:\/\/www.greisinger.com\/en\/\",\"logo\":{\"@type\":\"ImageObject\",\"inLanguage\":\"en-GB\",\"@id\":\"https:\/\/www.greisinger.com\/en\/#\/schema\/logo\/image\/\",\"url\":\"https:\/\/www.greisinger.com\/wp-content\/uploads\/2022\/01\/logo_greisinger.png\",\"contentUrl\":\"https:\/\/www.greisinger.com\/wp-content\/uploads\/2022\/01\/logo_greisinger.png\",\"width\":200,\"height\":200,\"caption\":\"Greisinger GmbH - Fleisch-, Wurst- und Selchwaren\"},\"image\":{\"@id\":\"https:\/\/www.greisinger.com\/en\/#\/schema\/logo\/image\/\"}}]}<\/script>\n<!-- \/ Yoast SEO plugin. -->","yoast_head_json":{"title":"Company data - Greisinger GmbH - Fleisch-, Wurst- und Selchwaren","robots":{"index":"index","follow":"follow","max-snippet":"max-snippet:-1","max-image-preview":"max-image-preview:large","max-video-preview":"max-video-preview:-1"},"canonical":"https:\/\/www.greisinger.com\/en\/for-our-partners\/company-data\/","og_locale":"en_GB","og_type":"article","og_title":"Company data - Greisinger GmbH - Fleisch-, Wurst- und Selchwaren","og_url":"https:\/\/www.greisinger.com\/en\/for-our-partners\/company-data\/","og_site_name":"Greisinger GmbH - Fleisch-, Wurst- und Selchwaren","article_modified_time":"2025-12-03T14:53:29+00:00","twitter_card":"summary_large_image","schema":{"@context":"https:\/\/schema.org","@graph":[{"@type":"WebPage","@id":"https:\/\/www.greisinger.com\/en\/for-our-partners\/company-data\/","url":"https:\/\/www.greisinger.com\/en\/for-our-partners\/company-data\/","name":"Company data - Greisinger GmbH - Fleisch-, Wurst- und Selchwaren","isPartOf":{"@id":"https:\/\/www.greisinger.com\/en\/#website"},"datePublished":"2023-11-07T08:50:39+00:00","dateModified":"2025-12-03T14:53:29+00:00","breadcrumb":{"@id":"https:\/\/www.greisinger.com\/en\/for-our-partners\/company-data\/#breadcrumb"},"inLanguage":"en-GB","potentialAction":[{"@type":"ReadAction","target":["https:\/\/www.greisinger.com\/en\/for-our-partners\/company-data\/"]}]},{"@type":"BreadcrumbList","@id":"https:\/\/www.greisinger.com\/en\/for-our-partners\/company-data\/#breadcrumb","itemListElement":[{"@type":"ListItem","position":1,"name":"Startseite","item":"https:\/\/www.greisinger.com\/en\/"},{"@type":"ListItem","position":2,"name":"For our partners","item":"https:\/\/www.greisinger.com\/en\/for-our-partners\/"},{"@type":"ListItem","position":3,"name":"Company data"}]},{"@type":"WebSite","@id":"https:\/\/www.greisinger.com\/en\/#website","url":"https:\/\/www.greisinger.com\/en\/","name":"Greisinger GmbH - Fleisch-, Wurst- und Selchwaren","description":"Greisinger, ein rein privat gef\u00fchrtes Top-Fleischverarbeitungsunternehmen aus \u00d6sterreich stellt Fleisch- und Wurst-, Salami- und Snack-Produkte h\u00f6chster Qualit\u00e4t her \u2013 f\u00fcr Kunden aus \u00fcber 40 L\u00e4ndern weltweit.","publisher":{"@id":"https:\/\/www.greisinger.com\/en\/#organization"},"potentialAction":[{"@type":"SearchAction","target":{"@type":"EntryPoint","urlTemplate":"https:\/\/www.greisinger.com\/en\/?s={search_term_string}"},"query-input":{"@type":"PropertyValueSpecification","valueRequired":true,"valueName":"search_term_string"}}],"inLanguage":"en-GB"},{"@type":"Organization","@id":"https:\/\/www.greisinger.com\/en\/#organization","name":"Greisinger GmbH - Fleisch-, Wurst- und Selchwaren","url":"https:\/\/www.greisinger.com\/en\/","logo":{"@type":"ImageObject","inLanguage":"en-GB","@id":"https:\/\/www.greisinger.com\/en\/#\/schema\/logo\/image\/","url":"https:\/\/www.greisinger.com\/wp-content\/uploads\/2022\/01\/logo_greisinger.png","contentUrl":"https:\/\/www.greisinger.com\/wp-content\/uploads\/2022\/01\/logo_greisinger.png","width":200,"height":200,"caption":"Greisinger GmbH - Fleisch-, Wurst- und Selchwaren"},"image":{"@id":"https:\/\/www.greisinger.com\/en\/#\/schema\/logo\/image\/"}}]}},"_links":{"self":[{"href":"https:\/\/www.greisinger.com\/en\/wp-json\/wp\/v2\/pages\/23895","targetHints":{"allow":["GET"]}}],"collection":[{"href":"https:\/\/www.greisinger.com\/en\/wp-json\/wp\/v2\/pages"}],"about":[{"href":"https:\/\/www.greisinger.com\/en\/wp-json\/wp\/v2\/types\/page"}],"author":[{"embeddable":true,"href":"https:\/\/www.greisinger.com\/en\/wp-json\/wp\/v2\/users\/25"}],"replies":[{"embeddable":true,"href":"https:\/\/www.greisinger.com\/en\/wp-json\/wp\/v2\/comments?post=23895"}],"version-history":[{"count":9,"href":"https:\/\/www.greisinger.com\/en\/wp-json\/wp\/v2\/pages\/23895\/revisions"}],"predecessor-version":[{"id":158264,"href":"https:\/\/www.greisinger.com\/en\/wp-json\/wp\/v2\/pages\/23895\/revisions\/158264"}],"up":[{"embeddable":true,"href":"https:\/\/www.greisinger.com\/en\/wp-json\/wp\/v2\/pages\/4341"}],"wp:attachment":[{"href":"https:\/\/www.greisinger.com\/en\/wp-json\/wp\/v2\/media?parent=23895"}],"curies":[{"name":"wp","href":"https:\/\/api.w.org\/{rel}","templated":true}]}}