{"id":4290,"date":"2022-01-07T09:13:05","date_gmt":"2022-01-07T09:13:05","guid":{"rendered":"https:\/\/www.greisinger.com\/alle-produkte-2\/"},"modified":"2022-01-07T09:13:05","modified_gmt":"2022-01-07T09:13:05","slug":"alle-produkte","status":"publish","type":"page","link":"https:\/\/www.greisinger.com\/en\/alle-produkte\/","title":{"rendered":"Produkte"},"content":{"rendered":"\n\n\n\n\n\n\n\n\n\n\n\n\n\n\n\n\n\n\n\n\n\n\n\n\n\n\n\n\n\n\n\n\n                                            <div class=\"ce ce-teaser\n         ce--mb-standard                          text-left\"\n     id=\"block_6218d22ebf7b4\">\n            <div class=\"container-fluid\">\n        <div class=\"row\">\n                            <div class=\"col-12 col-sm-6 col-lg-4\">\n                    <div class=\"ce ce-teaser__item h-100\" data-animation=\"true\" data-duration=\"300\">\n\n                        \n<a class=\"ce-teaser__content d-flex flex-column h-100\" href=\"https:\/\/www.greisinger.com\/en\/products\/further-processing\/\">\n    <div class=\"ce-teaser__background\">\n        <div class=\"ce-teaser__image\">\n            <figure class=\"mb-0\">\n                <picture>\n                    <source media=\"(min-width: 1200px)\" srcset=\"https:\/\/www.greisinger.com\/wp-content\/uploads\/2022\/03\/startseite_produkt_Weiterverwendung-2-500x330-c-default.jpg\">\n                    <source media=\"(min-width: 992px)\" srcset=\"https:\/\/www.greisinger.com\/wp-content\/uploads\/2022\/03\/startseite_produkt_Weiterverwendung-2-330x219-c-default.jpg\">\n                    <source media=\"(min-width: 768px)\" srcset=\"https:\/\/www.greisinger.com\/wp-content\/uploads\/2022\/03\/startseite_produkt_Weiterverwendung-2-278x185-c-default.jpg\">\n                    <source media=\"(min-width: 576px)\" srcset=\"https:\/\/www.greisinger.com\/wp-content\/uploads\/2022\/03\/startseite_produkt_Weiterverwendung-2-321x212-c-default.jpg\">\n                    <source media=\"(min-width: 320px)\" srcset=\"https:\/\/www.greisinger.com\/wp-content\/uploads\/2022\/03\/startseite_produkt_Weiterverwendung-2-335x222-c-default.jpg\">\n                    <source srcset=\"https:\/\/www.greisinger.com\/wp-content\/uploads\/2022\/03\/startseite_produkt_Weiterverwendung-2-335x222-c-default.jpg\">\n                    <img decoding=\"async\" src=\"https:\/\/www.greisinger.com\/wp-content\/uploads\/2022\/03\/startseite_produkt_Weiterverwendung-2-500x330-c-default.jpg\" alt=\"\" title=\"\"\n                         width=\"1300\" height=\"867\"\n                         class=\"img-fluid w-100\" loading=\"lazy\">\n                <\/picture>\n            <\/figure>\n        <\/div>\n    <\/div>\n    <div class=\"ce-teaser__text\">\n        <div class=\"ce-textblock\" data-animation=\"true\" data-animation-duration=\"300\">\n            <div class=\"ce-textblock__text\">\n                <h3 class=\"h6 u-mb-gutter-quarter\">\n                    Further processing\n                <\/h3>\n                <p class=\"ce-textblock--subtext\">\n                    \n                <\/p>\n                <p  class=\"ce-teaser__button btn btn--ghost btn--icon btn--icon--right\">\n                    All products\n                <\/p>\n            <\/div>\n        <\/div>\n    <\/div>\n<\/a>\n\n                    <\/div>\n                <\/div>\n                            <div class=\"col-12 col-sm-6 col-lg-4\">\n                    <div class=\"ce ce-teaser__item h-100\" data-animation=\"true\" data-duration=\"300\">\n\n                        \n<a class=\"ce-teaser__content d-flex flex-column h-100\" href=\"https:\/\/www.greisinger.com\/en\/products\/toppings\/\">\n    <div class=\"ce-teaser__background\">\n        <div class=\"ce-teaser__image\">\n            <figure class=\"mb-0\">\n                <picture>\n                    <source media=\"(min-width: 1200px)\" srcset=\"https:\/\/www.greisinger.com\/wp-content\/uploads\/2022\/03\/startseite_produkte_toppings-500x330-c-default.jpg\">\n                    <source media=\"(min-width: 992px)\" srcset=\"https:\/\/www.greisinger.com\/wp-content\/uploads\/2022\/03\/startseite_produkte_toppings-330x219-c-default.jpg\">\n                    <source media=\"(min-width: 768px)\" srcset=\"https:\/\/www.greisinger.com\/wp-content\/uploads\/2022\/03\/startseite_produkte_toppings-278x185-c-default.jpg\">\n                    <source media=\"(min-width: 576px)\" srcset=\"https:\/\/www.greisinger.com\/wp-content\/uploads\/2022\/03\/startseite_produkte_toppings-321x212-c-default.jpg\">\n                    <source media=\"(min-width: 320px)\" srcset=\"https:\/\/www.greisinger.com\/wp-content\/uploads\/2022\/03\/startseite_produkte_toppings-335x222-c-default.jpg\">\n                    <source srcset=\"https:\/\/www.greisinger.com\/wp-content\/uploads\/2022\/03\/startseite_produkte_toppings-335x222-c-default.jpg\">\n                    <img decoding=\"async\" src=\"https:\/\/www.greisinger.com\/wp-content\/uploads\/2022\/03\/startseite_produkte_toppings-500x330-c-default.jpg\" alt=\"\" title=\"\"\n                         width=\"1300\" height=\"867\"\n                         class=\"img-fluid w-100\" loading=\"lazy\">\n                <\/picture>\n            <\/figure>\n        <\/div>\n    <\/div>\n    <div class=\"ce-teaser__text\">\n        <div class=\"ce-textblock\" data-animation=\"true\" data-animation-duration=\"300\">\n            <div class=\"ce-textblock__text\">\n                <h3 class=\"h6 u-mb-gutter-quarter\">\n                    Toppings\n                <\/h3>\n                <p class=\"ce-textblock--subtext\">\n                    \n                <\/p>\n                <p  class=\"ce-teaser__button btn btn--ghost btn--icon btn--icon--right\">\n                    All products\n                <\/p>\n            <\/div>\n        <\/div>\n    <\/div>\n<\/a>\n\n                    <\/div>\n                <\/div>\n                            <div class=\"col-12 col-sm-6 col-lg-4\">\n                    <div class=\"ce ce-teaser__item h-100\" data-animation=\"true\" data-duration=\"300\">\n\n                        \n<a class=\"ce-teaser__content d-flex flex-column h-100\" href=\"https:\/\/www.greisinger.com\/en\/products\/products-austria\/\">\n    <div class=\"ce-teaser__background\">\n        <div class=\"ce-teaser__image\">\n            <figure class=\"mb-0\">\n                <picture>\n                    <source media=\"(min-width: 1200px)\" srcset=\"https:\/\/www.greisinger.com\/wp-content\/uploads\/2025\/10\/startseite_produkte_oesterreich-500x330-c-default.jpg\">\n                    <source media=\"(min-width: 992px)\" srcset=\"https:\/\/www.greisinger.com\/wp-content\/uploads\/2025\/10\/startseite_produkte_oesterreich-330x219-c-default.jpg\">\n                    <source media=\"(min-width: 768px)\" srcset=\"https:\/\/www.greisinger.com\/wp-content\/uploads\/2025\/10\/startseite_produkte_oesterreich-278x185-c-default.jpg\">\n                    <source media=\"(min-width: 576px)\" srcset=\"https:\/\/www.greisinger.com\/wp-content\/uploads\/2025\/10\/startseite_produkte_oesterreich-321x212-c-default.jpg\">\n                    <source media=\"(min-width: 320px)\" srcset=\"https:\/\/www.greisinger.com\/wp-content\/uploads\/2025\/10\/startseite_produkte_oesterreich-335x222-c-default.jpg\">\n                    <source srcset=\"https:\/\/www.greisinger.com\/wp-content\/uploads\/2025\/10\/startseite_produkte_oesterreich-335x222-c-default.jpg\">\n                    <img decoding=\"async\" src=\"https:\/\/www.greisinger.com\/wp-content\/uploads\/2025\/10\/startseite_produkte_oesterreich-500x330-c-default.jpg\" alt=\"\" title=\"\"\n                         width=\"1300\" height=\"867\"\n                         class=\"img-fluid w-100\" loading=\"lazy\">\n                <\/picture>\n            <\/figure>\n        <\/div>\n    <\/div>\n    <div class=\"ce-teaser__text\">\n        <div class=\"ce-textblock\" data-animation=\"true\" data-animation-duration=\"300\">\n            <div class=\"ce-textblock__text\">\n                <h3 class=\"h6 u-mb-gutter-quarter\">\n                    Products for the home market\n                <\/h3>\n                <p class=\"ce-textblock--subtext\">\n                    \n                <\/p>\n                <p  class=\"ce-teaser__button btn btn--ghost btn--icon btn--icon--right\">\n                    All products\n                <\/p>\n            <\/div>\n        <\/div>\n    <\/div>\n<\/a>\n\n                    <\/div>\n                <\/div>\n                            <div class=\"col-12 col-sm-6 col-lg-4\">\n                    <div class=\"ce ce-teaser__item h-100\" data-animation=\"true\" data-duration=\"300\">\n\n                        \n<a class=\"ce-teaser__content d-flex flex-column h-100\" href=\"https:\/\/www.greisinger.com\/en\/products\/produkts-for-export\/\">\n    <div class=\"ce-teaser__background\">\n        <div class=\"ce-teaser__image\">\n            <figure class=\"mb-0\">\n                <picture>\n                    <source media=\"(min-width: 1200px)\" srcset=\"https:\/\/www.greisinger.com\/wp-content\/uploads\/2025\/10\/startseite_produkte_export-500x330-c-default.jpg\">\n                    <source media=\"(min-width: 992px)\" srcset=\"https:\/\/www.greisinger.com\/wp-content\/uploads\/2025\/10\/startseite_produkte_export-330x219-c-default.jpg\">\n                    <source media=\"(min-width: 768px)\" srcset=\"https:\/\/www.greisinger.com\/wp-content\/uploads\/2025\/10\/startseite_produkte_export-278x185-c-default.jpg\">\n                    <source media=\"(min-width: 576px)\" srcset=\"https:\/\/www.greisinger.com\/wp-content\/uploads\/2025\/10\/startseite_produkte_export-321x212-c-default.jpg\">\n                    <source media=\"(min-width: 320px)\" srcset=\"https:\/\/www.greisinger.com\/wp-content\/uploads\/2025\/10\/startseite_produkte_export-335x222-c-default.jpg\">\n                    <source srcset=\"https:\/\/www.greisinger.com\/wp-content\/uploads\/2025\/10\/startseite_produkte_export-335x222-c-default.jpg\">\n                    <img decoding=\"async\" src=\"https:\/\/www.greisinger.com\/wp-content\/uploads\/2025\/10\/startseite_produkte_export-500x330-c-default.jpg\" alt=\"\" title=\"\"\n                         width=\"1300\" height=\"867\"\n                         class=\"img-fluid w-100\" loading=\"lazy\">\n                <\/picture>\n            <\/figure>\n        <\/div>\n    <\/div>\n    <div class=\"ce-teaser__text\">\n        <div class=\"ce-textblock\" data-animation=\"true\" data-animation-duration=\"300\">\n            <div class=\"ce-textblock__text\">\n                <h3 class=\"h6 u-mb-gutter-quarter\">\n                    products for export\n                <\/h3>\n                <p class=\"ce-textblock--subtext\">\n                    \n                <\/p>\n                <p  class=\"ce-teaser__button btn btn--ghost btn--icon btn--icon--right\">\n                    All products\n                <\/p>\n            <\/div>\n        <\/div>\n    <\/div>\n<\/a>\n\n                    <\/div>\n                <\/div>\n                    <\/div>\n                            \n\n    <\/div>\n<\/div>\n            \n    \n","protected":false},"excerpt":{"rendered":"","protected":false},"author":26,"featured_media":0,"parent":0,"menu_order":10,"comment_status":"closed","ping_status":"closed","template":"","meta":{"_acf_changed":false,"footnotes":""},"class_list":["post-4290","page","type-page","status-publish","hentry"],"acf":[],"yoast_head":"<!-- This site is optimized with the Yoast SEO plugin v27.2 - https:\/\/yoast.com\/product\/yoast-seo-wordpress\/ -->\n<title>Produkte - Greisinger GmbH - Fleisch-, Wurst- und Selchwaren<\/title>\n<meta name=\"robots\" content=\"index, follow, max-snippet:-1, max-image-preview:large, max-video-preview:-1\" \/>\n<link rel=\"canonical\" href=\"https:\/\/www.greisinger.com\/en\/alle-produkte\/\" \/>\n<meta property=\"og:locale\" content=\"en_GB\" \/>\n<meta property=\"og:type\" content=\"article\" \/>\n<meta property=\"og:title\" content=\"Produkte - Greisinger GmbH - Fleisch-, Wurst- und Selchwaren\" \/>\n<meta property=\"og:url\" content=\"https:\/\/www.greisinger.com\/en\/alle-produkte\/\" \/>\n<meta property=\"og:site_name\" content=\"Greisinger GmbH - Fleisch-, Wurst- und Selchwaren\" \/>\n<meta name=\"twitter:card\" content=\"summary_large_image\" \/>\n<script type=\"application\/ld+json\" class=\"yoast-schema-graph\">{\"@context\":\"https:\/\/schema.org\",\"@graph\":[{\"@type\":\"WebPage\",\"@id\":\"https:\/\/www.greisinger.com\/en\/alle-produkte\/\",\"url\":\"https:\/\/www.greisinger.com\/en\/alle-produkte\/\",\"name\":\"Produkte - Greisinger GmbH - Fleisch-, Wurst- und Selchwaren\",\"isPartOf\":{\"@id\":\"https:\/\/www.greisinger.com\/en\/#website\"},\"datePublished\":\"2022-01-07T09:13:05+00:00\",\"breadcrumb\":{\"@id\":\"https:\/\/www.greisinger.com\/en\/alle-produkte\/#breadcrumb\"},\"inLanguage\":\"en-GB\",\"potentialAction\":[{\"@type\":\"ReadAction\",\"target\":[\"https:\/\/www.greisinger.com\/en\/alle-produkte\/\"]}]},{\"@type\":\"BreadcrumbList\",\"@id\":\"https:\/\/www.greisinger.com\/en\/alle-produkte\/#breadcrumb\",\"itemListElement\":[{\"@type\":\"ListItem\",\"position\":1,\"name\":\"Startseite\",\"item\":\"https:\/\/www.greisinger.com\/en\/\"},{\"@type\":\"ListItem\",\"position\":2,\"name\":\"Produkte\"}]},{\"@type\":\"WebSite\",\"@id\":\"https:\/\/www.greisinger.com\/en\/#website\",\"url\":\"https:\/\/www.greisinger.com\/en\/\",\"name\":\"Greisinger GmbH - Fleisch-, Wurst- und Selchwaren\",\"description\":\"Greisinger, ein rein privat gef\u00fchrtes Top-Fleischverarbeitungsunternehmen aus \u00d6sterreich stellt Fleisch- und Wurst-, Salami- und Snack-Produkte h\u00f6chster Qualit\u00e4t her \u2013 f\u00fcr Kunden aus \u00fcber 40 L\u00e4ndern weltweit.\",\"publisher\":{\"@id\":\"https:\/\/www.greisinger.com\/en\/#organization\"},\"potentialAction\":[{\"@type\":\"SearchAction\",\"target\":{\"@type\":\"EntryPoint\",\"urlTemplate\":\"https:\/\/www.greisinger.com\/en\/?s={search_term_string}\"},\"query-input\":{\"@type\":\"PropertyValueSpecification\",\"valueRequired\":true,\"valueName\":\"search_term_string\"}}],\"inLanguage\":\"en-GB\"},{\"@type\":\"Organization\",\"@id\":\"https:\/\/www.greisinger.com\/en\/#organization\",\"name\":\"Greisinger GmbH - Fleisch-, Wurst- und Selchwaren\",\"url\":\"https:\/\/www.greisinger.com\/en\/\",\"logo\":{\"@type\":\"ImageObject\",\"inLanguage\":\"en-GB\",\"@id\":\"https:\/\/www.greisinger.com\/en\/#\/schema\/logo\/image\/\",\"url\":\"https:\/\/www.greisinger.com\/wp-content\/uploads\/2022\/01\/logo_greisinger.png\",\"contentUrl\":\"https:\/\/www.greisinger.com\/wp-content\/uploads\/2022\/01\/logo_greisinger.png\",\"width\":200,\"height\":200,\"caption\":\"Greisinger GmbH - Fleisch-, Wurst- und Selchwaren\"},\"image\":{\"@id\":\"https:\/\/www.greisinger.com\/en\/#\/schema\/logo\/image\/\"}}]}<\/script>\n<!-- \/ Yoast SEO plugin. -->","yoast_head_json":{"title":"Produkte - Greisinger GmbH - Fleisch-, Wurst- und Selchwaren","robots":{"index":"index","follow":"follow","max-snippet":"max-snippet:-1","max-image-preview":"max-image-preview:large","max-video-preview":"max-video-preview:-1"},"canonical":"https:\/\/www.greisinger.com\/en\/alle-produkte\/","og_locale":"en_GB","og_type":"article","og_title":"Produkte - Greisinger GmbH - Fleisch-, Wurst- und Selchwaren","og_url":"https:\/\/www.greisinger.com\/en\/alle-produkte\/","og_site_name":"Greisinger GmbH - Fleisch-, Wurst- und Selchwaren","twitter_card":"summary_large_image","schema":{"@context":"https:\/\/schema.org","@graph":[{"@type":"WebPage","@id":"https:\/\/www.greisinger.com\/en\/alle-produkte\/","url":"https:\/\/www.greisinger.com\/en\/alle-produkte\/","name":"Produkte - Greisinger GmbH - Fleisch-, Wurst- und Selchwaren","isPartOf":{"@id":"https:\/\/www.greisinger.com\/en\/#website"},"datePublished":"2022-01-07T09:13:05+00:00","breadcrumb":{"@id":"https:\/\/www.greisinger.com\/en\/alle-produkte\/#breadcrumb"},"inLanguage":"en-GB","potentialAction":[{"@type":"ReadAction","target":["https:\/\/www.greisinger.com\/en\/alle-produkte\/"]}]},{"@type":"BreadcrumbList","@id":"https:\/\/www.greisinger.com\/en\/alle-produkte\/#breadcrumb","itemListElement":[{"@type":"ListItem","position":1,"name":"Startseite","item":"https:\/\/www.greisinger.com\/en\/"},{"@type":"ListItem","position":2,"name":"Produkte"}]},{"@type":"WebSite","@id":"https:\/\/www.greisinger.com\/en\/#website","url":"https:\/\/www.greisinger.com\/en\/","name":"Greisinger GmbH - Fleisch-, Wurst- und Selchwaren","description":"Greisinger, ein rein privat gef\u00fchrtes Top-Fleischverarbeitungsunternehmen aus \u00d6sterreich stellt Fleisch- und Wurst-, Salami- und Snack-Produkte h\u00f6chster Qualit\u00e4t her \u2013 f\u00fcr Kunden aus \u00fcber 40 L\u00e4ndern weltweit.","publisher":{"@id":"https:\/\/www.greisinger.com\/en\/#organization"},"potentialAction":[{"@type":"SearchAction","target":{"@type":"EntryPoint","urlTemplate":"https:\/\/www.greisinger.com\/en\/?s={search_term_string}"},"query-input":{"@type":"PropertyValueSpecification","valueRequired":true,"valueName":"search_term_string"}}],"inLanguage":"en-GB"},{"@type":"Organization","@id":"https:\/\/www.greisinger.com\/en\/#organization","name":"Greisinger GmbH - Fleisch-, Wurst- und Selchwaren","url":"https:\/\/www.greisinger.com\/en\/","logo":{"@type":"ImageObject","inLanguage":"en-GB","@id":"https:\/\/www.greisinger.com\/en\/#\/schema\/logo\/image\/","url":"https:\/\/www.greisinger.com\/wp-content\/uploads\/2022\/01\/logo_greisinger.png","contentUrl":"https:\/\/www.greisinger.com\/wp-content\/uploads\/2022\/01\/logo_greisinger.png","width":200,"height":200,"caption":"Greisinger GmbH - Fleisch-, Wurst- und Selchwaren"},"image":{"@id":"https:\/\/www.greisinger.com\/en\/#\/schema\/logo\/image\/"}}]}},"_links":{"self":[{"href":"https:\/\/www.greisinger.com\/en\/wp-json\/wp\/v2\/pages\/4290","targetHints":{"allow":["GET"]}}],"collection":[{"href":"https:\/\/www.greisinger.com\/en\/wp-json\/wp\/v2\/pages"}],"about":[{"href":"https:\/\/www.greisinger.com\/en\/wp-json\/wp\/v2\/types\/page"}],"author":[{"embeddable":true,"href":"https:\/\/www.greisinger.com\/en\/wp-json\/wp\/v2\/users\/26"}],"replies":[{"embeddable":true,"href":"https:\/\/www.greisinger.com\/en\/wp-json\/wp\/v2\/comments?post=4290"}],"version-history":[{"count":0,"href":"https:\/\/www.greisinger.com\/en\/wp-json\/wp\/v2\/pages\/4290\/revisions"}],"wp:attachment":[{"href":"https:\/\/www.greisinger.com\/en\/wp-json\/wp\/v2\/media?parent=4290"}],"curies":[{"name":"wp","href":"https:\/\/api.w.org\/{rel}","templated":true}]}}