{"id":4317,"date":"2022-03-01T14:54:39","date_gmt":"2022-03-01T13:54:39","guid":{"rendered":"https:\/\/www.greisinger.com\/?page_id=4317"},"modified":"2024-05-27T14:31:22","modified_gmt":"2024-05-27T12:31:22","slug":"contact-details","status":"publish","type":"page","link":"https:\/\/www.greisinger.com\/en\/contact\/contact-details\/","title":{"rendered":"Contact details"},"content":{"rendered":"\n\n\n\n\n\n\n\n\n\n\n\n\n\n\n\n\n\n\n\n\n\n\n\n\n\n\n\n\n\n\n\n                                                                    \n                    \n\n\n\n\n\n\n\n\n\n\n\n\n\n\n\n\n\n\n\n\n\n\n\n\n\n\n\n\n\n\n\n\n\n    \n                        \n\n            \n                            \n                                \n    \n            <div class=\"ce ce-image\n         ce--mb-standard                                  ce--fullcontent                     ce--no-bg\n        \"\n             id=\"block_bf994c912935ec56f6324fbd94e8d03a\">\n                                    <div class=\"container-fluid\">\n                                \n\n\n                <div class=\"row\">\n                    <div\n                            class=\"col-12 col-md-12 col-xl-12 mx-auto text-left  ce--fullcontentitem \">\n                        <figure class=\"\"  data-animation=\"fade-up\" data-animation-duration=\"300\" >\n                                                                                                                        <picture>\n                                                                            <source media=\"(min-width: 1600px)\" srcset=\"https:\/\/www.greisinger.com\/wp-content\/uploads\/2022\/04\/lkkl.jpg\">\n                                        <source media=\"(min-width: 1200px)\" srcset=\"https:\/\/www.greisinger.com\/wp-content\/uploads\/2022\/04\/lkkl-1600x0-c-default.jpg\">\n                                        <source media=\"(min-width: 992px)\" srcset=\"https:\/\/www.greisinger.com\/wp-content\/uploads\/2022\/04\/lkkl-992x0-c-default.jpg\">\n                                        <source media=\"(min-width: 768px)\" srcset=\"https:\/\/www.greisinger.com\/wp-content\/uploads\/2022\/04\/lkkl-992x0-c-default.jpg\">\n                                        <source media=\"(min-width: 576px)\" srcset=\"https:\/\/www.greisinger.com\/wp-content\/uploads\/2022\/04\/lkkl-576x0-c-default.jpg\">\n                                                                                    <source media=\"(min-width: 320px)\"\n                                                    srcset=\"https:\/\/www.greisinger.com\/wp-content\/uploads\/2022\/04\/lkkl-576x0-c-default.jpg\">\n                                            <source srcset=\"https:\/\/www.greisinger.com\/wp-content\/uploads\/2022\/04\/lkkl-320x0-c-default.jpg\">\n                                                                                <img loading=\"lazy\" decoding=\"async\" src=\"https:\/\/www.greisinger.com\/wp-content\/uploads\/2022\/04\/lkkl.jpg\" alt=\"Tradtion the best\" title=\"\" width=\"1920\" height=\"359\" class=\"img-fluid w-100\">\n                                                                    <\/picture>\n                            \n                                                    <\/figure>\n                    <\/div>\n                <\/div>\n                            <\/div>\n                    <\/div>\n    \n        \n\n\n\n\n\n\n\n\n\n\n\n\n\n\n\n\n\n\n\n\n\n\n\n\n\n\n\n\n\n\n\n\n\n\n            \n        \n                    <div class=\"ce ce-cols ce-cols--2\n         ce--mb-small                                 \"\n                 id=\"block_f62009ea9bff95da3bab7d9620a6d87a\">\n                                <div class=\"container-fluid\">\n                    \n\n\n                    <div class=\"row\">\n                        <div class=\"col-12 col-lg-6 \">\n                            <!--HIER DIE SCHLEIFE MIT DEM CONTENT SPALTE 1-->\n                                                                                                                            \n\n\n\n\n\n\n\n\n\n\n\n\n\n\n\n\n\n\n\n\n\n\n\n\n\n\n\n\n\n\n                                            \n        \n        \n        \n    \n\n                    \n    \n                    \n            <div class=\"ce ce-text\n                                        \"\n             id=\"block_f62009ea9bff95da3bab7d9620a6d87a\">\n                                        <div class=\"row\">\n                    <div class=\"cc-text__text col-12 col-md-12 col-xl-12  text-right\">\n                        <div class=\"ce-textblock\" data-animation=\"true\" data-animation-duration=\"300\">\n    <div class=\"ce-textblock__text\">\n                            <h2 class=\"h6\"> Franz Greisinger <\/h2>\n                <p><strong>Managing Director<\/strong><br \/>\nPhone: <a href=\"tel:0043 7264 4600 1512\">+43 7264 4600-1512<\/a><br \/>\nE-Mail: <a href=\"mailto:franz.greisinger@greisinger.com\">franz.greisinger@greisinger.com<\/a><\/p>\n\n    <\/div>\n<\/div>\n                    <\/div>\n                <\/div>\n                        <\/div>\n    \n                                                                    \n                        <\/div>\n                        <div class=\"col-12 col-lg-6 \">\n                            <!--HIER DIE SCHLEIFE MIT DEM CONTENT SPALTE 2-->\n                                                                                                                            \n\n\n\n\n\n\n\n\n\n\n\n\n\n\n\n\n\n\n\n\n\n\n\n\n\n\n\n\n\n\n                                            \n        \n        \n        \n    \n\n                    \n    \n                    \n            <div class=\"ce ce-text\n                                        \"\n             id=\"block_f62009ea9bff95da3bab7d9620a6d87a\">\n                                        <div class=\"row\">\n                    <div class=\"cc-text__text col-12 col-md-12 col-xl-12  text-left\">\n                        <div class=\"ce-textblock\" data-animation=\"true\" data-animation-duration=\"300\">\n    <div class=\"ce-textblock__text\">\n                            <h2 class=\"h6\"> Gerhard Greisinger <\/h2>\n                <p><strong>Marketing, Sales &amp; Commercial Director<\/strong><br \/>\nPhone: <a href=\"tel:0043 7264 4600 2015\">+43 7264 4600-2015<\/a><br \/>\nE-Mail: <a href=\"mailto:gerhard.greisinger@greisinger.com\">gerhard.greisinger@greisinger.com<\/a><\/p>\n\n    <\/div>\n<\/div>\n                    <\/div>\n                <\/div>\n                        <\/div>\n    \n                                                                                            <\/div>\n                    <\/div>\n                <\/div>\n            <\/div>\n                        \n\n\n\n\n\n\n\n\n\n\n\n\n\n\n\n\n\n\n\n\n\n\n\n\n\n\n\n\n\n\n\n\n\n\n            \n        \n                    <div class=\"ce ce-cols ce-cols--2\n         ce--mb-small                                 \"\n                 id=\"block_69e71978ebb17ab2d7849d358b3aeae7\">\n                                <div class=\"container-fluid\">\n                    \n\n\n                    <div class=\"row\">\n                        <div class=\"col-12 col-lg-6 \">\n                            <!--HIER DIE SCHLEIFE MIT DEM CONTENT SPALTE 1-->\n                                                                                                                            \n\n\n\n\n\n\n\n\n\n\n\n\n\n\n\n\n\n\n\n\n\n\n\n\n\n\n\n\n\n\n                                            \n        \n        \n        \n    \n\n                    \n    \n                    \n            <div class=\"ce ce-text\n                                        \"\n             id=\"block_69e71978ebb17ab2d7849d358b3aeae7\">\n                                        <div class=\"row\">\n                    <div class=\"cc-text__text col-12 col-md-12 col-xl-12  text-right\">\n                        <div class=\"ce-textblock\" data-animation=\"true\" data-animation-duration=\"300\">\n    <div class=\"ce-textblock__text\">\n                            <h2 class=\"h6\"> DI Oliver Steinmann  <\/h2>\n                <p><strong>Head of Marketing\u00a0<\/strong><br \/>\nPhone: +43 7264\/4600-2510<br \/>\nE-Mail: <a href=\"mailto:oliver.steinmann@greisinger.com\">oliver.steinmann@greisinger.com<\/a><\/p>\n\n    <\/div>\n<\/div>\n                    <\/div>\n                <\/div>\n                        <\/div>\n    \n                                                                    \n                        <\/div>\n                        <div class=\"col-12 col-lg-6 \">\n                            <!--HIER DIE SCHLEIFE MIT DEM CONTENT SPALTE 2-->\n                                                                                                                            \n\n\n\n\n\n\n\n\n\n\n\n\n\n\n\n\n\n\n\n\n\n\n\n\n\n\n\n\n\n\n                                            \n        \n        \n        \n    \n\n                    \n    \n                    \n            <div class=\"ce ce-text\n                                        \"\n             id=\"block_69e71978ebb17ab2d7849d358b3aeae7\">\n                                        <div class=\"row\">\n                    <div class=\"cc-text__text col-12 col-md-12 col-xl-12  text-left\">\n                        <div class=\"ce-textblock\" data-animation=\"true\" data-animation-duration=\"300\">\n    <div class=\"ce-textblock__text\">\n                            <h2 class=\"h6\"> Mag. Barbara Herbst, MSC  <\/h2>\n                <p><strong>Human Resources Management<\/strong><br \/>\nPhone: +43 7264\/4600-2324<br \/>\nE-Mail: <a href=\"mailto:barbara.herbst@greisinger.com\">barbara.herbst@greisinger.com<\/a><\/p>\n\n    <\/div>\n<\/div>\n                    <\/div>\n                <\/div>\n                        <\/div>\n    \n                                                                                            <\/div>\n                    <\/div>\n                <\/div>\n            <\/div>\n                        \n\n\n\n\n\n\n\n\n\n\n\n\n\n\n\n\n\n\n\n\n\n\n\n\n\n\n\n\n\n\n\n\n\n\n            \n        \n                    <div class=\"ce ce-cols ce-cols--2\n         ce--mb-small                                 \"\n                 id=\"block_4227d22a95278de9f0adfe4902b9e090\">\n                                <div class=\"container-fluid\">\n                    \n\n\n                    <div class=\"row\">\n                        <div class=\"col-12 col-lg-6 \">\n                            <!--HIER DIE SCHLEIFE MIT DEM CONTENT SPALTE 1-->\n                                                                                                                            \n\n\n\n\n\n\n\n\n\n\n\n\n\n\n\n\n\n\n\n\n\n\n\n\n\n\n\n\n\n\n                                            \n        \n        \n        \n    \n\n                    \n    \n                    \n    \n                                                                    \n                        <\/div>\n                        <div class=\"col-12 col-lg-6 \">\n                            <!--HIER DIE SCHLEIFE MIT DEM CONTENT SPALTE 2-->\n                                                                                                                            \n\n\n\n\n\n\n\n\n\n\n\n\n\n\n\n\n\n\n\n\n\n\n\n\n\n\n\n\n\n\n                                            \n        \n        \n        \n    \n\n                    \n    \n                    \n    \n                                                                                            <\/div>\n                    <\/div>\n                <\/div>\n            <\/div>\n                        ","protected":false},"excerpt":{"rendered":"","protected":false},"author":26,"featured_media":0,"parent":4377,"menu_order":1,"comment_status":"closed","ping_status":"closed","template":"","meta":{"_acf_changed":false,"footnotes":""},"class_list":["post-4317","page","type-page","status-publish","hentry"],"acf":[],"yoast_head":"<!-- This site is optimized with the Yoast SEO plugin v27.2 - https:\/\/yoast.com\/product\/yoast-seo-wordpress\/ -->\n<title>Contact details - Greisinger GmbH - Fleisch-, Wurst- und Selchwaren<\/title>\n<meta name=\"robots\" content=\"index, follow, max-snippet:-1, max-image-preview:large, max-video-preview:-1\" \/>\n<link rel=\"canonical\" href=\"https:\/\/www.greisinger.com\/en\/contact\/contact-details\/\" \/>\n<meta property=\"og:locale\" content=\"en_GB\" \/>\n<meta property=\"og:type\" content=\"article\" \/>\n<meta property=\"og:title\" content=\"Contact details - Greisinger GmbH - Fleisch-, Wurst- und Selchwaren\" \/>\n<meta property=\"og:url\" content=\"https:\/\/www.greisinger.com\/en\/contact\/contact-details\/\" \/>\n<meta property=\"og:site_name\" content=\"Greisinger GmbH - Fleisch-, Wurst- und Selchwaren\" \/>\n<meta property=\"article:modified_time\" content=\"2024-05-27T12:31:22+00:00\" \/>\n<meta name=\"twitter:card\" content=\"summary_large_image\" \/>\n<script type=\"application\/ld+json\" class=\"yoast-schema-graph\">{\"@context\":\"https:\/\/schema.org\",\"@graph\":[{\"@type\":\"WebPage\",\"@id\":\"https:\/\/www.greisinger.com\/en\/contact\/contact-details\/\",\"url\":\"https:\/\/www.greisinger.com\/en\/contact\/contact-details\/\",\"name\":\"Contact details - Greisinger GmbH - Fleisch-, Wurst- und Selchwaren\",\"isPartOf\":{\"@id\":\"https:\/\/www.greisinger.com\/en\/#website\"},\"datePublished\":\"2022-03-01T13:54:39+00:00\",\"dateModified\":\"2024-05-27T12:31:22+00:00\",\"breadcrumb\":{\"@id\":\"https:\/\/www.greisinger.com\/en\/contact\/contact-details\/#breadcrumb\"},\"inLanguage\":\"en-GB\",\"potentialAction\":[{\"@type\":\"ReadAction\",\"target\":[\"https:\/\/www.greisinger.com\/en\/contact\/contact-details\/\"]}]},{\"@type\":\"BreadcrumbList\",\"@id\":\"https:\/\/www.greisinger.com\/en\/contact\/contact-details\/#breadcrumb\",\"itemListElement\":[{\"@type\":\"ListItem\",\"position\":1,\"name\":\"Startseite\",\"item\":\"https:\/\/www.greisinger.com\/en\/\"},{\"@type\":\"ListItem\",\"position\":2,\"name\":\"Contact\",\"item\":\"https:\/\/www.greisinger.com\/en\/contact\/\"},{\"@type\":\"ListItem\",\"position\":3,\"name\":\"Contact details\"}]},{\"@type\":\"WebSite\",\"@id\":\"https:\/\/www.greisinger.com\/en\/#website\",\"url\":\"https:\/\/www.greisinger.com\/en\/\",\"name\":\"Greisinger GmbH - Fleisch-, Wurst- und Selchwaren\",\"description\":\"Greisinger, ein rein privat gef\u00fchrtes Top-Fleischverarbeitungsunternehmen aus \u00d6sterreich stellt Fleisch- und Wurst-, Salami- und Snack-Produkte h\u00f6chster Qualit\u00e4t her \u2013 f\u00fcr Kunden aus \u00fcber 40 L\u00e4ndern weltweit.\",\"publisher\":{\"@id\":\"https:\/\/www.greisinger.com\/en\/#organization\"},\"potentialAction\":[{\"@type\":\"SearchAction\",\"target\":{\"@type\":\"EntryPoint\",\"urlTemplate\":\"https:\/\/www.greisinger.com\/en\/?s={search_term_string}\"},\"query-input\":{\"@type\":\"PropertyValueSpecification\",\"valueRequired\":true,\"valueName\":\"search_term_string\"}}],\"inLanguage\":\"en-GB\"},{\"@type\":\"Organization\",\"@id\":\"https:\/\/www.greisinger.com\/en\/#organization\",\"name\":\"Greisinger GmbH - Fleisch-, Wurst- und Selchwaren\",\"url\":\"https:\/\/www.greisinger.com\/en\/\",\"logo\":{\"@type\":\"ImageObject\",\"inLanguage\":\"en-GB\",\"@id\":\"https:\/\/www.greisinger.com\/en\/#\/schema\/logo\/image\/\",\"url\":\"https:\/\/www.greisinger.com\/wp-content\/uploads\/2022\/01\/logo_greisinger.png\",\"contentUrl\":\"https:\/\/www.greisinger.com\/wp-content\/uploads\/2022\/01\/logo_greisinger.png\",\"width\":200,\"height\":200,\"caption\":\"Greisinger GmbH - Fleisch-, Wurst- und Selchwaren\"},\"image\":{\"@id\":\"https:\/\/www.greisinger.com\/en\/#\/schema\/logo\/image\/\"}}]}<\/script>\n<!-- \/ Yoast SEO plugin. -->","yoast_head_json":{"title":"Contact details - Greisinger GmbH - Fleisch-, Wurst- und Selchwaren","robots":{"index":"index","follow":"follow","max-snippet":"max-snippet:-1","max-image-preview":"max-image-preview:large","max-video-preview":"max-video-preview:-1"},"canonical":"https:\/\/www.greisinger.com\/en\/contact\/contact-details\/","og_locale":"en_GB","og_type":"article","og_title":"Contact details - Greisinger GmbH - Fleisch-, Wurst- und Selchwaren","og_url":"https:\/\/www.greisinger.com\/en\/contact\/contact-details\/","og_site_name":"Greisinger GmbH - Fleisch-, Wurst- und Selchwaren","article_modified_time":"2024-05-27T12:31:22+00:00","twitter_card":"summary_large_image","schema":{"@context":"https:\/\/schema.org","@graph":[{"@type":"WebPage","@id":"https:\/\/www.greisinger.com\/en\/contact\/contact-details\/","url":"https:\/\/www.greisinger.com\/en\/contact\/contact-details\/","name":"Contact details - Greisinger GmbH - Fleisch-, Wurst- und Selchwaren","isPartOf":{"@id":"https:\/\/www.greisinger.com\/en\/#website"},"datePublished":"2022-03-01T13:54:39+00:00","dateModified":"2024-05-27T12:31:22+00:00","breadcrumb":{"@id":"https:\/\/www.greisinger.com\/en\/contact\/contact-details\/#breadcrumb"},"inLanguage":"en-GB","potentialAction":[{"@type":"ReadAction","target":["https:\/\/www.greisinger.com\/en\/contact\/contact-details\/"]}]},{"@type":"BreadcrumbList","@id":"https:\/\/www.greisinger.com\/en\/contact\/contact-details\/#breadcrumb","itemListElement":[{"@type":"ListItem","position":1,"name":"Startseite","item":"https:\/\/www.greisinger.com\/en\/"},{"@type":"ListItem","position":2,"name":"Contact","item":"https:\/\/www.greisinger.com\/en\/contact\/"},{"@type":"ListItem","position":3,"name":"Contact details"}]},{"@type":"WebSite","@id":"https:\/\/www.greisinger.com\/en\/#website","url":"https:\/\/www.greisinger.com\/en\/","name":"Greisinger GmbH - Fleisch-, Wurst- und Selchwaren","description":"Greisinger, ein rein privat gef\u00fchrtes Top-Fleischverarbeitungsunternehmen aus \u00d6sterreich stellt Fleisch- und Wurst-, Salami- und Snack-Produkte h\u00f6chster Qualit\u00e4t her \u2013 f\u00fcr Kunden aus \u00fcber 40 L\u00e4ndern weltweit.","publisher":{"@id":"https:\/\/www.greisinger.com\/en\/#organization"},"potentialAction":[{"@type":"SearchAction","target":{"@type":"EntryPoint","urlTemplate":"https:\/\/www.greisinger.com\/en\/?s={search_term_string}"},"query-input":{"@type":"PropertyValueSpecification","valueRequired":true,"valueName":"search_term_string"}}],"inLanguage":"en-GB"},{"@type":"Organization","@id":"https:\/\/www.greisinger.com\/en\/#organization","name":"Greisinger GmbH - Fleisch-, Wurst- und Selchwaren","url":"https:\/\/www.greisinger.com\/en\/","logo":{"@type":"ImageObject","inLanguage":"en-GB","@id":"https:\/\/www.greisinger.com\/en\/#\/schema\/logo\/image\/","url":"https:\/\/www.greisinger.com\/wp-content\/uploads\/2022\/01\/logo_greisinger.png","contentUrl":"https:\/\/www.greisinger.com\/wp-content\/uploads\/2022\/01\/logo_greisinger.png","width":200,"height":200,"caption":"Greisinger GmbH - Fleisch-, Wurst- und Selchwaren"},"image":{"@id":"https:\/\/www.greisinger.com\/en\/#\/schema\/logo\/image\/"}}]}},"_links":{"self":[{"href":"https:\/\/www.greisinger.com\/en\/wp-json\/wp\/v2\/pages\/4317","targetHints":{"allow":["GET"]}}],"collection":[{"href":"https:\/\/www.greisinger.com\/en\/wp-json\/wp\/v2\/pages"}],"about":[{"href":"https:\/\/www.greisinger.com\/en\/wp-json\/wp\/v2\/types\/page"}],"author":[{"embeddable":true,"href":"https:\/\/www.greisinger.com\/en\/wp-json\/wp\/v2\/users\/26"}],"replies":[{"embeddable":true,"href":"https:\/\/www.greisinger.com\/en\/wp-json\/wp\/v2\/comments?post=4317"}],"version-history":[{"count":36,"href":"https:\/\/www.greisinger.com\/en\/wp-json\/wp\/v2\/pages\/4317\/revisions"}],"predecessor-version":[{"id":26851,"href":"https:\/\/www.greisinger.com\/en\/wp-json\/wp\/v2\/pages\/4317\/revisions\/26851"}],"up":[{"embeddable":true,"href":"https:\/\/www.greisinger.com\/en\/wp-json\/wp\/v2\/pages\/4377"}],"wp:attachment":[{"href":"https:\/\/www.greisinger.com\/en\/wp-json\/wp\/v2\/media?parent=4317"}],"curies":[{"name":"wp","href":"https:\/\/api.w.org\/{rel}","templated":true}]}}