{"id":4323,"date":"2022-03-01T15:16:59","date_gmt":"2022-03-01T14:16:59","guid":{"rendered":"https:\/\/www.greisinger.com\/?page_id=4323"},"modified":"2024-12-11T14:52:02","modified_gmt":"2024-12-11T13:52:02","slug":"a-family-run-company","status":"publish","type":"page","link":"https:\/\/www.greisinger.com\/en\/a-family-run-company\/","title":{"rendered":"A family-run company"},"content":{"rendered":"\n\n\n\n\n\n\n\n\n\n\n\n\n\n\n\n\n\n\n\n\n\n\n\n\n\n\n\n\n\n\n\n    \n                        \n        \n                <div class=\"ce ce-blockquote ce--full             ce--mb-standard \"\n             id=\"block_45056cf3cfb566bf954700f5c4864b78\">\n                                                                                                                                                \n                <div class=\"ce-blockquote__item ce--sp-standard text-center\n                 ce--sp-standard                js-bgcontainer u-bg-cc\">\n\n                                                                    <figure>\n    <picture>\n        <source media=\"(min-width: 1440px)\" srcset=\"https:\/\/www.greisinger.com\/wp-content\/uploads\/2022\/01\/01-1-e1646832569279.jpg\">\n        <source media=\"(min-width: 1200px)\" srcset=\"https:\/\/www.greisinger.com\/wp-content\/uploads\/2022\/01\/01-1-e1646832569279-1440x0-c-default.jpg\">\n        <source media=\"(min-width: 992px)\" srcset=\"https:\/\/www.greisinger.com\/wp-content\/uploads\/2022\/01\/01-1-e1646832569279-1200x0-c-default.jpg\">\n        <source media=\"(min-width: 768px)\" srcset=\"https:\/\/www.greisinger.com\/wp-content\/uploads\/2022\/01\/01-1-e1646832569279-992x0-c-default.jpg\">\n        <source media=\"(min-width: 576px)\" srcset=\"https:\/\/www.greisinger.com\/wp-content\/uploads\/2022\/01\/01-1-e1646832569279-768x0-c-default.jpg\">\n        <source media=\"(min-width: 320px)\" srcset=\"https:\/\/www.greisinger.com\/wp-content\/uploads\/2022\/01\/01-1-e1646832569279-576x0-c-default.jpg\">\n        <source srcset=\"https:\/\/www.greisinger.com\/wp-content\/uploads\/2022\/01\/01-1-e1646832569279-576x0-c-default.jpg\">\n        <img decoding=\"async\" src=\"https:\/\/www.greisinger.com\/wp-content\/uploads\/2022\/01\/01-1-e1646832569279.jpg\" width=\"\"\n             height=\"\" alt=\"\" title=\"\" class=\"img-fluid w-100 js-bgimage\">\n    <\/picture>\n<\/figure>\n                        <div class=\"ce-text__gradient ce-text__gradient--center js-gradient\"><\/div>\n                        <div class=\"ce-text__gradient--base\"><\/div>\n                    \n                                        <div class=\"container-fluid\">\n                                                <div class=\"row\">\n                            <div class=\"col-12 col-sm-10 col-lg-8 mx-auto\">\n                                                        <\/div>\n                        <div class=\"row\">\n                            <div class=\"col-12 col-sm-10 col-lg-8 mx-auto\">\n                                <figure>\n                                    <img decoding=\"async\" class=\"ce-blockquote__icon svg\"\n                                         src=\"https:\/\/www.greisinger.com\/wp-content\/themes\/rup\/svg\/solid\/quote-right.svg\" alt=\"\"\n                                         title=\"\" data-animation=\"true\" data-animation-duration=\"300\">\n                                    <blockquote cite=\"Franz Greisinger, Managing Director\" class=\"ce-blockquote__quote\"\n                                                data-animation=\"true\"\n                                                data-animation-duration=\"300\" data-animation-delay=\"100\">\n                                        &#8220;As a family run company, we set great importance on traditional recipes, strictly selected raw\r\nmaterials and unconditional focus on the needs of our customers.\r\n\r\nMeans:\r\nBy Tradition: THE BEST.&#8221;\n                                    <\/blockquote>\n                                                                        <figcaption data-animation=\"fade-up\" data-animation-duration=\"300\" data-animation-delay=\"100\"\n                                                class=\"ce-blockquote__caption\">\n                                        Franz Greisinger, Managing Director\n                                    <\/figcaption>\n                                <\/figure>\n                            <\/div>\n                        <\/div>\n                                            <\/div>\n                                    <\/div>\n            <\/div>\n                    <\/div>\n        <\/div>\n    \n        \n\n\n\n\n\n\n\n\n\n\n\n\n\n\n\n\n\n\n\n\n\n\n\n\n\n\n\n\n\n\n\n\n\n                            \n        \n        \n\n\n\n\n\n\n\n\n\n\n\n\n\n\n\n\n\n\n\n\n\n\n\n\n\n\n\n\n\n\n\n\n\n\n    \n    \n    \n        \n    \n                                \n                            \n                                    \n        \n    \n                                                             \n            <div class=\"ce ce-textimage\n         ce--mb-standard                                                     ce--no-bg\n        \"\n             id=\"block_66745e1cafb5e1b03429690c776e8b73\">\n                                    <div class=\"container-fluid\">\n                                <div class=\"row\">\n                    <div\n                            class=\"ce-textimage__text col-12 col-md-6 col-xl-5 text-left offset-xl-1 order-1 d-flex flex-column justify-content-start\">\n                        <div class=\"ce-textblock\" data-animation=\"true\" data-animation-duration=\"300\">\n    <div class=\"ce-textblock__text\">\n                            <h2 class=\"h4\"> Where tradition meets innovation: <br \/>\r\nAt Greisinger <\/h2>\n                <ul>\n<li>Focus on natural resources and masterly craftsmanship.<\/li>\n<li>Own meat cutting unit (product standardization: same cutting, freshness etc.).<\/li>\n<li>Product safety and constant quality standard.<\/li>\n<li>Distinctive appearance by natural means.<\/li>\n<li>Cooperation and mutual support with sufficient flexibility.<\/li>\n<li>Best possible customer service worldwide.<\/li>\n<\/ul>\n\n    <\/div>\n<\/div>\n                    <\/div>\n                    <div\n                            class=\"ce-textimage__image col-12 col-md-6 col-xl-5 offset-xl-1 order-0 order-md-0 d-flex flex-column justify-content-start align-items-center\">\n                        <figure class=\"mb-md-0\">\n                                                                                            <picture>\n                                                                            \n                                        \n                                                                                                                                                                \n                                        <source media=\"(min-width: 1600px)\" srcset=\"https:\/\/www.greisinger.com\/wp-content\/uploads\/2024\/12\/234A0204.jpg\">\n                                        <source media=\"(min-width: 1200px)\" srcset=\"https:\/\/www.greisinger.com\/wp-content\/uploads\/2024\/12\/234A0204-666.66666666667x0-c-default.jpg\">\n                                        <source media=\"(min-width: 992px)\" srcset=\"https:\/\/www.greisinger.com\/wp-content\/uploads\/2024\/12\/234A0204-496x0-c-default.jpg\">\n                                        <source media=\"(min-width: 768px)\" srcset=\"https:\/\/www.greisinger.com\/wp-content\/uploads\/2024\/12\/234A0204-496x0-c-default.jpg\">\n                                        <source media=\"(min-width: 576px)\" srcset=\"https:\/\/www.greisinger.com\/wp-content\/uploads\/2024\/12\/234A0204-576x0-c-default.jpg\">\n                                        <source media=\"(min-width: 320px)\" srcset=\"https:\/\/www.greisinger.com\/wp-content\/uploads\/2024\/12\/234A0204-576x0-c-default.jpg\">\n                                        <source srcset=\"https:\/\/www.greisinger.com\/wp-content\/uploads\/2024\/12\/234A0204-576x0-c-default.jpg\">\n                                        <img loading=\"lazy\" decoding=\"async\" src=\"https:\/\/www.greisinger.com\/wp-content\/uploads\/2024\/12\/234A0204.jpg\" alt=\"\"\n                                             title=\"234A0204\"\n                                             width=\"5163\" height=\"3442\"\n                                             class=\"img-fluid w-100\">\n                                                                    <\/picture>\n                            \n                                                                                                <figcaption> <i>Gerhard Greisinger, Franz Greisinger (Managing Director), Ewald Greisinger, Patrick Greisinger<\/i> <\/figcaption>\n                                                                                    <\/figure>\n                    <\/div>\n                <\/div>\n                            <\/div>\n                    <\/div>\n    \n        ","protected":false},"excerpt":{"rendered":"","protected":false},"author":26,"featured_media":0,"parent":0,"menu_order":1,"comment_status":"closed","ping_status":"closed","template":"","meta":{"_acf_changed":false,"footnotes":""},"class_list":["post-4323","page","type-page","status-publish","hentry"],"acf":[],"yoast_head":"<!-- This site is optimized with the Yoast SEO plugin v27.2 - https:\/\/yoast.com\/product\/yoast-seo-wordpress\/ -->\n<title>A family-run company - Greisinger GmbH - Fleisch-, Wurst- und Selchwaren<\/title>\n<meta name=\"robots\" content=\"index, follow, max-snippet:-1, max-image-preview:large, max-video-preview:-1\" \/>\n<link rel=\"canonical\" href=\"https:\/\/www.greisinger.com\/en\/a-family-run-company\/\" \/>\n<meta property=\"og:locale\" content=\"en_GB\" \/>\n<meta property=\"og:type\" content=\"article\" \/>\n<meta property=\"og:title\" content=\"A family-run company - Greisinger GmbH - Fleisch-, Wurst- und Selchwaren\" \/>\n<meta property=\"og:url\" content=\"https:\/\/www.greisinger.com\/en\/a-family-run-company\/\" \/>\n<meta property=\"og:site_name\" content=\"Greisinger GmbH - Fleisch-, Wurst- und Selchwaren\" \/>\n<meta property=\"article:modified_time\" content=\"2024-12-11T13:52:02+00:00\" \/>\n<meta name=\"twitter:card\" content=\"summary_large_image\" \/>\n<script type=\"application\/ld+json\" class=\"yoast-schema-graph\">{\"@context\":\"https:\/\/schema.org\",\"@graph\":[{\"@type\":\"WebPage\",\"@id\":\"https:\/\/www.greisinger.com\/en\/a-family-run-company\/\",\"url\":\"https:\/\/www.greisinger.com\/en\/a-family-run-company\/\",\"name\":\"A family-run company - Greisinger GmbH - Fleisch-, Wurst- und Selchwaren\",\"isPartOf\":{\"@id\":\"https:\/\/www.greisinger.com\/en\/#website\"},\"datePublished\":\"2022-03-01T14:16:59+00:00\",\"dateModified\":\"2024-12-11T13:52:02+00:00\",\"breadcrumb\":{\"@id\":\"https:\/\/www.greisinger.com\/en\/a-family-run-company\/#breadcrumb\"},\"inLanguage\":\"en-GB\",\"potentialAction\":[{\"@type\":\"ReadAction\",\"target\":[\"https:\/\/www.greisinger.com\/en\/a-family-run-company\/\"]}]},{\"@type\":\"BreadcrumbList\",\"@id\":\"https:\/\/www.greisinger.com\/en\/a-family-run-company\/#breadcrumb\",\"itemListElement\":[{\"@type\":\"ListItem\",\"position\":1,\"name\":\"Startseite\",\"item\":\"https:\/\/www.greisinger.com\/en\/\"},{\"@type\":\"ListItem\",\"position\":2,\"name\":\"A family-run company\"}]},{\"@type\":\"WebSite\",\"@id\":\"https:\/\/www.greisinger.com\/en\/#website\",\"url\":\"https:\/\/www.greisinger.com\/en\/\",\"name\":\"Greisinger GmbH - Fleisch-, Wurst- und Selchwaren\",\"description\":\"Greisinger, ein rein privat gef\u00fchrtes Top-Fleischverarbeitungsunternehmen aus \u00d6sterreich stellt Fleisch- und Wurst-, Salami- und Snack-Produkte h\u00f6chster Qualit\u00e4t her \u2013 f\u00fcr Kunden aus \u00fcber 40 L\u00e4ndern weltweit.\",\"publisher\":{\"@id\":\"https:\/\/www.greisinger.com\/en\/#organization\"},\"potentialAction\":[{\"@type\":\"SearchAction\",\"target\":{\"@type\":\"EntryPoint\",\"urlTemplate\":\"https:\/\/www.greisinger.com\/en\/?s={search_term_string}\"},\"query-input\":{\"@type\":\"PropertyValueSpecification\",\"valueRequired\":true,\"valueName\":\"search_term_string\"}}],\"inLanguage\":\"en-GB\"},{\"@type\":\"Organization\",\"@id\":\"https:\/\/www.greisinger.com\/en\/#organization\",\"name\":\"Greisinger GmbH - Fleisch-, Wurst- und Selchwaren\",\"url\":\"https:\/\/www.greisinger.com\/en\/\",\"logo\":{\"@type\":\"ImageObject\",\"inLanguage\":\"en-GB\",\"@id\":\"https:\/\/www.greisinger.com\/en\/#\/schema\/logo\/image\/\",\"url\":\"https:\/\/www.greisinger.com\/wp-content\/uploads\/2022\/01\/logo_greisinger.png\",\"contentUrl\":\"https:\/\/www.greisinger.com\/wp-content\/uploads\/2022\/01\/logo_greisinger.png\",\"width\":200,\"height\":200,\"caption\":\"Greisinger GmbH - Fleisch-, Wurst- und Selchwaren\"},\"image\":{\"@id\":\"https:\/\/www.greisinger.com\/en\/#\/schema\/logo\/image\/\"}}]}<\/script>\n<!-- \/ Yoast SEO plugin. -->","yoast_head_json":{"title":"A family-run company - Greisinger GmbH - Fleisch-, Wurst- und Selchwaren","robots":{"index":"index","follow":"follow","max-snippet":"max-snippet:-1","max-image-preview":"max-image-preview:large","max-video-preview":"max-video-preview:-1"},"canonical":"https:\/\/www.greisinger.com\/en\/a-family-run-company\/","og_locale":"en_GB","og_type":"article","og_title":"A family-run company - Greisinger GmbH - Fleisch-, Wurst- und Selchwaren","og_url":"https:\/\/www.greisinger.com\/en\/a-family-run-company\/","og_site_name":"Greisinger GmbH - Fleisch-, Wurst- und Selchwaren","article_modified_time":"2024-12-11T13:52:02+00:00","twitter_card":"summary_large_image","schema":{"@context":"https:\/\/schema.org","@graph":[{"@type":"WebPage","@id":"https:\/\/www.greisinger.com\/en\/a-family-run-company\/","url":"https:\/\/www.greisinger.com\/en\/a-family-run-company\/","name":"A family-run company - Greisinger GmbH - Fleisch-, Wurst- und Selchwaren","isPartOf":{"@id":"https:\/\/www.greisinger.com\/en\/#website"},"datePublished":"2022-03-01T14:16:59+00:00","dateModified":"2024-12-11T13:52:02+00:00","breadcrumb":{"@id":"https:\/\/www.greisinger.com\/en\/a-family-run-company\/#breadcrumb"},"inLanguage":"en-GB","potentialAction":[{"@type":"ReadAction","target":["https:\/\/www.greisinger.com\/en\/a-family-run-company\/"]}]},{"@type":"BreadcrumbList","@id":"https:\/\/www.greisinger.com\/en\/a-family-run-company\/#breadcrumb","itemListElement":[{"@type":"ListItem","position":1,"name":"Startseite","item":"https:\/\/www.greisinger.com\/en\/"},{"@type":"ListItem","position":2,"name":"A family-run company"}]},{"@type":"WebSite","@id":"https:\/\/www.greisinger.com\/en\/#website","url":"https:\/\/www.greisinger.com\/en\/","name":"Greisinger GmbH - Fleisch-, Wurst- und Selchwaren","description":"Greisinger, ein rein privat gef\u00fchrtes Top-Fleischverarbeitungsunternehmen aus \u00d6sterreich stellt Fleisch- und Wurst-, Salami- und Snack-Produkte h\u00f6chster Qualit\u00e4t her \u2013 f\u00fcr Kunden aus \u00fcber 40 L\u00e4ndern weltweit.","publisher":{"@id":"https:\/\/www.greisinger.com\/en\/#organization"},"potentialAction":[{"@type":"SearchAction","target":{"@type":"EntryPoint","urlTemplate":"https:\/\/www.greisinger.com\/en\/?s={search_term_string}"},"query-input":{"@type":"PropertyValueSpecification","valueRequired":true,"valueName":"search_term_string"}}],"inLanguage":"en-GB"},{"@type":"Organization","@id":"https:\/\/www.greisinger.com\/en\/#organization","name":"Greisinger GmbH - Fleisch-, Wurst- und Selchwaren","url":"https:\/\/www.greisinger.com\/en\/","logo":{"@type":"ImageObject","inLanguage":"en-GB","@id":"https:\/\/www.greisinger.com\/en\/#\/schema\/logo\/image\/","url":"https:\/\/www.greisinger.com\/wp-content\/uploads\/2022\/01\/logo_greisinger.png","contentUrl":"https:\/\/www.greisinger.com\/wp-content\/uploads\/2022\/01\/logo_greisinger.png","width":200,"height":200,"caption":"Greisinger GmbH - Fleisch-, Wurst- und Selchwaren"},"image":{"@id":"https:\/\/www.greisinger.com\/en\/#\/schema\/logo\/image\/"}}]}},"_links":{"self":[{"href":"https:\/\/www.greisinger.com\/en\/wp-json\/wp\/v2\/pages\/4323","targetHints":{"allow":["GET"]}}],"collection":[{"href":"https:\/\/www.greisinger.com\/en\/wp-json\/wp\/v2\/pages"}],"about":[{"href":"https:\/\/www.greisinger.com\/en\/wp-json\/wp\/v2\/types\/page"}],"author":[{"embeddable":true,"href":"https:\/\/www.greisinger.com\/en\/wp-json\/wp\/v2\/users\/26"}],"replies":[{"embeddable":true,"href":"https:\/\/www.greisinger.com\/en\/wp-json\/wp\/v2\/comments?post=4323"}],"version-history":[{"count":17,"href":"https:\/\/www.greisinger.com\/en\/wp-json\/wp\/v2\/pages\/4323\/revisions"}],"predecessor-version":[{"id":28000,"href":"https:\/\/www.greisinger.com\/en\/wp-json\/wp\/v2\/pages\/4323\/revisions\/28000"}],"wp:attachment":[{"href":"https:\/\/www.greisinger.com\/en\/wp-json\/wp\/v2\/media?parent=4323"}],"curies":[{"name":"wp","href":"https:\/\/api.w.org\/{rel}","templated":true}]}}