{"id":4335,"date":"2022-03-01T15:52:05","date_gmt":"2022-03-01T14:52:05","guid":{"rendered":"https:\/\/www.greisinger.com\/?page_id=4335"},"modified":"2022-03-24T11:45:40","modified_gmt":"2022-03-24T10:45:40","slug":"energy-the-environment","status":"publish","type":"page","link":"https:\/\/www.greisinger.com\/en\/qualitaet-nachhaltigkeit\/energy-the-environment\/","title":{"rendered":"Energy &#038; the environment"},"content":{"rendered":"\n\n\n\n\n\n\n\n\n\n\n\n\n\n\n\n\n\n\n\n\n\n\n\n\n\n\n\n\n\n\n\n                            \n                <div class=\"ce ce-teaser5050 ce--full ce--fullcontent         ce--mb-standard                                              ce--sp-0             js-bgcontainer u-bg-cc  \"\n             id=\"block_6217abdcc6a97\">\n                                <figure>\n    <picture>\n        <source media=\"(min-width: 1440px)\" srcset=\"https:\/\/www.greisinger.com\/wp-content\/uploads\/2022\/01\/01-1-e1646832569279.jpg\">\n        <source media=\"(min-width: 1200px)\" srcset=\"https:\/\/www.greisinger.com\/wp-content\/uploads\/2022\/01\/01-1-e1646832569279-1440x0-c-default.jpg\">\n        <source media=\"(min-width: 992px)\" srcset=\"https:\/\/www.greisinger.com\/wp-content\/uploads\/2022\/01\/01-1-e1646832569279-1200x0-c-default.jpg\">\n        <source media=\"(min-width: 768px)\" srcset=\"https:\/\/www.greisinger.com\/wp-content\/uploads\/2022\/01\/01-1-e1646832569279-992x0-c-default.jpg\">\n        <source media=\"(min-width: 576px)\" srcset=\"https:\/\/www.greisinger.com\/wp-content\/uploads\/2022\/01\/01-1-e1646832569279-768x0-c-default.jpg\">\n        <source media=\"(min-width: 320px)\" srcset=\"https:\/\/www.greisinger.com\/wp-content\/uploads\/2022\/01\/01-1-e1646832569279-576x0-c-default.jpg\">\n        <source srcset=\"https:\/\/www.greisinger.com\/wp-content\/uploads\/2022\/01\/01-1-e1646832569279-576x0-c-default.jpg\">\n        <img decoding=\"async\" src=\"https:\/\/www.greisinger.com\/wp-content\/uploads\/2022\/01\/01-1-e1646832569279.jpg\" width=\"\"\n             height=\"\" alt=\"\" title=\"01\" class=\"img-fluid w-100 js-bgimage\">\n    <\/picture>\n<\/figure>\n                        <div class=\"container-fluid\">\n                                    \n\n\n                                                                                                                                                        \n                                                                                                                                                                                                                                                    <div class=\"row\">\n                        <div\n                                class=\"ce-teaser5050__bgimage col-12 col-md-6 js-bgcontainer pr-0\">\n                                                        <figure>\n                                <picture>\n                                    <source media=\"(min-width: 1600px)\" srcset=\"https:\/\/www.greisinger.com\/wp-content\/uploads\/2022\/02\/Bild4.jpg\">\n                                    <source media=\"(min-width: 1200px)\" srcset=\"https:\/\/www.greisinger.com\/wp-content\/uploads\/2022\/02\/Bild4-800x0-c-default.jpg\">\n                                    <source media=\"(min-width: 992px)\" srcset=\"https:\/\/www.greisinger.com\/wp-content\/uploads\/2022\/02\/Bild4-600x613-c-default.jpg\">\n                                    <source media=\"(min-width: 768px)\" srcset=\"https:\/\/www.greisinger.com\/wp-content\/uploads\/2022\/02\/Bild4-496x615-c-default.jpg\">\n                                    <source srcset=\"https:\/\/www.greisinger.com\/wp-content\/uploads\/2022\/02\/Bild4-496x615-c-default.jpg\">\n                                    <img fetchpriority=\"high\" decoding=\"async\" src=\"https:\/\/www.greisinger.com\/wp-content\/uploads\/2022\/02\/Bild4.jpg\"\n                                         alt=\"\" title=\"Bild4\"\n                                         width=\"1680\"\n                                         height=\"945\"\n                                         class=\"img-fluid w-100 js-bgimage\" loading=\"eager\">\n                                <\/picture>\n                            <\/figure>\n                        <\/div>\n                        <div\n                                class=\"col-12 col-md-6  offset-md-1 p-0 d-md-none\">\n                            <div class=\"ce-teaser5050__image\">\n                                <figure>\n                                                                        <picture>\n                                        <source media=\"(min-width: 576px)\" srcset=\"https:\/\/www.greisinger.com\/wp-content\/uploads\/2022\/02\/Bild4.jpg\">\n                                        <source media=\"(min-width: 320px)\" srcset=\"https:\/\/www.greisinger.com\/wp-content\/uploads\/2022\/02\/Bild4-576x0-c-default.jpg\">\n                                        <source srcset=\"https:\/\/www.greisinger.com\/wp-content\/uploads\/2022\/02\/Bild4-576x0-c-default.jpg\">\n                                        <img decoding=\"async\" src=\"https:\/\/www.greisinger.com\/wp-content\/uploads\/2022\/02\/Bild4.jpg\" alt=\"\"\n                                             title=\"Bild4\"\n                                             width=\"1680\" height=\"945\"\n                                             class=\"img-fluid w-100\" loading=\"lazy\">\n                                    <\/picture>\n                                <\/figure>\n                            <\/div>\n                        <\/div>\n                        <div\n                                class=\"ce-teaser5050__textcontainer d-flex flex-column justify-content-center col-12 col-md-6  text-left ce-teaser5050__textcontainer--right\">\n                            <div\n                                    class=\"ce-teaser5050__text ce-teaser5050__text--right\">\n                                <div class=\"ce-textblock\" data-animation=\"true\" data-animation-duration=\"300\">\n    <div class=\"ce-textblock__text\">\n                            <h4 class=\"\"> Plant optimization sausage meat production <\/h4>\n                <p>In order to sustainably <strong>reduce<\/strong> the <strong>energy requirement<\/strong> in sausage meat production with a constant annual production volume, to save energy in the company and to make a contribution to environmental protection, our production line for sausage meat production will be optimized through the use of more efficient production machines.<\/p>\n<p>These should be regulated by a higher-level control system. In total, <strong>932.75 MWh<\/strong> of electricity and thus <strong>261.17 tonnes of CO2 per year<\/strong> can be saved through this measure.<\/p>\n\n    <\/div>\n<\/div>\n                            <\/div>\n                        <\/div>\n                    <\/div>\n                                            <\/div>\n                    <\/div>\n    <\/div>\n    \n        \n","protected":false},"excerpt":{"rendered":"","protected":false},"author":26,"featured_media":0,"parent":155241,"menu_order":3,"comment_status":"closed","ping_status":"closed","template":"","meta":{"_acf_changed":false,"footnotes":""},"class_list":["post-4335","page","type-page","status-publish","hentry"],"acf":[],"yoast_head":"<!-- This site is optimized with the Yoast SEO plugin v27.2 - https:\/\/yoast.com\/product\/yoast-seo-wordpress\/ -->\n<title>Energy &amp; the environment - Greisinger GmbH - Fleisch-, Wurst- und Selchwaren<\/title>\n<meta name=\"robots\" content=\"index, follow, max-snippet:-1, max-image-preview:large, max-video-preview:-1\" \/>\n<link rel=\"canonical\" href=\"https:\/\/www.greisinger.com\/en\/qualitaet-nachhaltigkeit\/energy-the-environment\/\" \/>\n<meta property=\"og:locale\" content=\"en_GB\" \/>\n<meta property=\"og:type\" content=\"article\" \/>\n<meta property=\"og:title\" content=\"Energy &amp; the environment - Greisinger GmbH - Fleisch-, Wurst- und Selchwaren\" \/>\n<meta property=\"og:url\" content=\"https:\/\/www.greisinger.com\/en\/qualitaet-nachhaltigkeit\/energy-the-environment\/\" \/>\n<meta property=\"og:site_name\" content=\"Greisinger GmbH - Fleisch-, Wurst- und Selchwaren\" \/>\n<meta property=\"article:modified_time\" content=\"2022-03-24T10:45:40+00:00\" \/>\n<meta name=\"twitter:card\" content=\"summary_large_image\" \/>\n<script type=\"application\/ld+json\" class=\"yoast-schema-graph\">{\"@context\":\"https:\/\/schema.org\",\"@graph\":[{\"@type\":\"WebPage\",\"@id\":\"https:\/\/www.greisinger.com\/en\/qualitaet-nachhaltigkeit\/energy-the-environment\/\",\"url\":\"https:\/\/www.greisinger.com\/en\/qualitaet-nachhaltigkeit\/energy-the-environment\/\",\"name\":\"Energy & the environment - Greisinger GmbH - Fleisch-, Wurst- und Selchwaren\",\"isPartOf\":{\"@id\":\"https:\/\/www.greisinger.com\/en\/#website\"},\"datePublished\":\"2022-03-01T14:52:05+00:00\",\"dateModified\":\"2022-03-24T10:45:40+00:00\",\"breadcrumb\":{\"@id\":\"https:\/\/www.greisinger.com\/en\/qualitaet-nachhaltigkeit\/energy-the-environment\/#breadcrumb\"},\"inLanguage\":\"en-GB\",\"potentialAction\":[{\"@type\":\"ReadAction\",\"target\":[\"https:\/\/www.greisinger.com\/en\/qualitaet-nachhaltigkeit\/energy-the-environment\/\"]}]},{\"@type\":\"BreadcrumbList\",\"@id\":\"https:\/\/www.greisinger.com\/en\/qualitaet-nachhaltigkeit\/energy-the-environment\/#breadcrumb\",\"itemListElement\":[{\"@type\":\"ListItem\",\"position\":1,\"name\":\"Startseite\",\"item\":\"https:\/\/www.greisinger.com\/en\/\"},{\"@type\":\"ListItem\",\"position\":2,\"name\":\"Energy &#038; the environment\"}]},{\"@type\":\"WebSite\",\"@id\":\"https:\/\/www.greisinger.com\/en\/#website\",\"url\":\"https:\/\/www.greisinger.com\/en\/\",\"name\":\"Greisinger GmbH - Fleisch-, Wurst- und Selchwaren\",\"description\":\"Greisinger, ein rein privat gef\u00fchrtes Top-Fleischverarbeitungsunternehmen aus \u00d6sterreich stellt Fleisch- und Wurst-, Salami- und Snack-Produkte h\u00f6chster Qualit\u00e4t her \u2013 f\u00fcr Kunden aus \u00fcber 40 L\u00e4ndern weltweit.\",\"publisher\":{\"@id\":\"https:\/\/www.greisinger.com\/en\/#organization\"},\"potentialAction\":[{\"@type\":\"SearchAction\",\"target\":{\"@type\":\"EntryPoint\",\"urlTemplate\":\"https:\/\/www.greisinger.com\/en\/?s={search_term_string}\"},\"query-input\":{\"@type\":\"PropertyValueSpecification\",\"valueRequired\":true,\"valueName\":\"search_term_string\"}}],\"inLanguage\":\"en-GB\"},{\"@type\":\"Organization\",\"@id\":\"https:\/\/www.greisinger.com\/en\/#organization\",\"name\":\"Greisinger GmbH - Fleisch-, Wurst- und Selchwaren\",\"url\":\"https:\/\/www.greisinger.com\/en\/\",\"logo\":{\"@type\":\"ImageObject\",\"inLanguage\":\"en-GB\",\"@id\":\"https:\/\/www.greisinger.com\/en\/#\/schema\/logo\/image\/\",\"url\":\"https:\/\/www.greisinger.com\/wp-content\/uploads\/2022\/01\/logo_greisinger.png\",\"contentUrl\":\"https:\/\/www.greisinger.com\/wp-content\/uploads\/2022\/01\/logo_greisinger.png\",\"width\":200,\"height\":200,\"caption\":\"Greisinger GmbH - Fleisch-, Wurst- und Selchwaren\"},\"image\":{\"@id\":\"https:\/\/www.greisinger.com\/en\/#\/schema\/logo\/image\/\"}}]}<\/script>\n<!-- \/ Yoast SEO plugin. -->","yoast_head_json":{"title":"Energy & the environment - Greisinger GmbH - Fleisch-, Wurst- und Selchwaren","robots":{"index":"index","follow":"follow","max-snippet":"max-snippet:-1","max-image-preview":"max-image-preview:large","max-video-preview":"max-video-preview:-1"},"canonical":"https:\/\/www.greisinger.com\/en\/qualitaet-nachhaltigkeit\/energy-the-environment\/","og_locale":"en_GB","og_type":"article","og_title":"Energy & the environment - Greisinger GmbH - Fleisch-, Wurst- und Selchwaren","og_url":"https:\/\/www.greisinger.com\/en\/qualitaet-nachhaltigkeit\/energy-the-environment\/","og_site_name":"Greisinger GmbH - Fleisch-, Wurst- und Selchwaren","article_modified_time":"2022-03-24T10:45:40+00:00","twitter_card":"summary_large_image","schema":{"@context":"https:\/\/schema.org","@graph":[{"@type":"WebPage","@id":"https:\/\/www.greisinger.com\/en\/qualitaet-nachhaltigkeit\/energy-the-environment\/","url":"https:\/\/www.greisinger.com\/en\/qualitaet-nachhaltigkeit\/energy-the-environment\/","name":"Energy & the environment - Greisinger GmbH - Fleisch-, Wurst- und Selchwaren","isPartOf":{"@id":"https:\/\/www.greisinger.com\/en\/#website"},"datePublished":"2022-03-01T14:52:05+00:00","dateModified":"2022-03-24T10:45:40+00:00","breadcrumb":{"@id":"https:\/\/www.greisinger.com\/en\/qualitaet-nachhaltigkeit\/energy-the-environment\/#breadcrumb"},"inLanguage":"en-GB","potentialAction":[{"@type":"ReadAction","target":["https:\/\/www.greisinger.com\/en\/qualitaet-nachhaltigkeit\/energy-the-environment\/"]}]},{"@type":"BreadcrumbList","@id":"https:\/\/www.greisinger.com\/en\/qualitaet-nachhaltigkeit\/energy-the-environment\/#breadcrumb","itemListElement":[{"@type":"ListItem","position":1,"name":"Startseite","item":"https:\/\/www.greisinger.com\/en\/"},{"@type":"ListItem","position":2,"name":"Energy &#038; the environment"}]},{"@type":"WebSite","@id":"https:\/\/www.greisinger.com\/en\/#website","url":"https:\/\/www.greisinger.com\/en\/","name":"Greisinger GmbH - Fleisch-, Wurst- und Selchwaren","description":"Greisinger, ein rein privat gef\u00fchrtes Top-Fleischverarbeitungsunternehmen aus \u00d6sterreich stellt Fleisch- und Wurst-, Salami- und Snack-Produkte h\u00f6chster Qualit\u00e4t her \u2013 f\u00fcr Kunden aus \u00fcber 40 L\u00e4ndern weltweit.","publisher":{"@id":"https:\/\/www.greisinger.com\/en\/#organization"},"potentialAction":[{"@type":"SearchAction","target":{"@type":"EntryPoint","urlTemplate":"https:\/\/www.greisinger.com\/en\/?s={search_term_string}"},"query-input":{"@type":"PropertyValueSpecification","valueRequired":true,"valueName":"search_term_string"}}],"inLanguage":"en-GB"},{"@type":"Organization","@id":"https:\/\/www.greisinger.com\/en\/#organization","name":"Greisinger GmbH - Fleisch-, Wurst- und Selchwaren","url":"https:\/\/www.greisinger.com\/en\/","logo":{"@type":"ImageObject","inLanguage":"en-GB","@id":"https:\/\/www.greisinger.com\/en\/#\/schema\/logo\/image\/","url":"https:\/\/www.greisinger.com\/wp-content\/uploads\/2022\/01\/logo_greisinger.png","contentUrl":"https:\/\/www.greisinger.com\/wp-content\/uploads\/2022\/01\/logo_greisinger.png","width":200,"height":200,"caption":"Greisinger GmbH - Fleisch-, Wurst- und Selchwaren"},"image":{"@id":"https:\/\/www.greisinger.com\/en\/#\/schema\/logo\/image\/"}}]}},"_links":{"self":[{"href":"https:\/\/www.greisinger.com\/en\/wp-json\/wp\/v2\/pages\/4335","targetHints":{"allow":["GET"]}}],"collection":[{"href":"https:\/\/www.greisinger.com\/en\/wp-json\/wp\/v2\/pages"}],"about":[{"href":"https:\/\/www.greisinger.com\/en\/wp-json\/wp\/v2\/types\/page"}],"author":[{"embeddable":true,"href":"https:\/\/www.greisinger.com\/en\/wp-json\/wp\/v2\/users\/26"}],"replies":[{"embeddable":true,"href":"https:\/\/www.greisinger.com\/en\/wp-json\/wp\/v2\/comments?post=4335"}],"version-history":[{"count":9,"href":"https:\/\/www.greisinger.com\/en\/wp-json\/wp\/v2\/pages\/4335\/revisions"}],"predecessor-version":[{"id":8041,"href":"https:\/\/www.greisinger.com\/en\/wp-json\/wp\/v2\/pages\/4335\/revisions\/8041"}],"up":[{"embeddable":true,"href":"https:\/\/www.greisinger.com\/en\/wp-json\/wp\/v2\/pages\/155241"}],"wp:attachment":[{"href":"https:\/\/www.greisinger.com\/en\/wp-json\/wp\/v2\/media?parent=4335"}],"curies":[{"name":"wp","href":"https:\/\/api.w.org\/{rel}","templated":true}]}}