{"id":4341,"date":"2022-03-01T16:14:38","date_gmt":"2022-03-01T15:14:38","guid":{"rendered":"https:\/\/www.greisinger.com\/?page_id=4341"},"modified":"2022-04-04T14:22:25","modified_gmt":"2022-04-04T12:22:25","slug":"for-our-partners","status":"publish","type":"page","link":"https:\/\/www.greisinger.com\/en\/for-our-partners\/","title":{"rendered":"For our partners"},"content":{"rendered":"\n\n\n\n\n\n\n\n\n\n\n\n\n\n\n\n\n\n\n\n\n\n\n\n\n\n\n\n\n\n\n\n                                <div class=\"ce ce-accordion\n         ce--mb-standard                         \"\n                 id=\"block_621dcbdba30f4\">\n\n                                                <div class=\"container-fluid\">\n                                        \n\n\n                    <div class=\"row\">\n                        <div class=\"col-12 col-md-12 col-xl-12 mx-auto\">\n                                                                                                                                                            <div class=\"ce-accordion__item\" data-animation=\"true\" data-animation-duration=\"300\" >\n                                    <div class=\"ce-accordion__header js-accordion__header\" id=\"accordion_block_621dcbdba30f41\">\n                                        <div class=\"ce-accordion__clickarea  collapsed  d-flex flex-row align-items-center\"\n                                             data-toggle=\"collapse\" data-target=\"#collapse_block_621dcbdba30f41\" aria-expanded=\"false\"\n                                             aria-controls=\"collapse_block_621dcbdba30f41\">\n                                            <header>\n                                                Discounters\n                                            <\/header>\n                                            <span class=\"ml-auto\">\n                                                <a class=\"ce-accordion__icon\"><\/a>\n                                            <\/span>\n                                        <\/div>\n                                    <\/div>\n\n\n                                    <div id=\"collapse_block_621dcbdba30f41\" class=\"collapse \"\n                                         aria-expanded=\"false\" aria-labelledby=\"heading_block_621dcbdba30f41\" data-parent=\"#block_621dcbdba30f4\">\n                                        <div class=\"ce-accordion__body\">\n                                                                                                                                            \n\n\n\n\n\n\n\n\n\n\n\n\n\n\n\n\n\n\n\n\n\n\n\n\n\n\n\n\n\n\n                                            \n        \n        \n        \n    \n\n                    \n    \n                    \n            <div class=\"ce ce-text\n                                        \"\n             id=\"block_621dcbdba30f4\">\n                                        <div class=\"row\">\n                    <div class=\"cc-text__text col-12 col-md-12 col-xl-12  text-left\">\n                        <div class=\"ce-textblock\" data-animation=\"true\" data-animation-duration=\"300\">\n    <div class=\"ce-textblock__text\">\n                            <h2 class=\"h6\"> Greisinger at the best price <\/h2>\n                <p>Greisinger supplies selected products, ranging from Berner sausages to bacon, to some of the largest discount chains in Austria and Germany, including regional outlets in around 30 countries throughout Europe. Greisinger is particularly well represented in the domestic discount sector with fresh meat products of the highest quality \u2013 whether traditional pork, quality beef or low-calory chicken and turkey.<\/p>\n\n    <\/div>\n<\/div>\n                    <\/div>\n                <\/div>\n                        <\/div>\n    \n                                                                                            <\/div>\n                                    <\/div>\n                                <\/div>\n                                                                                                                                                            <div class=\"ce-accordion__item\" data-animation=\"true\" data-animation-duration=\"300\" >\n                                    <div class=\"ce-accordion__header js-accordion__header\" id=\"accordion_block_621dcbdba30f42\">\n                                        <div class=\"ce-accordion__clickarea  collapsed  d-flex flex-row align-items-center\"\n                                             data-toggle=\"collapse\" data-target=\"#collapse_block_621dcbdba30f42\" aria-expanded=\"false\"\n                                             aria-controls=\"collapse_block_621dcbdba30f42\">\n                                            <header>\n                                                food retailers\n                                            <\/header>\n                                            <span class=\"ml-auto\">\n                                                <a class=\"ce-accordion__icon\"><\/a>\n                                            <\/span>\n                                        <\/div>\n                                    <\/div>\n\n\n                                    <div id=\"collapse_block_621dcbdba30f42\" class=\"collapse \"\n                                         aria-expanded=\"false\" aria-labelledby=\"heading_block_621dcbdba30f42\" data-parent=\"#block_621dcbdba30f4\">\n                                        <div class=\"ce-accordion__body\">\n                                                                                                                                            \n\n\n\n\n\n\n\n\n\n\n\n\n\n\n\n\n\n\n\n\n\n\n\n\n\n\n\n\n\n\n                                            \n        \n        \n        \n    \n\n                    \n    \n                    \n            <div class=\"ce ce-text\n                                        \"\n             id=\"block_621dcbdba30f4\">\n                                        <div class=\"row\">\n                    <div class=\"cc-text__text col-12 col-md-12 col-xl-12  text-left\">\n                        <div class=\"ce-textblock\" data-animation=\"true\" data-animation-duration=\"300\">\n    <div class=\"ce-textblock__text\">\n                            <h2 class=\"h6\"> From grocery stores to supermarkets <\/h2>\n                <p>Greisinger is also well positioned in the food retail sector. Here you will find a diverse and extensive selection of sausage and snack products, as well as ham and belly pork specialities. We consider it important to encourage smaller, local suppliers and to provision them with the typical taste of Austria. And always, of course, to the customary Greisinger standard of quality and safety, from receipt of order through to delivery.<\/p>\n\n    <\/div>\n<\/div>\n                    <\/div>\n                <\/div>\n                        <\/div>\n    \n                                                                                            <\/div>\n                                    <\/div>\n                                <\/div>\n                                                                                                                                                            <div class=\"ce-accordion__item\" data-animation=\"true\" data-animation-duration=\"300\" >\n                                    <div class=\"ce-accordion__header js-accordion__header\" id=\"accordion_block_621dcbdba30f43\">\n                                        <div class=\"ce-accordion__clickarea  collapsed  d-flex flex-row align-items-center\"\n                                             data-toggle=\"collapse\" data-target=\"#collapse_block_621dcbdba30f43\" aria-expanded=\"false\"\n                                             aria-controls=\"collapse_block_621dcbdba30f43\">\n                                            <header>\n                                                Wholesalers\n                                            <\/header>\n                                            <span class=\"ml-auto\">\n                                                <a class=\"ce-accordion__icon\"><\/a>\n                                            <\/span>\n                                        <\/div>\n                                    <\/div>\n\n\n                                    <div id=\"collapse_block_621dcbdba30f43\" class=\"collapse \"\n                                         aria-expanded=\"false\" aria-labelledby=\"heading_block_621dcbdba30f43\" data-parent=\"#block_621dcbdba30f4\">\n                                        <div class=\"ce-accordion__body\">\n                                                                                                                                            \n\n\n\n\n\n\n\n\n\n\n\n\n\n\n\n\n\n\n\n\n\n\n\n\n\n\n\n\n\n\n                                            \n        \n        \n        \n    \n\n                    \n    \n                    \n            <div class=\"ce ce-text\n                                        \"\n             id=\"block_621dcbdba30f4\">\n                                        <div class=\"row\">\n                    <div class=\"cc-text__text col-12 col-md-12 col-xl-12  text-left\">\n                        <div class=\"ce-textblock\" data-animation=\"true\" data-animation-duration=\"300\">\n    <div class=\"ce-textblock__text\">\n                            <h2 class=\"h6\"> Quality on a grade scale <\/h2>\n                <p>Our special wholesale range is optimally geared to the needs of our customers. Delivery reliability, flexibility in terms of assortment and special requirements as well as our large production capacity have established us as a proven partner for wholesalers all over the country. Here, too, Greisinger\u2019s high quality and great dependability naturally play a vital role.<\/p>\n\n    <\/div>\n<\/div>\n                    <\/div>\n                <\/div>\n                        <\/div>\n    \n                                                                                            <\/div>\n                                    <\/div>\n                                <\/div>\n                                                                                                                                                            <div class=\"ce-accordion__item\" data-animation=\"true\" data-animation-duration=\"300\" >\n                                    <div class=\"ce-accordion__header js-accordion__header\" id=\"accordion_block_621dcbdba30f44\">\n                                        <div class=\"ce-accordion__clickarea  collapsed  d-flex flex-row align-items-center\"\n                                             data-toggle=\"collapse\" data-target=\"#collapse_block_621dcbdba30f44\" aria-expanded=\"false\"\n                                             aria-controls=\"collapse_block_621dcbdba30f44\">\n                                            <header>\n                                                Industry\n                                            <\/header>\n                                            <span class=\"ml-auto\">\n                                                <a class=\"ce-accordion__icon\"><\/a>\n                                            <\/span>\n                                        <\/div>\n                                    <\/div>\n\n\n                                    <div id=\"collapse_block_621dcbdba30f44\" class=\"collapse \"\n                                         aria-expanded=\"false\" aria-labelledby=\"heading_block_621dcbdba30f44\" data-parent=\"#block_621dcbdba30f4\">\n                                        <div class=\"ce-accordion__body\">\n                                                                                                                                            \n\n\n\n\n\n\n\n\n\n\n\n\n\n\n\n\n\n\n\n\n\n\n\n\n\n\n\n\n\n\n                                            \n        \n        \n        \n    \n\n                    \n    \n                    \n            <div class=\"ce ce-text\n                                        \"\n             id=\"block_621dcbdba30f4\">\n                                        <div class=\"row\">\n                    <div class=\"cc-text__text col-12 col-md-12 col-xl-12  text-left\">\n                        <div class=\"ce-textblock\" data-animation=\"true\" data-animation-duration=\"300\">\n    <div class=\"ce-textblock__text\">\n                            <h2 class=\"h6\"> Our range for industrial costumers <\/h2>\n                <p>Our product range also includes special toppings for pizzas and baguettes. Carefully selected raw materials, modern production technology, stringent hygiene standards, export experience, multi-stage quality controls and international audits guarantee consistent and comprehensive product safety. We offer excellent toppings such as pizza salami in a wide variety of thicknesses and quality grades (whole or sliced), ham flakes, lardons and much more besides. Fresh and\/or free-rolling deep-frozen \u2013 perfectly adapted to our partners\u2019 specifications.<\/p>\n\n    <\/div>\n<\/div>\n                    <\/div>\n                <\/div>\n                        <\/div>\n    \n                                                                                            <\/div>\n                                    <\/div>\n                                <\/div>\n                                                                                                                                                            <div class=\"ce-accordion__item\" data-animation=\"true\" data-animation-duration=\"300\" >\n                                    <div class=\"ce-accordion__header js-accordion__header\" id=\"accordion_block_621dcbdba30f45\">\n                                        <div class=\"ce-accordion__clickarea  collapsed  d-flex flex-row align-items-center\"\n                                             data-toggle=\"collapse\" data-target=\"#collapse_block_621dcbdba30f45\" aria-expanded=\"false\"\n                                             aria-controls=\"collapse_block_621dcbdba30f45\">\n                                            <header>\n                                                Caterers\n                                            <\/header>\n                                            <span class=\"ml-auto\">\n                                                <a class=\"ce-accordion__icon\"><\/a>\n                                            <\/span>\n                                        <\/div>\n                                    <\/div>\n\n\n                                    <div id=\"collapse_block_621dcbdba30f45\" class=\"collapse \"\n                                         aria-expanded=\"false\" aria-labelledby=\"heading_block_621dcbdba30f45\" data-parent=\"#block_621dcbdba30f4\">\n                                        <div class=\"ce-accordion__body\">\n                                                                                                                                            \n\n\n\n\n\n\n\n\n\n\n\n\n\n\n\n\n\n\n\n\n\n\n\n\n\n\n\n\n\n\n                                            \n        \n        \n        \n    \n\n                    \n    \n                    \n            <div class=\"ce ce-text\n                                        \"\n             id=\"block_621dcbdba30f4\">\n                                        <div class=\"row\">\n                    <div class=\"cc-text__text col-12 col-md-12 col-xl-12  text-left\">\n                        <div class=\"ce-textblock\" data-animation=\"true\" data-animation-duration=\"300\">\n    <div class=\"ce-textblock__text\">\n                            <h2 class=\"h6\"> Tavern, snack stand, restaurant&#8230; <\/h2>\n                <p>Pubs, snack bars, restaurants&#8230; What matters most to our customers in the gastronomy sector is first-class service and customer care, including from us as a manufacturer of a wide range of meat and sausage products. Greisinger supplies catering businesses both directly and via wholesalers. Specially adapted products, sizes and packaging units bring Greisinger specialities to the table \u2013 whether fresh meat or processed products. Local quality in served up in local restaurants \u2013 that\u2019s how best to cater for everyone\u2019s tastes.<\/p>\n\n    <\/div>\n<\/div>\n                    <\/div>\n                <\/div>\n                        <\/div>\n    \n                                                                                            <\/div>\n                                    <\/div>\n                                <\/div>\n                                                    <\/div>\n                    <\/div>\n                                    <\/div>\n                            <\/div>\n        \n\n            ","protected":false},"excerpt":{"rendered":"","protected":false},"author":26,"featured_media":0,"parent":0,"menu_order":1,"comment_status":"closed","ping_status":"closed","template":"","meta":{"_acf_changed":false,"footnotes":""},"class_list":["post-4341","page","type-page","status-publish","hentry"],"acf":[],"yoast_head":"<!-- This site is optimized with the Yoast SEO plugin v27.2 - https:\/\/yoast.com\/product\/yoast-seo-wordpress\/ -->\n<title>For our partners - Greisinger GmbH - Fleisch-, Wurst- und Selchwaren<\/title>\n<meta name=\"robots\" content=\"index, follow, max-snippet:-1, max-image-preview:large, max-video-preview:-1\" \/>\n<link rel=\"canonical\" href=\"https:\/\/www.greisinger.com\/en\/for-our-partners\/\" \/>\n<meta property=\"og:locale\" content=\"en_GB\" \/>\n<meta property=\"og:type\" content=\"article\" \/>\n<meta property=\"og:title\" content=\"For our partners - Greisinger GmbH - Fleisch-, Wurst- und Selchwaren\" \/>\n<meta property=\"og:url\" content=\"https:\/\/www.greisinger.com\/en\/for-our-partners\/\" \/>\n<meta property=\"og:site_name\" content=\"Greisinger GmbH - Fleisch-, Wurst- und Selchwaren\" \/>\n<meta property=\"article:modified_time\" content=\"2022-04-04T12:22:25+00:00\" \/>\n<meta name=\"twitter:card\" content=\"summary_large_image\" \/>\n<script type=\"application\/ld+json\" class=\"yoast-schema-graph\">{\"@context\":\"https:\/\/schema.org\",\"@graph\":[{\"@type\":\"WebPage\",\"@id\":\"https:\/\/www.greisinger.com\/en\/for-our-partners\/\",\"url\":\"https:\/\/www.greisinger.com\/en\/for-our-partners\/\",\"name\":\"For our partners - Greisinger GmbH - Fleisch-, Wurst- und Selchwaren\",\"isPartOf\":{\"@id\":\"https:\/\/www.greisinger.com\/en\/#website\"},\"datePublished\":\"2022-03-01T15:14:38+00:00\",\"dateModified\":\"2022-04-04T12:22:25+00:00\",\"breadcrumb\":{\"@id\":\"https:\/\/www.greisinger.com\/en\/for-our-partners\/#breadcrumb\"},\"inLanguage\":\"en-GB\",\"potentialAction\":[{\"@type\":\"ReadAction\",\"target\":[\"https:\/\/www.greisinger.com\/en\/for-our-partners\/\"]}]},{\"@type\":\"BreadcrumbList\",\"@id\":\"https:\/\/www.greisinger.com\/en\/for-our-partners\/#breadcrumb\",\"itemListElement\":[{\"@type\":\"ListItem\",\"position\":1,\"name\":\"Startseite\",\"item\":\"https:\/\/www.greisinger.com\/en\/\"},{\"@type\":\"ListItem\",\"position\":2,\"name\":\"For our partners\"}]},{\"@type\":\"WebSite\",\"@id\":\"https:\/\/www.greisinger.com\/en\/#website\",\"url\":\"https:\/\/www.greisinger.com\/en\/\",\"name\":\"Greisinger GmbH - Fleisch-, Wurst- und Selchwaren\",\"description\":\"Greisinger, ein rein privat gef\u00fchrtes Top-Fleischverarbeitungsunternehmen aus \u00d6sterreich stellt Fleisch- und Wurst-, Salami- und Snack-Produkte h\u00f6chster Qualit\u00e4t her \u2013 f\u00fcr Kunden aus \u00fcber 40 L\u00e4ndern weltweit.\",\"publisher\":{\"@id\":\"https:\/\/www.greisinger.com\/en\/#organization\"},\"potentialAction\":[{\"@type\":\"SearchAction\",\"target\":{\"@type\":\"EntryPoint\",\"urlTemplate\":\"https:\/\/www.greisinger.com\/en\/?s={search_term_string}\"},\"query-input\":{\"@type\":\"PropertyValueSpecification\",\"valueRequired\":true,\"valueName\":\"search_term_string\"}}],\"inLanguage\":\"en-GB\"},{\"@type\":\"Organization\",\"@id\":\"https:\/\/www.greisinger.com\/en\/#organization\",\"name\":\"Greisinger GmbH - Fleisch-, Wurst- und Selchwaren\",\"url\":\"https:\/\/www.greisinger.com\/en\/\",\"logo\":{\"@type\":\"ImageObject\",\"inLanguage\":\"en-GB\",\"@id\":\"https:\/\/www.greisinger.com\/en\/#\/schema\/logo\/image\/\",\"url\":\"https:\/\/www.greisinger.com\/wp-content\/uploads\/2022\/01\/logo_greisinger.png\",\"contentUrl\":\"https:\/\/www.greisinger.com\/wp-content\/uploads\/2022\/01\/logo_greisinger.png\",\"width\":200,\"height\":200,\"caption\":\"Greisinger GmbH - Fleisch-, Wurst- und Selchwaren\"},\"image\":{\"@id\":\"https:\/\/www.greisinger.com\/en\/#\/schema\/logo\/image\/\"}}]}<\/script>\n<!-- \/ Yoast SEO plugin. -->","yoast_head_json":{"title":"For our partners - Greisinger GmbH - Fleisch-, Wurst- und Selchwaren","robots":{"index":"index","follow":"follow","max-snippet":"max-snippet:-1","max-image-preview":"max-image-preview:large","max-video-preview":"max-video-preview:-1"},"canonical":"https:\/\/www.greisinger.com\/en\/for-our-partners\/","og_locale":"en_GB","og_type":"article","og_title":"For our partners - Greisinger GmbH - Fleisch-, Wurst- und Selchwaren","og_url":"https:\/\/www.greisinger.com\/en\/for-our-partners\/","og_site_name":"Greisinger GmbH - Fleisch-, Wurst- und Selchwaren","article_modified_time":"2022-04-04T12:22:25+00:00","twitter_card":"summary_large_image","schema":{"@context":"https:\/\/schema.org","@graph":[{"@type":"WebPage","@id":"https:\/\/www.greisinger.com\/en\/for-our-partners\/","url":"https:\/\/www.greisinger.com\/en\/for-our-partners\/","name":"For our partners - Greisinger GmbH - Fleisch-, Wurst- und Selchwaren","isPartOf":{"@id":"https:\/\/www.greisinger.com\/en\/#website"},"datePublished":"2022-03-01T15:14:38+00:00","dateModified":"2022-04-04T12:22:25+00:00","breadcrumb":{"@id":"https:\/\/www.greisinger.com\/en\/for-our-partners\/#breadcrumb"},"inLanguage":"en-GB","potentialAction":[{"@type":"ReadAction","target":["https:\/\/www.greisinger.com\/en\/for-our-partners\/"]}]},{"@type":"BreadcrumbList","@id":"https:\/\/www.greisinger.com\/en\/for-our-partners\/#breadcrumb","itemListElement":[{"@type":"ListItem","position":1,"name":"Startseite","item":"https:\/\/www.greisinger.com\/en\/"},{"@type":"ListItem","position":2,"name":"For our partners"}]},{"@type":"WebSite","@id":"https:\/\/www.greisinger.com\/en\/#website","url":"https:\/\/www.greisinger.com\/en\/","name":"Greisinger GmbH - Fleisch-, Wurst- und Selchwaren","description":"Greisinger, ein rein privat gef\u00fchrtes Top-Fleischverarbeitungsunternehmen aus \u00d6sterreich stellt Fleisch- und Wurst-, Salami- und Snack-Produkte h\u00f6chster Qualit\u00e4t her \u2013 f\u00fcr Kunden aus \u00fcber 40 L\u00e4ndern weltweit.","publisher":{"@id":"https:\/\/www.greisinger.com\/en\/#organization"},"potentialAction":[{"@type":"SearchAction","target":{"@type":"EntryPoint","urlTemplate":"https:\/\/www.greisinger.com\/en\/?s={search_term_string}"},"query-input":{"@type":"PropertyValueSpecification","valueRequired":true,"valueName":"search_term_string"}}],"inLanguage":"en-GB"},{"@type":"Organization","@id":"https:\/\/www.greisinger.com\/en\/#organization","name":"Greisinger GmbH - Fleisch-, Wurst- und Selchwaren","url":"https:\/\/www.greisinger.com\/en\/","logo":{"@type":"ImageObject","inLanguage":"en-GB","@id":"https:\/\/www.greisinger.com\/en\/#\/schema\/logo\/image\/","url":"https:\/\/www.greisinger.com\/wp-content\/uploads\/2022\/01\/logo_greisinger.png","contentUrl":"https:\/\/www.greisinger.com\/wp-content\/uploads\/2022\/01\/logo_greisinger.png","width":200,"height":200,"caption":"Greisinger GmbH - Fleisch-, Wurst- und Selchwaren"},"image":{"@id":"https:\/\/www.greisinger.com\/en\/#\/schema\/logo\/image\/"}}]}},"_links":{"self":[{"href":"https:\/\/www.greisinger.com\/en\/wp-json\/wp\/v2\/pages\/4341","targetHints":{"allow":["GET"]}}],"collection":[{"href":"https:\/\/www.greisinger.com\/en\/wp-json\/wp\/v2\/pages"}],"about":[{"href":"https:\/\/www.greisinger.com\/en\/wp-json\/wp\/v2\/types\/page"}],"author":[{"embeddable":true,"href":"https:\/\/www.greisinger.com\/en\/wp-json\/wp\/v2\/users\/26"}],"replies":[{"embeddable":true,"href":"https:\/\/www.greisinger.com\/en\/wp-json\/wp\/v2\/comments?post=4341"}],"version-history":[{"count":10,"href":"https:\/\/www.greisinger.com\/en\/wp-json\/wp\/v2\/pages\/4341\/revisions"}],"predecessor-version":[{"id":8297,"href":"https:\/\/www.greisinger.com\/en\/wp-json\/wp\/v2\/pages\/4341\/revisions\/8297"}],"wp:attachment":[{"href":"https:\/\/www.greisinger.com\/en\/wp-json\/wp\/v2\/media?parent=4341"}],"curies":[{"name":"wp","href":"https:\/\/api.w.org\/{rel}","templated":true}]}}