{"id":4362,"date":"2022-03-02T08:25:26","date_gmt":"2022-03-02T07:25:26","guid":{"rendered":"https:\/\/www.greisinger.com\/?page_id=4362"},"modified":"2022-03-10T13:58:22","modified_gmt":"2022-03-10T12:58:22","slug":"further-processing","status":"publish","type":"page","link":"https:\/\/www.greisinger.com\/en\/products\/further-processing\/","title":{"rendered":"Further processing"},"content":{"rendered":"\n\n\n\n\n\n\n\n\n\n\n\n\n\n\n\n\n\n\n\n\n\n\n\n\n\n\n\n\n\n\n\n\n                                            <div class=\"ce ce-teaserbox\n         ce--mb-standard                          text-left\"\n     id=\"block_6229f521c7111\">\n        <div class=\"container-fluid\">\n        <div class=\"row\">\n                                                <div class=\"col-12 col-md-6 col-xl-3\">\n    <div class=\"ce ce-teaserbox__item h-100\" data-animation=\"true\" data-duration=\"300\">\n        <a class=\"ce-teaserbox__content d-flex flex-column h-100 text-center\" href=\"https:\/\/www.greisinger.com\/en\/products\/further-processing\/ham-specialities\/\">\n                        <figure class=\"ce-teaserbox__figure\" data-animation=\"fade\" data-animation-duration=\"300\">\n                <picture>\n                    <source media=\"(min-width: 1600px)\" srcset=\"https:\/\/www.greisinger.com\/wp-content\/uploads\/2022\/03\/Schinkenspezialitaeten-Weiterverarbeitung-69508-264x319-c-default.jpg\">\n                    <source media=\"(min-width: 1200px)\" srcset=\"https:\/\/www.greisinger.com\/wp-content\/uploads\/2022\/03\/Schinkenspezialitaeten-Weiterverarbeitung-69508-242x292-c-default.jpg\">\n                    <source media=\"(min-width: 992px)\" srcset=\"https:\/\/www.greisinger.com\/wp-content\/uploads\/2022\/03\/Schinkenspezialitaeten-Weiterverarbeitung-69508-472x570-c-default.jpg\">\n                    <source media=\"(min-width: 768px)\" srcset=\"https:\/\/www.greisinger.com\/wp-content\/uploads\/2022\/03\/Schinkenspezialitaeten-Weiterverarbeitung-69508-369x446-c-default.jpg\">\n                    <source media=\"(min-width: 576px)\" srcset=\"https:\/\/www.greisinger.com\/wp-content\/uploads\/2022\/03\/Schinkenspezialitaeten-Weiterverarbeitung-69508-273x330-c-default.jpg\">\n                    <source media=\"(min-width: 320px)\" srcset=\"https:\/\/www.greisinger.com\/wp-content\/uploads\/2022\/03\/Schinkenspezialitaeten-Weiterverarbeitung-69508-488x589-c-default.jpg\">\n                    <source srcset=\"https:\/\/www.greisinger.com\/wp-content\/uploads\/2022\/03\/Schinkenspezialitaeten-Weiterverarbeitung-69508-488x589-c-default.jpg\">\n                    <img decoding=\"async\" src=\"https:\/\/www.greisinger.com\/wp-content\/uploads\/2022\/03\/Schinkenspezialitaeten-Weiterverarbeitung-69508-264x319-c-default.jpg\" alt=\"\" title=\"Schinkenspezialitaeten-Weiterverarbeitung-69508\"\n                         width=\"\" height=\"600\"\n                         class=\"img-fluid w-100\" loading=\"lazy\">\n                <\/picture>\n            <\/figure>\n            <h6 class=\"mb-0\">\n                Ham Specialities\n            <\/h6>\n        <\/a>\n    <\/div>\n<\/div>                                    <\/div>\n                            \n\n    <\/div>\n<\/div>\n            \n    \n","protected":false},"excerpt":{"rendered":"","protected":false},"author":26,"featured_media":4269,"parent":5008,"menu_order":0,"comment_status":"closed","ping_status":"closed","template":"","meta":{"_acf_changed":false,"footnotes":""},"class_list":["post-4362","page","type-page","status-publish","has-post-thumbnail","hentry"],"acf":[],"yoast_head":"<!-- This site is optimized with the Yoast SEO plugin v27.2 - https:\/\/yoast.com\/product\/yoast-seo-wordpress\/ -->\n<title>Further processing - Greisinger GmbH - Fleisch-, Wurst- und Selchwaren<\/title>\n<meta name=\"robots\" content=\"noindex, follow\" \/>\n<meta property=\"og:locale\" content=\"en_GB\" \/>\n<meta property=\"og:type\" content=\"article\" \/>\n<meta property=\"og:title\" content=\"Further processing - Greisinger GmbH - Fleisch-, Wurst- und Selchwaren\" \/>\n<meta property=\"og:url\" content=\"https:\/\/www.greisinger.com\/en\/products\/further-processing\/\" \/>\n<meta property=\"og:site_name\" content=\"Greisinger GmbH - Fleisch-, Wurst- und Selchwaren\" \/>\n<meta property=\"article:modified_time\" content=\"2022-03-10T12:58:22+00:00\" \/>\n<meta property=\"og:image\" content=\"https:\/\/www.greisinger.com\/wp-content\/uploads\/2022\/03\/startseite_produkt_Weiterverwendung-2.jpg\" \/>\n\t<meta property=\"og:image:width\" content=\"1300\" \/>\n\t<meta property=\"og:image:height\" content=\"867\" \/>\n\t<meta property=\"og:image:type\" content=\"image\/jpeg\" \/>\n<meta name=\"twitter:card\" content=\"summary_large_image\" \/>\n<script type=\"application\/ld+json\" class=\"yoast-schema-graph\">{\"@context\":\"https:\/\/schema.org\",\"@graph\":[{\"@type\":\"WebPage\",\"@id\":\"https:\/\/www.greisinger.com\/en\/products\/further-processing\/\",\"url\":\"https:\/\/www.greisinger.com\/en\/products\/further-processing\/\",\"name\":\"Further processing - Greisinger GmbH - Fleisch-, Wurst- und Selchwaren\",\"isPartOf\":{\"@id\":\"https:\/\/www.greisinger.com\/en\/#website\"},\"primaryImageOfPage\":{\"@id\":\"https:\/\/www.greisinger.com\/en\/products\/further-processing\/#primaryimage\"},\"image\":{\"@id\":\"https:\/\/www.greisinger.com\/en\/products\/further-processing\/#primaryimage\"},\"thumbnailUrl\":\"https:\/\/www.greisinger.com\/wp-content\/uploads\/2022\/03\/startseite_produkt_Weiterverwendung-2.jpg\",\"datePublished\":\"2022-03-02T07:25:26+00:00\",\"dateModified\":\"2022-03-10T12:58:22+00:00\",\"breadcrumb\":{\"@id\":\"https:\/\/www.greisinger.com\/en\/products\/further-processing\/#breadcrumb\"},\"inLanguage\":\"en-GB\",\"potentialAction\":[{\"@type\":\"ReadAction\",\"target\":[\"https:\/\/www.greisinger.com\/en\/products\/further-processing\/\"]}]},{\"@type\":\"ImageObject\",\"inLanguage\":\"en-GB\",\"@id\":\"https:\/\/www.greisinger.com\/en\/products\/further-processing\/#primaryimage\",\"url\":\"https:\/\/www.greisinger.com\/wp-content\/uploads\/2022\/03\/startseite_produkt_Weiterverwendung-2.jpg\",\"contentUrl\":\"https:\/\/www.greisinger.com\/wp-content\/uploads\/2022\/03\/startseite_produkt_Weiterverwendung-2.jpg\",\"width\":1300,\"height\":867},{\"@type\":\"BreadcrumbList\",\"@id\":\"https:\/\/www.greisinger.com\/en\/products\/further-processing\/#breadcrumb\",\"itemListElement\":[{\"@type\":\"ListItem\",\"position\":1,\"name\":\"Startseite\",\"item\":\"https:\/\/www.greisinger.com\/en\/\"},{\"@type\":\"ListItem\",\"position\":2,\"name\":\"Products\",\"item\":\"https:\/\/www.greisinger.com\/en\/products\/\"},{\"@type\":\"ListItem\",\"position\":3,\"name\":\"Further processing\"}]},{\"@type\":\"WebSite\",\"@id\":\"https:\/\/www.greisinger.com\/en\/#website\",\"url\":\"https:\/\/www.greisinger.com\/en\/\",\"name\":\"Greisinger GmbH - Fleisch-, Wurst- und Selchwaren\",\"description\":\"Greisinger, ein rein privat gef\u00fchrtes Top-Fleischverarbeitungsunternehmen aus \u00d6sterreich stellt Fleisch- und Wurst-, Salami- und Snack-Produkte h\u00f6chster Qualit\u00e4t her \u2013 f\u00fcr Kunden aus \u00fcber 40 L\u00e4ndern weltweit.\",\"publisher\":{\"@id\":\"https:\/\/www.greisinger.com\/en\/#organization\"},\"potentialAction\":[{\"@type\":\"SearchAction\",\"target\":{\"@type\":\"EntryPoint\",\"urlTemplate\":\"https:\/\/www.greisinger.com\/en\/?s={search_term_string}\"},\"query-input\":{\"@type\":\"PropertyValueSpecification\",\"valueRequired\":true,\"valueName\":\"search_term_string\"}}],\"inLanguage\":\"en-GB\"},{\"@type\":\"Organization\",\"@id\":\"https:\/\/www.greisinger.com\/en\/#organization\",\"name\":\"Greisinger GmbH - Fleisch-, Wurst- und Selchwaren\",\"url\":\"https:\/\/www.greisinger.com\/en\/\",\"logo\":{\"@type\":\"ImageObject\",\"inLanguage\":\"en-GB\",\"@id\":\"https:\/\/www.greisinger.com\/en\/#\/schema\/logo\/image\/\",\"url\":\"https:\/\/www.greisinger.com\/wp-content\/uploads\/2022\/01\/logo_greisinger.png\",\"contentUrl\":\"https:\/\/www.greisinger.com\/wp-content\/uploads\/2022\/01\/logo_greisinger.png\",\"width\":200,\"height\":200,\"caption\":\"Greisinger GmbH - Fleisch-, Wurst- und Selchwaren\"},\"image\":{\"@id\":\"https:\/\/www.greisinger.com\/en\/#\/schema\/logo\/image\/\"}}]}<\/script>\n<!-- \/ Yoast SEO plugin. -->","yoast_head_json":{"title":"Further processing - Greisinger GmbH - Fleisch-, Wurst- und Selchwaren","robots":{"index":"noindex","follow":"follow"},"og_locale":"en_GB","og_type":"article","og_title":"Further processing - Greisinger GmbH - Fleisch-, Wurst- und Selchwaren","og_url":"https:\/\/www.greisinger.com\/en\/products\/further-processing\/","og_site_name":"Greisinger GmbH - Fleisch-, Wurst- und Selchwaren","article_modified_time":"2022-03-10T12:58:22+00:00","og_image":[{"width":1300,"height":867,"url":"https:\/\/www.greisinger.com\/wp-content\/uploads\/2022\/03\/startseite_produkt_Weiterverwendung-2.jpg","type":"image\/jpeg"}],"twitter_card":"summary_large_image","schema":{"@context":"https:\/\/schema.org","@graph":[{"@type":"WebPage","@id":"https:\/\/www.greisinger.com\/en\/products\/further-processing\/","url":"https:\/\/www.greisinger.com\/en\/products\/further-processing\/","name":"Further processing - Greisinger GmbH - Fleisch-, Wurst- und Selchwaren","isPartOf":{"@id":"https:\/\/www.greisinger.com\/en\/#website"},"primaryImageOfPage":{"@id":"https:\/\/www.greisinger.com\/en\/products\/further-processing\/#primaryimage"},"image":{"@id":"https:\/\/www.greisinger.com\/en\/products\/further-processing\/#primaryimage"},"thumbnailUrl":"https:\/\/www.greisinger.com\/wp-content\/uploads\/2022\/03\/startseite_produkt_Weiterverwendung-2.jpg","datePublished":"2022-03-02T07:25:26+00:00","dateModified":"2022-03-10T12:58:22+00:00","breadcrumb":{"@id":"https:\/\/www.greisinger.com\/en\/products\/further-processing\/#breadcrumb"},"inLanguage":"en-GB","potentialAction":[{"@type":"ReadAction","target":["https:\/\/www.greisinger.com\/en\/products\/further-processing\/"]}]},{"@type":"ImageObject","inLanguage":"en-GB","@id":"https:\/\/www.greisinger.com\/en\/products\/further-processing\/#primaryimage","url":"https:\/\/www.greisinger.com\/wp-content\/uploads\/2022\/03\/startseite_produkt_Weiterverwendung-2.jpg","contentUrl":"https:\/\/www.greisinger.com\/wp-content\/uploads\/2022\/03\/startseite_produkt_Weiterverwendung-2.jpg","width":1300,"height":867},{"@type":"BreadcrumbList","@id":"https:\/\/www.greisinger.com\/en\/products\/further-processing\/#breadcrumb","itemListElement":[{"@type":"ListItem","position":1,"name":"Startseite","item":"https:\/\/www.greisinger.com\/en\/"},{"@type":"ListItem","position":2,"name":"Products","item":"https:\/\/www.greisinger.com\/en\/products\/"},{"@type":"ListItem","position":3,"name":"Further processing"}]},{"@type":"WebSite","@id":"https:\/\/www.greisinger.com\/en\/#website","url":"https:\/\/www.greisinger.com\/en\/","name":"Greisinger GmbH - Fleisch-, Wurst- und Selchwaren","description":"Greisinger, ein rein privat gef\u00fchrtes Top-Fleischverarbeitungsunternehmen aus \u00d6sterreich stellt Fleisch- und Wurst-, Salami- und Snack-Produkte h\u00f6chster Qualit\u00e4t her \u2013 f\u00fcr Kunden aus \u00fcber 40 L\u00e4ndern weltweit.","publisher":{"@id":"https:\/\/www.greisinger.com\/en\/#organization"},"potentialAction":[{"@type":"SearchAction","target":{"@type":"EntryPoint","urlTemplate":"https:\/\/www.greisinger.com\/en\/?s={search_term_string}"},"query-input":{"@type":"PropertyValueSpecification","valueRequired":true,"valueName":"search_term_string"}}],"inLanguage":"en-GB"},{"@type":"Organization","@id":"https:\/\/www.greisinger.com\/en\/#organization","name":"Greisinger GmbH - Fleisch-, Wurst- und Selchwaren","url":"https:\/\/www.greisinger.com\/en\/","logo":{"@type":"ImageObject","inLanguage":"en-GB","@id":"https:\/\/www.greisinger.com\/en\/#\/schema\/logo\/image\/","url":"https:\/\/www.greisinger.com\/wp-content\/uploads\/2022\/01\/logo_greisinger.png","contentUrl":"https:\/\/www.greisinger.com\/wp-content\/uploads\/2022\/01\/logo_greisinger.png","width":200,"height":200,"caption":"Greisinger GmbH - Fleisch-, Wurst- und Selchwaren"},"image":{"@id":"https:\/\/www.greisinger.com\/en\/#\/schema\/logo\/image\/"}}]}},"_links":{"self":[{"href":"https:\/\/www.greisinger.com\/en\/wp-json\/wp\/v2\/pages\/4362","targetHints":{"allow":["GET"]}}],"collection":[{"href":"https:\/\/www.greisinger.com\/en\/wp-json\/wp\/v2\/pages"}],"about":[{"href":"https:\/\/www.greisinger.com\/en\/wp-json\/wp\/v2\/types\/page"}],"author":[{"embeddable":true,"href":"https:\/\/www.greisinger.com\/en\/wp-json\/wp\/v2\/users\/26"}],"replies":[{"embeddable":true,"href":"https:\/\/www.greisinger.com\/en\/wp-json\/wp\/v2\/comments?post=4362"}],"version-history":[{"count":7,"href":"https:\/\/www.greisinger.com\/en\/wp-json\/wp\/v2\/pages\/4362\/revisions"}],"predecessor-version":[{"id":7467,"href":"https:\/\/www.greisinger.com\/en\/wp-json\/wp\/v2\/pages\/4362\/revisions\/7467"}],"up":[{"embeddable":true,"href":"https:\/\/www.greisinger.com\/en\/wp-json\/wp\/v2\/pages\/5008"}],"wp:featuredmedia":[{"embeddable":true,"href":"https:\/\/www.greisinger.com\/en\/wp-json\/wp\/v2\/media\/4269"}],"wp:attachment":[{"href":"https:\/\/www.greisinger.com\/en\/wp-json\/wp\/v2\/media?parent=4362"}],"curies":[{"name":"wp","href":"https:\/\/api.w.org\/{rel}","templated":true}]}}