{"id":4388,"date":"2022-01-07T09:13:05","date_gmt":"2022-01-07T09:13:05","guid":{"rendered":"https:\/\/www.greisinger.com\/?page_id=4388"},"modified":"2024-12-11T13:51:17","modified_gmt":"2024-12-11T12:51:17","slug":"our-promise-to-you","status":"publish","type":"page","link":"https:\/\/www.greisinger.com\/en\/qualitaet-nachhaltigkeit\/our-promise-to-you\/","title":{"rendered":"Our promise to you"},"content":{"rendered":"\n\n\n\n\n\n\n\n\n\n\n\n\n\n\n\n\n\n\n\n\n\n\n\n\n\n\n\n\n\n\n\n                            \n                <div class=\"ce ce-teaser5050 ce--full ce--fullcontent         ce--mb-small                                              ce--sp-0             js-bgcontainer u-bg-cc  \"\n             id=\"block_21d258491aa17dec6deec1c0167398d1\">\n                                <figure>\n    <picture>\n        <source media=\"(min-width: 1440px)\" srcset=\"https:\/\/www.greisinger.com\/wp-content\/uploads\/2022\/01\/01-1-e1646832569279.jpg\">\n        <source media=\"(min-width: 1200px)\" srcset=\"https:\/\/www.greisinger.com\/wp-content\/uploads\/2022\/01\/01-1-e1646832569279-1440x0-c-default.jpg\">\n        <source media=\"(min-width: 992px)\" srcset=\"https:\/\/www.greisinger.com\/wp-content\/uploads\/2022\/01\/01-1-e1646832569279-1200x0-c-default.jpg\">\n        <source media=\"(min-width: 768px)\" srcset=\"https:\/\/www.greisinger.com\/wp-content\/uploads\/2022\/01\/01-1-e1646832569279-992x0-c-default.jpg\">\n        <source media=\"(min-width: 576px)\" srcset=\"https:\/\/www.greisinger.com\/wp-content\/uploads\/2022\/01\/01-1-e1646832569279-768x0-c-default.jpg\">\n        <source media=\"(min-width: 320px)\" srcset=\"https:\/\/www.greisinger.com\/wp-content\/uploads\/2022\/01\/01-1-e1646832569279-576x0-c-default.jpg\">\n        <source srcset=\"https:\/\/www.greisinger.com\/wp-content\/uploads\/2022\/01\/01-1-e1646832569279-576x0-c-default.jpg\">\n        <img decoding=\"async\" src=\"https:\/\/www.greisinger.com\/wp-content\/uploads\/2022\/01\/01-1-e1646832569279.jpg\" width=\"\"\n             height=\"\" alt=\"\" title=\"01\" class=\"img-fluid w-100 js-bgimage\">\n    <\/picture>\n<\/figure>\n                        <div class=\"container-fluid\">\n                                    \n\n\n                                                                                                                                                        \n                                                                                                                                                                                                                                                    <div class=\"row\">\n                        <div\n                                class=\"ce-teaser5050__bgimage col-12 col-md-6 js-bgcontainer pr-0\">\n                                                        <figure>\n                                <picture>\n                                    <source media=\"(min-width: 1600px)\" srcset=\"https:\/\/www.greisinger.com\/wp-content\/uploads\/2022\/03\/Fleischer-in_Bild_gru\u0308ne_Schu\u0308rze-neu.png\">\n                                    <source media=\"(min-width: 1200px)\" srcset=\"https:\/\/www.greisinger.com\/wp-content\/uploads\/2022\/03\/Fleischer-in_Bild_gru\u0308ne_Schu\u0308rze-neu-800x0-c-default.png\">\n                                    <source media=\"(min-width: 992px)\" srcset=\"https:\/\/www.greisinger.com\/wp-content\/uploads\/2022\/03\/Fleischer-in_Bild_gru\u0308ne_Schu\u0308rze-neu-600x613-c-default.png\">\n                                    <source media=\"(min-width: 768px)\" srcset=\"https:\/\/www.greisinger.com\/wp-content\/uploads\/2022\/03\/Fleischer-in_Bild_gru\u0308ne_Schu\u0308rze-neu-496x615-c-default.png\">\n                                    <source srcset=\"https:\/\/www.greisinger.com\/wp-content\/uploads\/2022\/03\/Fleischer-in_Bild_gru\u0308ne_Schu\u0308rze-neu-496x615-c-default.png\">\n                                    <img fetchpriority=\"high\" decoding=\"async\" src=\"https:\/\/www.greisinger.com\/wp-content\/uploads\/2022\/03\/Fleischer-in_Bild_gru\u0308ne_Schu\u0308rze-neu.png\"\n                                         alt=\"\" title=\"Fleischer-in_Bild_gru\u0308ne_Schu\u0308rze-neu\"\n                                         width=\"1920\"\n                                         height=\"1162\"\n                                         class=\"img-fluid w-100 js-bgimage\" loading=\"eager\">\n                                <\/picture>\n                            <\/figure>\n                        <\/div>\n                        <div\n                                class=\"col-12 col-md-6  offset-md-1 p-0 d-md-none\">\n                            <div class=\"ce-teaser5050__image\">\n                                <figure>\n                                                                        <picture>\n                                        <source media=\"(min-width: 576px)\" srcset=\"https:\/\/www.greisinger.com\/wp-content\/uploads\/2022\/03\/Fleischer-in_Bild_gru\u0308ne_Schu\u0308rze-neu.png\">\n                                        <source media=\"(min-width: 320px)\" srcset=\"https:\/\/www.greisinger.com\/wp-content\/uploads\/2022\/03\/Fleischer-in_Bild_gru\u0308ne_Schu\u0308rze-neu-576x0-c-default.png\">\n                                        <source srcset=\"https:\/\/www.greisinger.com\/wp-content\/uploads\/2022\/03\/Fleischer-in_Bild_gru\u0308ne_Schu\u0308rze-neu-576x0-c-default.png\">\n                                        <img decoding=\"async\" src=\"https:\/\/www.greisinger.com\/wp-content\/uploads\/2022\/03\/Fleischer-in_Bild_gru\u0308ne_Schu\u0308rze-neu.png\" alt=\"\"\n                                             title=\"Fleischer-in_Bild_gru\u0308ne_Schu\u0308rze-neu\"\n                                             width=\"1920\" height=\"1162\"\n                                             class=\"img-fluid w-100\" loading=\"lazy\">\n                                    <\/picture>\n                                <\/figure>\n                            <\/div>\n                        <\/div>\n                        <div\n                                class=\"ce-teaser5050__textcontainer d-flex flex-column justify-content-center col-12 col-md-6  text-left ce-teaser5050__textcontainer--right\">\n                            <div\n                                    class=\"ce-teaser5050__text ce-teaser5050__text--right\">\n                                <div class=\"ce-textblock\" data-animation=\"true\" data-animation-duration=\"300\">\n    <div class=\"ce-textblock__text\">\n                        <p>In a production facility measuring about 59,000 m<sup>2<\/sup> all our production processes are planned by computer and carried out at the highest quality level &#8211; from taking receipt of the exquisite and fresh raw materials from strictly selected, regular suppliers to constant quality controls to the meat cutting and processing by our skilled butchers. What gives our sausage meats and smoked meats their unmistakable flavour is the way they are cooked, smoked and roasted, and the special mixtures of spices they contain.<\/p>\n\n    <\/div>\n<\/div>\n                            <\/div>\n                        <\/div>\n                    <\/div>\n                                            <\/div>\n                    <\/div>\n    <\/div>\n    \n        \n\n\n\n\n\n\n\n\n\n\n\n\n\n\n\n\n\n\n\n\n\n\n\n\n\n\n\n\n\n\n\n\n\n\n    \n    \n    \n        \n    \n                                                            \n        \n    \n                                                     \n            <div class=\"ce ce-textimage\n         ce--mb-0                          ce--sp-xsmall          ce--full ce--fullcontent                                                 \n                    \"\n             id=\"block_7b0610f3e968c616f64045166a1969e0\">\n                                    <div class=\"container-fluid\">\n                                <div class=\"row\">\n                    <div\n                            class=\"ce-textimage__text col-12 col-md-6 col-xl-5 text-left offset-xl-1 order-1 order-md-0 d-flex flex-column justify-content-center\">\n                        <div class=\"ce-textblock\" data-animation=\"true\" data-animation-duration=\"300\">\n    <div class=\"ce-textblock__text\">\n                        <p>The natural methods of animal husbandry and manageable farming structure of the M\u00fchlviertel region provide ideal conditions, especially in sausage production. We take only the best-quality cuts of meat for mincing, careful blending and fine seasoning. <\/p>\n<p><strong>This results in the delicious sausage meat that goes into our perfect Greisinger products.<\/strong><\/p>\n\n    <\/div>\n<\/div>\n                    <\/div>\n                    <div\n                            class=\"ce-textimage__image col-12 col-md-6 col-xl-6 order-0 order-md-1 pr-0 pl-0 d-flex flex-column justify-content-center align-items-center\">\n                        <figure class=\"mb-md-0 w-100\">\n                                                                                            <picture>\n                                                                            \n                                                                                                                            \n                                                                                                                                                                \n                                        <source media=\"(min-width: 1600px)\" srcset=\"https:\/\/www.greisinger.com\/wp-content\/uploads\/2022\/01\/05.png\">\n                                        <source media=\"(min-width: 1200px)\" srcset=\"https:\/\/www.greisinger.com\/wp-content\/uploads\/2022\/01\/05-800x0-c-default.png\">\n                                        <source media=\"(min-width: 992px)\" srcset=\"https:\/\/www.greisinger.com\/wp-content\/uploads\/2022\/01\/05-496x0-c-default.png\">\n                                        <source media=\"(min-width: 768px)\" srcset=\"https:\/\/www.greisinger.com\/wp-content\/uploads\/2022\/01\/05-496x0-c-default.png\">\n                                        <source media=\"(min-width: 576px)\" srcset=\"https:\/\/www.greisinger.com\/wp-content\/uploads\/2022\/01\/05-576x0-c-default.png\">\n                                        <source media=\"(min-width: 320px)\" srcset=\"https:\/\/www.greisinger.com\/wp-content\/uploads\/2022\/01\/05-576x0-c-default.png\">\n                                        <source srcset=\"https:\/\/www.greisinger.com\/wp-content\/uploads\/2022\/01\/05-576x0-c-default.png\">\n                                        <img loading=\"lazy\" decoding=\"async\" src=\"https:\/\/www.greisinger.com\/wp-content\/uploads\/2022\/01\/05.png\" alt=\"\"\n                                             title=\"05\"\n                                             width=\"670\" height=\"594\"\n                                             class=\"img-fluid w-100\">\n                                                                    <\/picture>\n                            \n                                                    <\/figure>\n                    <\/div>\n                <\/div>\n                            <\/div>\n                    <\/div>\n    \n        ","protected":false},"excerpt":{"rendered":"","protected":false},"author":25,"featured_media":0,"parent":155241,"menu_order":1,"comment_status":"closed","ping_status":"closed","template":"","meta":{"_acf_changed":false,"footnotes":""},"class_list":["post-4388","page","type-page","status-publish","hentry"],"acf":[],"yoast_head":"<!-- This site is optimized with the Yoast SEO plugin v27.2 - https:\/\/yoast.com\/product\/yoast-seo-wordpress\/ -->\n<title>Our promise to you - Greisinger GmbH - Fleisch-, Wurst- und Selchwaren<\/title>\n<meta name=\"description\" content=\"Was allen Greisinger Spezialit\u00e4ten gemeinsam ist? Die sorgf\u00e4ltige Auswahl hochwertiger Rohstoffe, eine strenge Qualit\u00e4tskontrolle und bester Geschmack.\" \/>\n<meta name=\"robots\" content=\"index, follow, max-snippet:-1, max-image-preview:large, max-video-preview:-1\" \/>\n<link rel=\"canonical\" href=\"https:\/\/www.greisinger.com\/en\/qualitaet-nachhaltigkeit\/our-promise-to-you\/\" \/>\n<meta property=\"og:locale\" content=\"en_GB\" \/>\n<meta property=\"og:type\" content=\"article\" \/>\n<meta property=\"og:title\" content=\"Our promise to you - Greisinger GmbH - Fleisch-, Wurst- und Selchwaren\" \/>\n<meta property=\"og:description\" content=\"Was allen Greisinger Spezialit\u00e4ten gemeinsam ist? Die sorgf\u00e4ltige Auswahl hochwertiger Rohstoffe, eine strenge Qualit\u00e4tskontrolle und bester Geschmack.\" \/>\n<meta property=\"og:url\" content=\"https:\/\/www.greisinger.com\/en\/qualitaet-nachhaltigkeit\/our-promise-to-you\/\" \/>\n<meta property=\"og:site_name\" content=\"Greisinger GmbH - Fleisch-, Wurst- und Selchwaren\" \/>\n<meta property=\"article:modified_time\" content=\"2024-12-11T12:51:17+00:00\" \/>\n<meta name=\"twitter:card\" content=\"summary_large_image\" \/>\n<script type=\"application\/ld+json\" class=\"yoast-schema-graph\">{\"@context\":\"https:\/\/schema.org\",\"@graph\":[{\"@type\":\"WebPage\",\"@id\":\"https:\/\/www.greisinger.com\/en\/qualitaet-nachhaltigkeit\/our-promise-to-you\/\",\"url\":\"https:\/\/www.greisinger.com\/en\/qualitaet-nachhaltigkeit\/our-promise-to-you\/\",\"name\":\"Our promise to you - Greisinger GmbH - Fleisch-, Wurst- und Selchwaren\",\"isPartOf\":{\"@id\":\"https:\/\/www.greisinger.com\/en\/#website\"},\"datePublished\":\"2022-01-07T09:13:05+00:00\",\"dateModified\":\"2024-12-11T12:51:17+00:00\",\"description\":\"Was allen Greisinger Spezialit\u00e4ten gemeinsam ist? Die sorgf\u00e4ltige Auswahl hochwertiger Rohstoffe, eine strenge Qualit\u00e4tskontrolle und bester Geschmack.\",\"breadcrumb\":{\"@id\":\"https:\/\/www.greisinger.com\/en\/qualitaet-nachhaltigkeit\/our-promise-to-you\/#breadcrumb\"},\"inLanguage\":\"en-GB\",\"potentialAction\":[{\"@type\":\"ReadAction\",\"target\":[\"https:\/\/www.greisinger.com\/en\/qualitaet-nachhaltigkeit\/our-promise-to-you\/\"]}]},{\"@type\":\"BreadcrumbList\",\"@id\":\"https:\/\/www.greisinger.com\/en\/qualitaet-nachhaltigkeit\/our-promise-to-you\/#breadcrumb\",\"itemListElement\":[{\"@type\":\"ListItem\",\"position\":1,\"name\":\"Startseite\",\"item\":\"https:\/\/www.greisinger.com\/en\/\"},{\"@type\":\"ListItem\",\"position\":2,\"name\":\"Quality &#038; Sustainability\",\"item\":\"https:\/\/www.greisinger.com\/en\/qualitaet-nachhaltigkeit\/\"},{\"@type\":\"ListItem\",\"position\":3,\"name\":\"Our promise to you\"}]},{\"@type\":\"WebSite\",\"@id\":\"https:\/\/www.greisinger.com\/en\/#website\",\"url\":\"https:\/\/www.greisinger.com\/en\/\",\"name\":\"Greisinger GmbH - Fleisch-, Wurst- und Selchwaren\",\"description\":\"Greisinger, ein rein privat gef\u00fchrtes Top-Fleischverarbeitungsunternehmen aus \u00d6sterreich stellt Fleisch- und Wurst-, Salami- und Snack-Produkte h\u00f6chster Qualit\u00e4t her \u2013 f\u00fcr Kunden aus \u00fcber 40 L\u00e4ndern weltweit.\",\"publisher\":{\"@id\":\"https:\/\/www.greisinger.com\/en\/#organization\"},\"potentialAction\":[{\"@type\":\"SearchAction\",\"target\":{\"@type\":\"EntryPoint\",\"urlTemplate\":\"https:\/\/www.greisinger.com\/en\/?s={search_term_string}\"},\"query-input\":{\"@type\":\"PropertyValueSpecification\",\"valueRequired\":true,\"valueName\":\"search_term_string\"}}],\"inLanguage\":\"en-GB\"},{\"@type\":\"Organization\",\"@id\":\"https:\/\/www.greisinger.com\/en\/#organization\",\"name\":\"Greisinger GmbH - Fleisch-, Wurst- und Selchwaren\",\"url\":\"https:\/\/www.greisinger.com\/en\/\",\"logo\":{\"@type\":\"ImageObject\",\"inLanguage\":\"en-GB\",\"@id\":\"https:\/\/www.greisinger.com\/en\/#\/schema\/logo\/image\/\",\"url\":\"https:\/\/www.greisinger.com\/wp-content\/uploads\/2022\/01\/logo_greisinger.png\",\"contentUrl\":\"https:\/\/www.greisinger.com\/wp-content\/uploads\/2022\/01\/logo_greisinger.png\",\"width\":200,\"height\":200,\"caption\":\"Greisinger GmbH - Fleisch-, Wurst- und Selchwaren\"},\"image\":{\"@id\":\"https:\/\/www.greisinger.com\/en\/#\/schema\/logo\/image\/\"}}]}<\/script>\n<!-- \/ Yoast SEO plugin. -->","yoast_head_json":{"title":"Our promise to you - Greisinger GmbH - Fleisch-, Wurst- und Selchwaren","description":"Was allen Greisinger Spezialit\u00e4ten gemeinsam ist? Die sorgf\u00e4ltige Auswahl hochwertiger Rohstoffe, eine strenge Qualit\u00e4tskontrolle und bester Geschmack.","robots":{"index":"index","follow":"follow","max-snippet":"max-snippet:-1","max-image-preview":"max-image-preview:large","max-video-preview":"max-video-preview:-1"},"canonical":"https:\/\/www.greisinger.com\/en\/qualitaet-nachhaltigkeit\/our-promise-to-you\/","og_locale":"en_GB","og_type":"article","og_title":"Our promise to you - Greisinger GmbH - Fleisch-, Wurst- und Selchwaren","og_description":"Was allen Greisinger Spezialit\u00e4ten gemeinsam ist? Die sorgf\u00e4ltige Auswahl hochwertiger Rohstoffe, eine strenge Qualit\u00e4tskontrolle und bester Geschmack.","og_url":"https:\/\/www.greisinger.com\/en\/qualitaet-nachhaltigkeit\/our-promise-to-you\/","og_site_name":"Greisinger GmbH - Fleisch-, Wurst- und Selchwaren","article_modified_time":"2024-12-11T12:51:17+00:00","twitter_card":"summary_large_image","schema":{"@context":"https:\/\/schema.org","@graph":[{"@type":"WebPage","@id":"https:\/\/www.greisinger.com\/en\/qualitaet-nachhaltigkeit\/our-promise-to-you\/","url":"https:\/\/www.greisinger.com\/en\/qualitaet-nachhaltigkeit\/our-promise-to-you\/","name":"Our promise to you - Greisinger GmbH - Fleisch-, Wurst- und Selchwaren","isPartOf":{"@id":"https:\/\/www.greisinger.com\/en\/#website"},"datePublished":"2022-01-07T09:13:05+00:00","dateModified":"2024-12-11T12:51:17+00:00","description":"Was allen Greisinger Spezialit\u00e4ten gemeinsam ist? Die sorgf\u00e4ltige Auswahl hochwertiger Rohstoffe, eine strenge Qualit\u00e4tskontrolle und bester Geschmack.","breadcrumb":{"@id":"https:\/\/www.greisinger.com\/en\/qualitaet-nachhaltigkeit\/our-promise-to-you\/#breadcrumb"},"inLanguage":"en-GB","potentialAction":[{"@type":"ReadAction","target":["https:\/\/www.greisinger.com\/en\/qualitaet-nachhaltigkeit\/our-promise-to-you\/"]}]},{"@type":"BreadcrumbList","@id":"https:\/\/www.greisinger.com\/en\/qualitaet-nachhaltigkeit\/our-promise-to-you\/#breadcrumb","itemListElement":[{"@type":"ListItem","position":1,"name":"Startseite","item":"https:\/\/www.greisinger.com\/en\/"},{"@type":"ListItem","position":2,"name":"Quality &#038; Sustainability","item":"https:\/\/www.greisinger.com\/en\/qualitaet-nachhaltigkeit\/"},{"@type":"ListItem","position":3,"name":"Our promise to you"}]},{"@type":"WebSite","@id":"https:\/\/www.greisinger.com\/en\/#website","url":"https:\/\/www.greisinger.com\/en\/","name":"Greisinger GmbH - Fleisch-, Wurst- und Selchwaren","description":"Greisinger, ein rein privat gef\u00fchrtes Top-Fleischverarbeitungsunternehmen aus \u00d6sterreich stellt Fleisch- und Wurst-, Salami- und Snack-Produkte h\u00f6chster Qualit\u00e4t her \u2013 f\u00fcr Kunden aus \u00fcber 40 L\u00e4ndern weltweit.","publisher":{"@id":"https:\/\/www.greisinger.com\/en\/#organization"},"potentialAction":[{"@type":"SearchAction","target":{"@type":"EntryPoint","urlTemplate":"https:\/\/www.greisinger.com\/en\/?s={search_term_string}"},"query-input":{"@type":"PropertyValueSpecification","valueRequired":true,"valueName":"search_term_string"}}],"inLanguage":"en-GB"},{"@type":"Organization","@id":"https:\/\/www.greisinger.com\/en\/#organization","name":"Greisinger GmbH - Fleisch-, Wurst- und Selchwaren","url":"https:\/\/www.greisinger.com\/en\/","logo":{"@type":"ImageObject","inLanguage":"en-GB","@id":"https:\/\/www.greisinger.com\/en\/#\/schema\/logo\/image\/","url":"https:\/\/www.greisinger.com\/wp-content\/uploads\/2022\/01\/logo_greisinger.png","contentUrl":"https:\/\/www.greisinger.com\/wp-content\/uploads\/2022\/01\/logo_greisinger.png","width":200,"height":200,"caption":"Greisinger GmbH - Fleisch-, Wurst- und Selchwaren"},"image":{"@id":"https:\/\/www.greisinger.com\/en\/#\/schema\/logo\/image\/"}}]}},"_links":{"self":[{"href":"https:\/\/www.greisinger.com\/en\/wp-json\/wp\/v2\/pages\/4388","targetHints":{"allow":["GET"]}}],"collection":[{"href":"https:\/\/www.greisinger.com\/en\/wp-json\/wp\/v2\/pages"}],"about":[{"href":"https:\/\/www.greisinger.com\/en\/wp-json\/wp\/v2\/types\/page"}],"author":[{"embeddable":true,"href":"https:\/\/www.greisinger.com\/en\/wp-json\/wp\/v2\/users\/25"}],"replies":[{"embeddable":true,"href":"https:\/\/www.greisinger.com\/en\/wp-json\/wp\/v2\/comments?post=4388"}],"version-history":[{"count":23,"href":"https:\/\/www.greisinger.com\/en\/wp-json\/wp\/v2\/pages\/4388\/revisions"}],"predecessor-version":[{"id":27855,"href":"https:\/\/www.greisinger.com\/en\/wp-json\/wp\/v2\/pages\/4388\/revisions\/27855"}],"up":[{"embeddable":true,"href":"https:\/\/www.greisinger.com\/en\/wp-json\/wp\/v2\/pages\/155241"}],"wp:attachment":[{"href":"https:\/\/www.greisinger.com\/en\/wp-json\/wp\/v2\/media?parent=4388"}],"curies":[{"name":"wp","href":"https:\/\/api.w.org\/{rel}","templated":true}]}}