{"id":7354,"date":"2022-03-10T12:00:53","date_gmt":"2022-03-10T11:00:53","guid":{"rendered":"https:\/\/www.greisinger.com\/?page_id=7354"},"modified":"2022-04-13T14:18:11","modified_gmt":"2022-04-13T12:18:11","slug":"cured-products","status":"publish","type":"page","link":"https:\/\/www.greisinger.com\/en\/products\/products-austria\/cured-products\/","title":{"rendered":"Cured Products"},"content":{"rendered":"\n\n\n\n\n\n\n\n\n\n\n\n\n\n\n\n\n\n\n\n\n\n\n\n\n\n\n\n\n\n\n\n\n                                            <div class=\"ce ce-teaserbox\n         ce--mb-standard                          text-left\"\n     id=\"block_6218d030c9323\">\n        <div class=\"container-fluid\">\n        <div class=\"row\">\n                                                <div class=\"col-12 col-md-6 col-xl-3\">\n                        <div class=\"ce ce-teaserbox__item h-100\" data-animation=\"true\" data-duration=\"300\">\n                            \n<a class=\"ce-teaserbox__content d-flex flex-column h-100 text-center\" href=\"https:\/\/www.greisinger.com\/en\/produkte\/schweinsmaisen\/\">\n    <figure class=\"ce-teaserbox__figure\" data-animation=\"fade\" data-animation-duration=\"300\">\n        <picture>\n            <source media=\"(min-width: 1600px)\" srcset=\"https:\/\/www.greisinger.com\/wp-content\/uploads\/2022\/06\/23543_S-Maisen_WEB_1-264x319-c-default.jpg\">\n            <source media=\"(min-width: 1200px)\" srcset=\"https:\/\/www.greisinger.com\/wp-content\/uploads\/2022\/06\/23543_S-Maisen_WEB_1-242x292-c-default.jpg\">\n            <source media=\"(min-width: 992px)\" srcset=\"https:\/\/www.greisinger.com\/wp-content\/uploads\/2022\/06\/23543_S-Maisen_WEB_1-472x570-c-default.jpg\">\n            <source media=\"(min-width: 768px)\" srcset=\"https:\/\/www.greisinger.com\/wp-content\/uploads\/2022\/06\/23543_S-Maisen_WEB_1-369x446-c-default.jpg\">\n            <source media=\"(min-width: 576px)\" srcset=\"https:\/\/www.greisinger.com\/wp-content\/uploads\/2022\/06\/23543_S-Maisen_WEB_1-273x330-c-default.jpg\">\n            <source media=\"(min-width: 320px)\" srcset=\"https:\/\/www.greisinger.com\/wp-content\/uploads\/2022\/06\/23543_S-Maisen_WEB_1-488x589-c-default.jpg\">\n            <source srcset=\"https:\/\/www.greisinger.com\/wp-content\/uploads\/2022\/06\/23543_S-Maisen_WEB_1-488x589-c-default.jpg\">\n            <img decoding=\"async\" src=\"https:\/\/www.greisinger.com\/wp-content\/uploads\/2022\/06\/23543_S-Maisen_WEB_1-264x319-c-default.jpg\" alt=\"\" title=\"23543_S-Maisen_WEB_1\"\n                 width=\"1920\" height=\"1440\"\n                 class=\"img-fluid w-100\" loading=\"lazy\">\n        <\/picture>\n    <\/figure>\n    <h6 class=\"mb-0\">\n        Schweinsmaisen\n    <\/h6>\n<\/a>\n                        <\/div>\n                    <\/div>\n                                    <div class=\"col-12 col-md-6 col-xl-3\">\n                        <div class=\"ce ce-teaserbox__item h-100\" data-animation=\"true\" data-duration=\"300\">\n                            \n<a class=\"ce-teaserbox__content d-flex flex-column h-100 text-center\" href=\"https:\/\/www.greisinger.com\/en\/produkte\/smoked-and-cooked-pork-belly\/\">\n    <figure class=\"ce-teaserbox__figure\" data-animation=\"fade\" data-animation-duration=\"300\">\n        <picture>\n            <source media=\"(min-width: 1600px)\" srcset=\"https:\/\/www.greisinger.com\/wp-content\/uploads\/2022\/03\/26761_BauerngeselchtesBauch-264x319-c-default.jpg\">\n            <source media=\"(min-width: 1200px)\" srcset=\"https:\/\/www.greisinger.com\/wp-content\/uploads\/2022\/03\/26761_BauerngeselchtesBauch-242x292-c-default.jpg\">\n            <source media=\"(min-width: 992px)\" srcset=\"https:\/\/www.greisinger.com\/wp-content\/uploads\/2022\/03\/26761_BauerngeselchtesBauch-472x570-c-default.jpg\">\n            <source media=\"(min-width: 768px)\" srcset=\"https:\/\/www.greisinger.com\/wp-content\/uploads\/2022\/03\/26761_BauerngeselchtesBauch-369x446-c-default.jpg\">\n            <source media=\"(min-width: 576px)\" srcset=\"https:\/\/www.greisinger.com\/wp-content\/uploads\/2022\/03\/26761_BauerngeselchtesBauch-273x330-c-default.jpg\">\n            <source media=\"(min-width: 320px)\" srcset=\"https:\/\/www.greisinger.com\/wp-content\/uploads\/2022\/03\/26761_BauerngeselchtesBauch-488x589-c-default.jpg\">\n            <source srcset=\"https:\/\/www.greisinger.com\/wp-content\/uploads\/2022\/03\/26761_BauerngeselchtesBauch-488x589-c-default.jpg\">\n            <img decoding=\"async\" src=\"https:\/\/www.greisinger.com\/wp-content\/uploads\/2022\/03\/26761_BauerngeselchtesBauch-264x319-c-default.jpg\" alt=\"\" title=\"26761_BauerngeselchtesBauch\"\n                 width=\"5344\" height=\"4006\"\n                 class=\"img-fluid w-100\" loading=\"lazy\">\n        <\/picture>\n    <\/figure>\n    <h6 class=\"mb-0\">\n        Smoked and cooked pork belly\n    <\/h6>\n<\/a>\n                        <\/div>\n                    <\/div>\n                                    <div class=\"col-12 col-md-6 col-xl-3\">\n                        <div class=\"ce ce-teaserbox__item h-100\" data-animation=\"true\" data-duration=\"300\">\n                            \n<a class=\"ce-teaserbox__content d-flex flex-column h-100 text-center\" href=\"https:\/\/www.greisinger.com\/en\/produkte\/smoked-and-cooked-pork-shoulder\/\">\n    <figure class=\"ce-teaserbox__figure\" data-animation=\"fade\" data-animation-duration=\"300\">\n        <picture>\n            <source media=\"(min-width: 1600px)\" srcset=\"https:\/\/www.greisinger.com\/wp-content\/uploads\/2022\/03\/26760_BauerngeselchtesSchul-264x319-c-default.jpg\">\n            <source media=\"(min-width: 1200px)\" srcset=\"https:\/\/www.greisinger.com\/wp-content\/uploads\/2022\/03\/26760_BauerngeselchtesSchul-242x292-c-default.jpg\">\n            <source media=\"(min-width: 992px)\" srcset=\"https:\/\/www.greisinger.com\/wp-content\/uploads\/2022\/03\/26760_BauerngeselchtesSchul-472x570-c-default.jpg\">\n            <source media=\"(min-width: 768px)\" srcset=\"https:\/\/www.greisinger.com\/wp-content\/uploads\/2022\/03\/26760_BauerngeselchtesSchul-369x446-c-default.jpg\">\n            <source media=\"(min-width: 576px)\" srcset=\"https:\/\/www.greisinger.com\/wp-content\/uploads\/2022\/03\/26760_BauerngeselchtesSchul-273x330-c-default.jpg\">\n            <source media=\"(min-width: 320px)\" srcset=\"https:\/\/www.greisinger.com\/wp-content\/uploads\/2022\/03\/26760_BauerngeselchtesSchul-488x589-c-default.jpg\">\n            <source srcset=\"https:\/\/www.greisinger.com\/wp-content\/uploads\/2022\/03\/26760_BauerngeselchtesSchul-488x589-c-default.jpg\">\n            <img decoding=\"async\" src=\"https:\/\/www.greisinger.com\/wp-content\/uploads\/2022\/03\/26760_BauerngeselchtesSchul-264x319-c-default.jpg\" alt=\"\" title=\"26760_BauerngeselchtesSchul\"\n                 width=\"5344\" height=\"4006\"\n                 class=\"img-fluid w-100\" loading=\"lazy\">\n        <\/picture>\n    <\/figure>\n    <h6 class=\"mb-0\">\n        Smoked and cooked pork shoulder 1\/2\n    <\/h6>\n<\/a>\n                        <\/div>\n                    <\/div>\n                                    <div class=\"col-12 col-md-6 col-xl-3\">\n                        <div class=\"ce ce-teaserbox__item h-100\" data-animation=\"true\" data-duration=\"300\">\n                            \n<a class=\"ce-teaserbox__content d-flex flex-column h-100 text-center\" href=\"https:\/\/www.greisinger.com\/en\/produkte\/smoked-and-pre-cooked-pork-neck\/\">\n    <figure class=\"ce-teaserbox__figure\" data-animation=\"fade\" data-animation-duration=\"300\">\n        <picture>\n            <source media=\"(min-width: 1600px)\" srcset=\"https:\/\/www.greisinger.com\/wp-content\/uploads\/2022\/03\/25861_Selchschopf-scaled-264x319-c-default.jpg\">\n            <source media=\"(min-width: 1200px)\" srcset=\"https:\/\/www.greisinger.com\/wp-content\/uploads\/2022\/03\/25861_Selchschopf-scaled-242x292-c-default.jpg\">\n            <source media=\"(min-width: 992px)\" srcset=\"https:\/\/www.greisinger.com\/wp-content\/uploads\/2022\/03\/25861_Selchschopf-scaled-472x570-c-default.jpg\">\n            <source media=\"(min-width: 768px)\" srcset=\"https:\/\/www.greisinger.com\/wp-content\/uploads\/2022\/03\/25861_Selchschopf-scaled-369x446-c-default.jpg\">\n            <source media=\"(min-width: 576px)\" srcset=\"https:\/\/www.greisinger.com\/wp-content\/uploads\/2022\/03\/25861_Selchschopf-scaled-273x330-c-default.jpg\">\n            <source media=\"(min-width: 320px)\" srcset=\"https:\/\/www.greisinger.com\/wp-content\/uploads\/2022\/03\/25861_Selchschopf-scaled-488x589-c-default.jpg\">\n            <source srcset=\"https:\/\/www.greisinger.com\/wp-content\/uploads\/2022\/03\/25861_Selchschopf-scaled-488x589-c-default.jpg\">\n            <img decoding=\"async\" src=\"https:\/\/www.greisinger.com\/wp-content\/uploads\/2022\/03\/25861_Selchschopf-scaled-264x319-c-default.jpg\" alt=\"\" title=\"25861_Selchschopf\"\n                 width=\"2560\" height=\"1920\"\n                 class=\"img-fluid w-100\" loading=\"lazy\">\n        <\/picture>\n    <\/figure>\n    <h6 class=\"mb-0\">\n        Smoked and Pre-Cooked Pork Neck\n    <\/h6>\n<\/a>\n                        <\/div>\n                    <\/div>\n                                    <div class=\"col-12 col-md-6 col-xl-3\">\n                        <div class=\"ce ce-teaserbox__item h-100\" data-animation=\"true\" data-duration=\"300\">\n                            \n<a class=\"ce-teaserbox__content d-flex flex-column h-100 text-center\" href=\"https:\/\/www.greisinger.com\/en\/produkte\/smoked-country-ham\/\">\n    <figure class=\"ce-teaserbox__figure\" data-animation=\"fade\" data-animation-duration=\"300\">\n        <picture>\n            <source media=\"(min-width: 1600px)\" srcset=\"https:\/\/www.greisinger.com\/wp-content\/uploads\/2022\/06\/25852_Rauchschopf_ret_WEB-264x319-c-default.jpg\">\n            <source media=\"(min-width: 1200px)\" srcset=\"https:\/\/www.greisinger.com\/wp-content\/uploads\/2022\/06\/25852_Rauchschopf_ret_WEB-242x292-c-default.jpg\">\n            <source media=\"(min-width: 992px)\" srcset=\"https:\/\/www.greisinger.com\/wp-content\/uploads\/2022\/06\/25852_Rauchschopf_ret_WEB-472x570-c-default.jpg\">\n            <source media=\"(min-width: 768px)\" srcset=\"https:\/\/www.greisinger.com\/wp-content\/uploads\/2022\/06\/25852_Rauchschopf_ret_WEB-369x446-c-default.jpg\">\n            <source media=\"(min-width: 576px)\" srcset=\"https:\/\/www.greisinger.com\/wp-content\/uploads\/2022\/06\/25852_Rauchschopf_ret_WEB-273x330-c-default.jpg\">\n            <source media=\"(min-width: 320px)\" srcset=\"https:\/\/www.greisinger.com\/wp-content\/uploads\/2022\/06\/25852_Rauchschopf_ret_WEB-488x589-c-default.jpg\">\n            <source srcset=\"https:\/\/www.greisinger.com\/wp-content\/uploads\/2022\/06\/25852_Rauchschopf_ret_WEB-488x589-c-default.jpg\">\n            <img decoding=\"async\" src=\"https:\/\/www.greisinger.com\/wp-content\/uploads\/2022\/06\/25852_Rauchschopf_ret_WEB-264x319-c-default.jpg\" alt=\"\" title=\"25852_Rauchschopf_ret_WEB\"\n                 width=\"1920\" height=\"1440\"\n                 class=\"img-fluid w-100\" loading=\"lazy\">\n        <\/picture>\n    <\/figure>\n    <h6 class=\"mb-0\">\n        Smoked Country Ham\n    <\/h6>\n<\/a>\n                        <\/div>\n                    <\/div>\n                                    <\/div>\n                            \n\n    <\/div>\n<\/div>\n            \n    \n","protected":false},"excerpt":{"rendered":"","protected":false},"author":31,"featured_media":4273,"parent":4353,"menu_order":0,"comment_status":"closed","ping_status":"closed","template":"","meta":{"_acf_changed":false,"footnotes":""},"class_list":["post-7354","page","type-page","status-publish","has-post-thumbnail","hentry"],"acf":[],"yoast_head":"<!-- This site is optimized with the Yoast SEO plugin v27.2 - https:\/\/yoast.com\/product\/yoast-seo-wordpress\/ -->\n<title>Cured Products - Greisinger GmbH - Fleisch-, Wurst- und Selchwaren<\/title>\n<meta name=\"robots\" content=\"index, follow, max-snippet:-1, max-image-preview:large, max-video-preview:-1\" \/>\n<link rel=\"canonical\" href=\"https:\/\/www.greisinger.com\/en\/products\/products-austria\/cured-products\/\" \/>\n<meta property=\"og:locale\" content=\"en_GB\" \/>\n<meta property=\"og:type\" content=\"article\" \/>\n<meta property=\"og:title\" content=\"Cured Products - Greisinger GmbH - Fleisch-, Wurst- und Selchwaren\" \/>\n<meta property=\"og:url\" content=\"https:\/\/www.greisinger.com\/en\/products\/products-austria\/cured-products\/\" \/>\n<meta property=\"og:site_name\" content=\"Greisinger GmbH - Fleisch-, Wurst- und Selchwaren\" \/>\n<meta property=\"article:modified_time\" content=\"2022-04-13T12:18:11+00:00\" \/>\n<meta property=\"og:image\" content=\"https:\/\/www.greisinger.com\/wp-content\/uploads\/2022\/03\/startseite_produkte_oesterreich.jpg\" \/>\n\t<meta property=\"og:image:width\" content=\"1300\" \/>\n\t<meta property=\"og:image:height\" content=\"867\" \/>\n\t<meta property=\"og:image:type\" content=\"image\/jpeg\" \/>\n<meta name=\"twitter:card\" content=\"summary_large_image\" \/>\n<script type=\"application\/ld+json\" class=\"yoast-schema-graph\">{\"@context\":\"https:\/\/schema.org\",\"@graph\":[{\"@type\":\"WebPage\",\"@id\":\"https:\/\/www.greisinger.com\/en\/products\/products-austria\/cured-products\/\",\"url\":\"https:\/\/www.greisinger.com\/en\/products\/products-austria\/cured-products\/\",\"name\":\"Cured Products - Greisinger GmbH - Fleisch-, Wurst- und Selchwaren\",\"isPartOf\":{\"@id\":\"https:\/\/www.greisinger.com\/en\/#website\"},\"primaryImageOfPage\":{\"@id\":\"https:\/\/www.greisinger.com\/en\/products\/products-austria\/cured-products\/#primaryimage\"},\"image\":{\"@id\":\"https:\/\/www.greisinger.com\/en\/products\/products-austria\/cured-products\/#primaryimage\"},\"thumbnailUrl\":\"https:\/\/www.greisinger.com\/wp-content\/uploads\/2022\/03\/startseite_produkte_oesterreich.jpg\",\"datePublished\":\"2022-03-10T11:00:53+00:00\",\"dateModified\":\"2022-04-13T12:18:11+00:00\",\"breadcrumb\":{\"@id\":\"https:\/\/www.greisinger.com\/en\/products\/products-austria\/cured-products\/#breadcrumb\"},\"inLanguage\":\"en-GB\",\"potentialAction\":[{\"@type\":\"ReadAction\",\"target\":[\"https:\/\/www.greisinger.com\/en\/products\/products-austria\/cured-products\/\"]}]},{\"@type\":\"ImageObject\",\"inLanguage\":\"en-GB\",\"@id\":\"https:\/\/www.greisinger.com\/en\/products\/products-austria\/cured-products\/#primaryimage\",\"url\":\"https:\/\/www.greisinger.com\/wp-content\/uploads\/2022\/03\/startseite_produkte_oesterreich.jpg\",\"contentUrl\":\"https:\/\/www.greisinger.com\/wp-content\/uploads\/2022\/03\/startseite_produkte_oesterreich.jpg\",\"width\":1300,\"height\":867},{\"@type\":\"BreadcrumbList\",\"@id\":\"https:\/\/www.greisinger.com\/en\/products\/products-austria\/cured-products\/#breadcrumb\",\"itemListElement\":[{\"@type\":\"ListItem\",\"position\":1,\"name\":\"Startseite\",\"item\":\"https:\/\/www.greisinger.com\/en\/\"},{\"@type\":\"ListItem\",\"position\":2,\"name\":\"Products\",\"item\":\"https:\/\/www.greisinger.com\/en\/products\/\"},{\"@type\":\"ListItem\",\"position\":3,\"name\":\"Products for the home market\",\"item\":\"https:\/\/www.greisinger.com\/en\/products\/products-austria\/\"},{\"@type\":\"ListItem\",\"position\":4,\"name\":\"Cured Products\"}]},{\"@type\":\"WebSite\",\"@id\":\"https:\/\/www.greisinger.com\/en\/#website\",\"url\":\"https:\/\/www.greisinger.com\/en\/\",\"name\":\"Greisinger GmbH - Fleisch-, Wurst- und Selchwaren\",\"description\":\"Greisinger, ein rein privat gef\u00fchrtes Top-Fleischverarbeitungsunternehmen aus \u00d6sterreich stellt Fleisch- und Wurst-, Salami- und Snack-Produkte h\u00f6chster Qualit\u00e4t her \u2013 f\u00fcr Kunden aus \u00fcber 40 L\u00e4ndern weltweit.\",\"publisher\":{\"@id\":\"https:\/\/www.greisinger.com\/en\/#organization\"},\"potentialAction\":[{\"@type\":\"SearchAction\",\"target\":{\"@type\":\"EntryPoint\",\"urlTemplate\":\"https:\/\/www.greisinger.com\/en\/?s={search_term_string}\"},\"query-input\":{\"@type\":\"PropertyValueSpecification\",\"valueRequired\":true,\"valueName\":\"search_term_string\"}}],\"inLanguage\":\"en-GB\"},{\"@type\":\"Organization\",\"@id\":\"https:\/\/www.greisinger.com\/en\/#organization\",\"name\":\"Greisinger GmbH - Fleisch-, Wurst- und Selchwaren\",\"url\":\"https:\/\/www.greisinger.com\/en\/\",\"logo\":{\"@type\":\"ImageObject\",\"inLanguage\":\"en-GB\",\"@id\":\"https:\/\/www.greisinger.com\/en\/#\/schema\/logo\/image\/\",\"url\":\"https:\/\/www.greisinger.com\/wp-content\/uploads\/2022\/01\/logo_greisinger.png\",\"contentUrl\":\"https:\/\/www.greisinger.com\/wp-content\/uploads\/2022\/01\/logo_greisinger.png\",\"width\":200,\"height\":200,\"caption\":\"Greisinger GmbH - Fleisch-, Wurst- und Selchwaren\"},\"image\":{\"@id\":\"https:\/\/www.greisinger.com\/en\/#\/schema\/logo\/image\/\"}}]}<\/script>\n<!-- \/ Yoast SEO plugin. -->","yoast_head_json":{"title":"Cured Products - Greisinger GmbH - Fleisch-, Wurst- und Selchwaren","robots":{"index":"index","follow":"follow","max-snippet":"max-snippet:-1","max-image-preview":"max-image-preview:large","max-video-preview":"max-video-preview:-1"},"canonical":"https:\/\/www.greisinger.com\/en\/products\/products-austria\/cured-products\/","og_locale":"en_GB","og_type":"article","og_title":"Cured Products - Greisinger GmbH - Fleisch-, Wurst- und Selchwaren","og_url":"https:\/\/www.greisinger.com\/en\/products\/products-austria\/cured-products\/","og_site_name":"Greisinger GmbH - Fleisch-, Wurst- und Selchwaren","article_modified_time":"2022-04-13T12:18:11+00:00","og_image":[{"width":1300,"height":867,"url":"https:\/\/www.greisinger.com\/wp-content\/uploads\/2022\/03\/startseite_produkte_oesterreich.jpg","type":"image\/jpeg"}],"twitter_card":"summary_large_image","schema":{"@context":"https:\/\/schema.org","@graph":[{"@type":"WebPage","@id":"https:\/\/www.greisinger.com\/en\/products\/products-austria\/cured-products\/","url":"https:\/\/www.greisinger.com\/en\/products\/products-austria\/cured-products\/","name":"Cured Products - Greisinger GmbH - Fleisch-, Wurst- und Selchwaren","isPartOf":{"@id":"https:\/\/www.greisinger.com\/en\/#website"},"primaryImageOfPage":{"@id":"https:\/\/www.greisinger.com\/en\/products\/products-austria\/cured-products\/#primaryimage"},"image":{"@id":"https:\/\/www.greisinger.com\/en\/products\/products-austria\/cured-products\/#primaryimage"},"thumbnailUrl":"https:\/\/www.greisinger.com\/wp-content\/uploads\/2022\/03\/startseite_produkte_oesterreich.jpg","datePublished":"2022-03-10T11:00:53+00:00","dateModified":"2022-04-13T12:18:11+00:00","breadcrumb":{"@id":"https:\/\/www.greisinger.com\/en\/products\/products-austria\/cured-products\/#breadcrumb"},"inLanguage":"en-GB","potentialAction":[{"@type":"ReadAction","target":["https:\/\/www.greisinger.com\/en\/products\/products-austria\/cured-products\/"]}]},{"@type":"ImageObject","inLanguage":"en-GB","@id":"https:\/\/www.greisinger.com\/en\/products\/products-austria\/cured-products\/#primaryimage","url":"https:\/\/www.greisinger.com\/wp-content\/uploads\/2022\/03\/startseite_produkte_oesterreich.jpg","contentUrl":"https:\/\/www.greisinger.com\/wp-content\/uploads\/2022\/03\/startseite_produkte_oesterreich.jpg","width":1300,"height":867},{"@type":"BreadcrumbList","@id":"https:\/\/www.greisinger.com\/en\/products\/products-austria\/cured-products\/#breadcrumb","itemListElement":[{"@type":"ListItem","position":1,"name":"Startseite","item":"https:\/\/www.greisinger.com\/en\/"},{"@type":"ListItem","position":2,"name":"Products","item":"https:\/\/www.greisinger.com\/en\/products\/"},{"@type":"ListItem","position":3,"name":"Products for the home market","item":"https:\/\/www.greisinger.com\/en\/products\/products-austria\/"},{"@type":"ListItem","position":4,"name":"Cured Products"}]},{"@type":"WebSite","@id":"https:\/\/www.greisinger.com\/en\/#website","url":"https:\/\/www.greisinger.com\/en\/","name":"Greisinger GmbH - Fleisch-, Wurst- und Selchwaren","description":"Greisinger, ein rein privat gef\u00fchrtes Top-Fleischverarbeitungsunternehmen aus \u00d6sterreich stellt Fleisch- und Wurst-, Salami- und Snack-Produkte h\u00f6chster Qualit\u00e4t her \u2013 f\u00fcr Kunden aus \u00fcber 40 L\u00e4ndern weltweit.","publisher":{"@id":"https:\/\/www.greisinger.com\/en\/#organization"},"potentialAction":[{"@type":"SearchAction","target":{"@type":"EntryPoint","urlTemplate":"https:\/\/www.greisinger.com\/en\/?s={search_term_string}"},"query-input":{"@type":"PropertyValueSpecification","valueRequired":true,"valueName":"search_term_string"}}],"inLanguage":"en-GB"},{"@type":"Organization","@id":"https:\/\/www.greisinger.com\/en\/#organization","name":"Greisinger GmbH - Fleisch-, Wurst- und Selchwaren","url":"https:\/\/www.greisinger.com\/en\/","logo":{"@type":"ImageObject","inLanguage":"en-GB","@id":"https:\/\/www.greisinger.com\/en\/#\/schema\/logo\/image\/","url":"https:\/\/www.greisinger.com\/wp-content\/uploads\/2022\/01\/logo_greisinger.png","contentUrl":"https:\/\/www.greisinger.com\/wp-content\/uploads\/2022\/01\/logo_greisinger.png","width":200,"height":200,"caption":"Greisinger GmbH - Fleisch-, Wurst- und Selchwaren"},"image":{"@id":"https:\/\/www.greisinger.com\/en\/#\/schema\/logo\/image\/"}}]}},"_links":{"self":[{"href":"https:\/\/www.greisinger.com\/en\/wp-json\/wp\/v2\/pages\/7354","targetHints":{"allow":["GET"]}}],"collection":[{"href":"https:\/\/www.greisinger.com\/en\/wp-json\/wp\/v2\/pages"}],"about":[{"href":"https:\/\/www.greisinger.com\/en\/wp-json\/wp\/v2\/types\/page"}],"author":[{"embeddable":true,"href":"https:\/\/www.greisinger.com\/en\/wp-json\/wp\/v2\/users\/31"}],"replies":[{"embeddable":true,"href":"https:\/\/www.greisinger.com\/en\/wp-json\/wp\/v2\/comments?post=7354"}],"version-history":[{"count":5,"href":"https:\/\/www.greisinger.com\/en\/wp-json\/wp\/v2\/pages\/7354\/revisions"}],"predecessor-version":[{"id":8908,"href":"https:\/\/www.greisinger.com\/en\/wp-json\/wp\/v2\/pages\/7354\/revisions\/8908"}],"up":[{"embeddable":true,"href":"https:\/\/www.greisinger.com\/en\/wp-json\/wp\/v2\/pages\/4353"}],"wp:featuredmedia":[{"embeddable":true,"href":"https:\/\/www.greisinger.com\/en\/wp-json\/wp\/v2\/media\/4273"}],"wp:attachment":[{"href":"https:\/\/www.greisinger.com\/en\/wp-json\/wp\/v2\/media?parent=7354"}],"curies":[{"name":"wp","href":"https:\/\/api.w.org\/{rel}","templated":true}]}}