{"id":7459,"date":"2022-03-10T13:54:45","date_gmt":"2022-03-10T12:54:45","guid":{"rendered":"https:\/\/www.greisinger.com\/?page_id=7459"},"modified":"2022-03-10T13:54:48","modified_gmt":"2022-03-10T12:54:48","slug":"ham-specialities","status":"publish","type":"page","link":"https:\/\/www.greisinger.com\/en\/products\/further-processing\/ham-specialities\/","title":{"rendered":"Ham Specialities"},"content":{"rendered":"\n\n\n\n\n\n\n\n\n\n\n\n\n\n\n\n\n\n\n\n\n\n\n\n\n\n\n\n\n\n\n\n\n                                            <div class=\"ce ce-teaserbox\n         ce--mb-standard                          text-left\"\n     id=\"block_6218d030c9323\">\n        <div class=\"container-fluid\">\n        <div class=\"row\">\n                                                <\/div>\n                                                    <div class=\"row\">\n            <div class=\"col-12\">\n                <nav class=\"pagination d-flex align-items-center justify-content-center\">\n                                                                                                                                <\/nav>\n            <\/div>\n        <\/div>\n                        \n\n    <\/div>\n<\/div>\n            \n    \n","protected":false},"excerpt":{"rendered":"","protected":false},"author":31,"featured_media":4273,"parent":4362,"menu_order":0,"comment_status":"closed","ping_status":"closed","template":"","meta":{"_acf_changed":false,"footnotes":""},"class_list":["post-7459","page","type-page","status-publish","has-post-thumbnail","hentry"],"acf":[],"yoast_head":"<!-- This site is optimized with the Yoast SEO plugin v27.2 - https:\/\/yoast.com\/product\/yoast-seo-wordpress\/ -->\n<title>Ham Specialities - Greisinger GmbH - Fleisch-, Wurst- und Selchwaren<\/title>\n<meta name=\"robots\" content=\"noindex, follow\" \/>\n<meta property=\"og:locale\" content=\"en_GB\" \/>\n<meta property=\"og:type\" content=\"article\" \/>\n<meta property=\"og:title\" content=\"Ham Specialities - Greisinger GmbH - Fleisch-, Wurst- und Selchwaren\" \/>\n<meta property=\"og:url\" content=\"https:\/\/www.greisinger.com\/en\/products\/further-processing\/ham-specialities\/\" \/>\n<meta property=\"og:site_name\" content=\"Greisinger GmbH - Fleisch-, Wurst- und Selchwaren\" \/>\n<meta property=\"article:modified_time\" content=\"2022-03-10T12:54:48+00:00\" \/>\n<meta property=\"og:image\" content=\"https:\/\/www.greisinger.com\/wp-content\/uploads\/2022\/03\/startseite_produkte_oesterreich.jpg\" \/>\n\t<meta property=\"og:image:width\" content=\"1300\" \/>\n\t<meta property=\"og:image:height\" content=\"867\" \/>\n\t<meta property=\"og:image:type\" content=\"image\/jpeg\" \/>\n<meta name=\"twitter:card\" content=\"summary_large_image\" \/>\n<script type=\"application\/ld+json\" class=\"yoast-schema-graph\">{\"@context\":\"https:\/\/schema.org\",\"@graph\":[{\"@type\":\"WebPage\",\"@id\":\"https:\/\/www.greisinger.com\/en\/products\/further-processing\/ham-specialities\/\",\"url\":\"https:\/\/www.greisinger.com\/en\/products\/further-processing\/ham-specialities\/\",\"name\":\"Ham Specialities - Greisinger GmbH - Fleisch-, Wurst- und Selchwaren\",\"isPartOf\":{\"@id\":\"https:\/\/www.greisinger.com\/en\/#website\"},\"primaryImageOfPage\":{\"@id\":\"https:\/\/www.greisinger.com\/en\/products\/further-processing\/ham-specialities\/#primaryimage\"},\"image\":{\"@id\":\"https:\/\/www.greisinger.com\/en\/products\/further-processing\/ham-specialities\/#primaryimage\"},\"thumbnailUrl\":\"https:\/\/www.greisinger.com\/wp-content\/uploads\/2022\/03\/startseite_produkte_oesterreich.jpg\",\"datePublished\":\"2022-03-10T12:54:45+00:00\",\"dateModified\":\"2022-03-10T12:54:48+00:00\",\"breadcrumb\":{\"@id\":\"https:\/\/www.greisinger.com\/en\/products\/further-processing\/ham-specialities\/#breadcrumb\"},\"inLanguage\":\"en-GB\",\"potentialAction\":[{\"@type\":\"ReadAction\",\"target\":[\"https:\/\/www.greisinger.com\/en\/products\/further-processing\/ham-specialities\/\"]}]},{\"@type\":\"ImageObject\",\"inLanguage\":\"en-GB\",\"@id\":\"https:\/\/www.greisinger.com\/en\/products\/further-processing\/ham-specialities\/#primaryimage\",\"url\":\"https:\/\/www.greisinger.com\/wp-content\/uploads\/2022\/03\/startseite_produkte_oesterreich.jpg\",\"contentUrl\":\"https:\/\/www.greisinger.com\/wp-content\/uploads\/2022\/03\/startseite_produkte_oesterreich.jpg\",\"width\":1300,\"height\":867},{\"@type\":\"BreadcrumbList\",\"@id\":\"https:\/\/www.greisinger.com\/en\/products\/further-processing\/ham-specialities\/#breadcrumb\",\"itemListElement\":[{\"@type\":\"ListItem\",\"position\":1,\"name\":\"Startseite\",\"item\":\"https:\/\/www.greisinger.com\/en\/\"},{\"@type\":\"ListItem\",\"position\":2,\"name\":\"Products\",\"item\":\"https:\/\/www.greisinger.com\/en\/products\/\"},{\"@type\":\"ListItem\",\"position\":3,\"name\":\"Further processing\",\"item\":\"https:\/\/www.greisinger.com\/en\/products\/further-processing\/\"},{\"@type\":\"ListItem\",\"position\":4,\"name\":\"Ham Specialities\"}]},{\"@type\":\"WebSite\",\"@id\":\"https:\/\/www.greisinger.com\/en\/#website\",\"url\":\"https:\/\/www.greisinger.com\/en\/\",\"name\":\"Greisinger GmbH - Fleisch-, Wurst- und Selchwaren\",\"description\":\"Greisinger, ein rein privat gef\u00fchrtes Top-Fleischverarbeitungsunternehmen aus \u00d6sterreich stellt Fleisch- und Wurst-, Salami- und Snack-Produkte h\u00f6chster Qualit\u00e4t her \u2013 f\u00fcr Kunden aus \u00fcber 40 L\u00e4ndern weltweit.\",\"publisher\":{\"@id\":\"https:\/\/www.greisinger.com\/en\/#organization\"},\"potentialAction\":[{\"@type\":\"SearchAction\",\"target\":{\"@type\":\"EntryPoint\",\"urlTemplate\":\"https:\/\/www.greisinger.com\/en\/?s={search_term_string}\"},\"query-input\":{\"@type\":\"PropertyValueSpecification\",\"valueRequired\":true,\"valueName\":\"search_term_string\"}}],\"inLanguage\":\"en-GB\"},{\"@type\":\"Organization\",\"@id\":\"https:\/\/www.greisinger.com\/en\/#organization\",\"name\":\"Greisinger GmbH - Fleisch-, Wurst- und Selchwaren\",\"url\":\"https:\/\/www.greisinger.com\/en\/\",\"logo\":{\"@type\":\"ImageObject\",\"inLanguage\":\"en-GB\",\"@id\":\"https:\/\/www.greisinger.com\/en\/#\/schema\/logo\/image\/\",\"url\":\"https:\/\/www.greisinger.com\/wp-content\/uploads\/2022\/01\/logo_greisinger.png\",\"contentUrl\":\"https:\/\/www.greisinger.com\/wp-content\/uploads\/2022\/01\/logo_greisinger.png\",\"width\":200,\"height\":200,\"caption\":\"Greisinger GmbH - Fleisch-, Wurst- und Selchwaren\"},\"image\":{\"@id\":\"https:\/\/www.greisinger.com\/en\/#\/schema\/logo\/image\/\"}}]}<\/script>\n<!-- \/ Yoast SEO plugin. -->","yoast_head_json":{"title":"Ham Specialities - Greisinger GmbH - Fleisch-, Wurst- und Selchwaren","robots":{"index":"noindex","follow":"follow"},"og_locale":"en_GB","og_type":"article","og_title":"Ham Specialities - Greisinger GmbH - Fleisch-, Wurst- und Selchwaren","og_url":"https:\/\/www.greisinger.com\/en\/products\/further-processing\/ham-specialities\/","og_site_name":"Greisinger GmbH - Fleisch-, Wurst- und Selchwaren","article_modified_time":"2022-03-10T12:54:48+00:00","og_image":[{"width":1300,"height":867,"url":"https:\/\/www.greisinger.com\/wp-content\/uploads\/2022\/03\/startseite_produkte_oesterreich.jpg","type":"image\/jpeg"}],"twitter_card":"summary_large_image","schema":{"@context":"https:\/\/schema.org","@graph":[{"@type":"WebPage","@id":"https:\/\/www.greisinger.com\/en\/products\/further-processing\/ham-specialities\/","url":"https:\/\/www.greisinger.com\/en\/products\/further-processing\/ham-specialities\/","name":"Ham Specialities - Greisinger GmbH - Fleisch-, Wurst- und Selchwaren","isPartOf":{"@id":"https:\/\/www.greisinger.com\/en\/#website"},"primaryImageOfPage":{"@id":"https:\/\/www.greisinger.com\/en\/products\/further-processing\/ham-specialities\/#primaryimage"},"image":{"@id":"https:\/\/www.greisinger.com\/en\/products\/further-processing\/ham-specialities\/#primaryimage"},"thumbnailUrl":"https:\/\/www.greisinger.com\/wp-content\/uploads\/2022\/03\/startseite_produkte_oesterreich.jpg","datePublished":"2022-03-10T12:54:45+00:00","dateModified":"2022-03-10T12:54:48+00:00","breadcrumb":{"@id":"https:\/\/www.greisinger.com\/en\/products\/further-processing\/ham-specialities\/#breadcrumb"},"inLanguage":"en-GB","potentialAction":[{"@type":"ReadAction","target":["https:\/\/www.greisinger.com\/en\/products\/further-processing\/ham-specialities\/"]}]},{"@type":"ImageObject","inLanguage":"en-GB","@id":"https:\/\/www.greisinger.com\/en\/products\/further-processing\/ham-specialities\/#primaryimage","url":"https:\/\/www.greisinger.com\/wp-content\/uploads\/2022\/03\/startseite_produkte_oesterreich.jpg","contentUrl":"https:\/\/www.greisinger.com\/wp-content\/uploads\/2022\/03\/startseite_produkte_oesterreich.jpg","width":1300,"height":867},{"@type":"BreadcrumbList","@id":"https:\/\/www.greisinger.com\/en\/products\/further-processing\/ham-specialities\/#breadcrumb","itemListElement":[{"@type":"ListItem","position":1,"name":"Startseite","item":"https:\/\/www.greisinger.com\/en\/"},{"@type":"ListItem","position":2,"name":"Products","item":"https:\/\/www.greisinger.com\/en\/products\/"},{"@type":"ListItem","position":3,"name":"Further processing","item":"https:\/\/www.greisinger.com\/en\/products\/further-processing\/"},{"@type":"ListItem","position":4,"name":"Ham Specialities"}]},{"@type":"WebSite","@id":"https:\/\/www.greisinger.com\/en\/#website","url":"https:\/\/www.greisinger.com\/en\/","name":"Greisinger GmbH - Fleisch-, Wurst- und Selchwaren","description":"Greisinger, ein rein privat gef\u00fchrtes Top-Fleischverarbeitungsunternehmen aus \u00d6sterreich stellt Fleisch- und Wurst-, Salami- und Snack-Produkte h\u00f6chster Qualit\u00e4t her \u2013 f\u00fcr Kunden aus \u00fcber 40 L\u00e4ndern weltweit.","publisher":{"@id":"https:\/\/www.greisinger.com\/en\/#organization"},"potentialAction":[{"@type":"SearchAction","target":{"@type":"EntryPoint","urlTemplate":"https:\/\/www.greisinger.com\/en\/?s={search_term_string}"},"query-input":{"@type":"PropertyValueSpecification","valueRequired":true,"valueName":"search_term_string"}}],"inLanguage":"en-GB"},{"@type":"Organization","@id":"https:\/\/www.greisinger.com\/en\/#organization","name":"Greisinger GmbH - Fleisch-, Wurst- und Selchwaren","url":"https:\/\/www.greisinger.com\/en\/","logo":{"@type":"ImageObject","inLanguage":"en-GB","@id":"https:\/\/www.greisinger.com\/en\/#\/schema\/logo\/image\/","url":"https:\/\/www.greisinger.com\/wp-content\/uploads\/2022\/01\/logo_greisinger.png","contentUrl":"https:\/\/www.greisinger.com\/wp-content\/uploads\/2022\/01\/logo_greisinger.png","width":200,"height":200,"caption":"Greisinger GmbH - Fleisch-, Wurst- und Selchwaren"},"image":{"@id":"https:\/\/www.greisinger.com\/en\/#\/schema\/logo\/image\/"}}]}},"_links":{"self":[{"href":"https:\/\/www.greisinger.com\/en\/wp-json\/wp\/v2\/pages\/7459","targetHints":{"allow":["GET"]}}],"collection":[{"href":"https:\/\/www.greisinger.com\/en\/wp-json\/wp\/v2\/pages"}],"about":[{"href":"https:\/\/www.greisinger.com\/en\/wp-json\/wp\/v2\/types\/page"}],"author":[{"embeddable":true,"href":"https:\/\/www.greisinger.com\/en\/wp-json\/wp\/v2\/users\/31"}],"replies":[{"embeddable":true,"href":"https:\/\/www.greisinger.com\/en\/wp-json\/wp\/v2\/comments?post=7459"}],"version-history":[{"count":2,"href":"https:\/\/www.greisinger.com\/en\/wp-json\/wp\/v2\/pages\/7459\/revisions"}],"predecessor-version":[{"id":7461,"href":"https:\/\/www.greisinger.com\/en\/wp-json\/wp\/v2\/pages\/7459\/revisions\/7461"}],"up":[{"embeddable":true,"href":"https:\/\/www.greisinger.com\/en\/wp-json\/wp\/v2\/pages\/4362"}],"wp:featuredmedia":[{"embeddable":true,"href":"https:\/\/www.greisinger.com\/en\/wp-json\/wp\/v2\/media\/4273"}],"wp:attachment":[{"href":"https:\/\/www.greisinger.com\/en\/wp-json\/wp\/v2\/media?parent=7459"}],"curies":[{"name":"wp","href":"https:\/\/api.w.org\/{rel}","templated":true}]}}