{"id":20407,"date":"2023-07-11T11:44:23","date_gmt":"2023-07-11T09:44:23","guid":{"rendered":"https:\/\/www.greisinger.com\/?page_id=20407"},"modified":"2023-08-14T13:01:08","modified_gmt":"2023-08-14T11:01:08","slug":"unsere-werte","status":"publish","type":"page","link":"https:\/\/www.greisinger.com\/hu\/karrier\/unsere-werte\/","title":{"rendered":"Az \u00c9rt\u00e9neink"},"content":{"rendered":"\n\n\n\n\n\n\n\n\n\n\n\n\n\n\n\n\n\n\n\n\n\n\n\n\n\n\n\n\n\n\n\n\n            \n        \n                    <div class=\"ce ce-cols ce-cols--2\n         ce--mb-standard                                 \"\n                 id=\"block_eed400c142c58f90c3b16b75f4d0abf1\">\n                                <div class=\"container-fluid\">\n                    \n\n\n                    <div class=\"row\">\n                        <div class=\"col-12 col-lg-6 \">\n                            <!--HIER DIE SCHLEIFE MIT DEM CONTENT SPALTE 1-->\n                                                                                                                            \n\n\n\n\n\n\n\n\n\n\n\n\n\n\n\n\n\n\n\n\n\n\n\n\n\n\n\n\n\n\n                                            \n        \n        \n        \n    \n\n                    \n    \n                    \n            <div class=\"ce ce-text\n                                        \"\n             id=\"block_eed400c142c58f90c3b16b75f4d0abf1\">\n                                        <div class=\"row\">\n                    <div class=\"cc-text__text col-12 col-md-12 col-xl-12  text-left\">\n                        <div class=\"ce-textblock\" data-animation=\"true\" data-animation-duration=\"300\">\n    <div class=\"ce-textblock__text\">\n                            <h2 class=\"\"> Az \u00e9rt\u00e9keink <\/h2>\n                \n    <\/div>\n<\/div>\n                    <\/div>\n                <\/div>\n                        <\/div>\n    \n                                                                    \n                        <\/div>\n                        <div class=\"col-12 col-lg-6 \">\n                            <!--HIER DIE SCHLEIFE MIT DEM CONTENT SPALTE 2-->\n                                                                                                                            \n\n\n\n\n\n\n\n\n\n\n\n\n\n\n\n\n\n\n\n\n\n\n\n\n\n\n\n\n\n\n                                            \n        \n        \n        \n    \n\n                    \n    \n                    \n            <div class=\"ce ce-text\n                                        \"\n             id=\"block_eed400c142c58f90c3b16b75f4d0abf1\">\n                                        <div class=\"row\">\n                    <div class=\"cc-text__text col-12 col-md-12 col-xl-12  text-left\">\n                        <div class=\"ce-textblock\" data-animation=\"true\" data-animation-duration=\"300\">\n    <div class=\"ce-textblock__text\">\n                        <p>h\u00e1rom oszlopra t\u00e1maszkodnak, amik a v\u00e1llalat fejl\u0151d\u00e9se szempontj\u00e1b\u00f3l l\u00e9nyegesnek mutatkoztak, \u00e9s biztos\u00edtj\u00e1k a v\u00e1llalat sikeres j\u00f6v\u0151j\u00e9t. A r\u00e9gi\u00f3b\u00f3l n\u0151tt\u00fcnk ki, a hagyom\u00e1nyokra \u00e9s min\u0151s\u00e9gre \u00fcgyel\u0151 v\u00e1llalat f\u00f6ldh\u00f6zragadts\u00e1g\u00e1val, amely nemzetk\u00f6zi eredm\u00e9nyeit innovat\u00edv teljes\u00edtm\u00e9ny\u00e9vel bizony\u00edtotta a v\u00e1llalat minden ter\u00fclet\u00e9n.<\/p>\n\n    <\/div>\n<\/div>\n                    <\/div>\n                <\/div>\n                        <\/div>\n    \n                                                                                            <\/div>\n                    <\/div>\n                <\/div>\n            <\/div>\n                        \n\n\n\n\n\n\n\n\n\n\n\n\n\n\n\n\n\n\n\n\n\n\n\n\n\n\n\n\n\n\n\n\n\n    \n    \n    \n        \n    \n                                \n                            \n                                    \n        \n    \n                                                             \n            <div class=\"ce ce-textimagebgcolor\n         ce--mb-standard                                                     ce--no-bg\n        \"\n             id=\"block_0f90c1f44c1b0f89b330c807ff747b91\">\n                                    <div class=\"container-fluid\">\n                                <div class=\"row\">\n                    <div class=\"ce-textimagebgcolor__text col-12 col-md-12 col-lg-6 col-xl-5 text-left order-1 offset-xl-1 d-flex flex-column justify-content-center\">\n                        <div class=\"ce-textblock\" data-animation=\"true\" data-animation-duration=\"300\">\n    <div class=\"ce-textblock__text\">\n                            <h3 class=\"\"> Innov\u00e1ci\u00f3 <\/h3>\n                <p>Az \u00e1gazat egyik legmodernebb \u00fczemek\u00e9nt innovat\u00edv megold\u00e1sokra hagyatkozunk, \u00e9s lehet\u0151v\u00e9 tessz\u00fck munkat\u00e1rsainknak, hogy alak\u00edts\u00e1k munkahely\u00fcket. Technikusaink p\u00e9ld\u00e1ul magas min\u0151s\u00e9g\u0171 megold\u00e1sokat fejlesztenek ki, \u00e9s mindig a legmodernebb eszk\u00f6z\u00f6kkel dolgoznak. \u00c1lland\u00f3 min\u0151s\u00e9g, rugalmas szerviz: a leg\u00fajabb g\u00e9pparkkal, \u00fcgyf\u00e9lspecifikus kiv\u00e1l\u00f3 term\u00e9kekkel \u00e9s nagyon motiv\u00e1lt koll\u00e9g\u00e1kkal \u2013 mindig a legmagasabb ig\u00e9nyek el\u00e9r\u00e9s\u00e9rt dolgozunk. Az innov\u00e1ci\u00f3 \u00e9s az egy\u00e9nis\u00e9g jel\u00f6lt\u00e9k ki a Greisinger siker\u00e9nek \u00fatj\u00e1t.<\/p>\n\n    <\/div>\n<\/div>\n                    <\/div>\n                    <div class=\"ce-textimagebgcolor__image col-12 col-md-12 col-lg-5 order-0 order-md-0 d-flex justify-content-center justify-content-lg-start align-items-center\">\n                        <div class=\"ce-textimagebgcolor__bgleft\"><\/div>\n                        <figure class=\"mb-md-0\">\n                                                                                            <picture>\n                                                                            \n                                        \n                                                                                                                                                                \n                                        <source media=\"(min-width: 1200px)\" srcset=\"https:\/\/www.greisinger.com\/wp-content\/uploads\/2023\/05\/DSC0750-e1688119427818-800x800-c-default.jpg\">\n                                        <source media=\"(min-width: 992px)\" srcset=\"https:\/\/www.greisinger.com\/wp-content\/uploads\/2023\/05\/DSC0750-e1688119427818-992x992-c-default.jpg\">\n                                        <source media=\"(min-width: 768px)\" srcset=\"https:\/\/www.greisinger.com\/wp-content\/uploads\/2023\/05\/DSC0750-e1688119427818-992x992-c-default.jpg\">\n                                        <source media=\"(min-width: 576px)\" srcset=\"https:\/\/www.greisinger.com\/wp-content\/uploads\/2023\/05\/DSC0750-e1688119427818-576x576-c-default.jpg\">\n                                        <source media=\"(min-width: 320px)\" srcset=\"https:\/\/www.greisinger.com\/wp-content\/uploads\/2023\/05\/DSC0750-e1688119427818-576x576-c-default.jpg\">\n                                        <source srcset=\"https:\/\/www.greisinger.com\/wp-content\/uploads\/2023\/05\/DSC0750-e1688119427818-576x576-c-default.jpg\">\n                                        <img loading=\"lazy\" decoding=\"async\" src=\"https:\/\/www.greisinger.com\/wp-content\/uploads\/2023\/05\/DSC0750-e1688119427818.jpg\" alt=\"\"\n                                             title=\"DSC0750\"\n                                             width=\"5568\" height=\"3712\"\n                                             class=\"img-fluid w-100 h-100\">\n                                                                    <\/picture>\n                            \n                                                    <\/figure>\n                    <\/div>\n                <\/div>\n                            <\/div>\n                    <\/div>\n    \n        \n\n\n\n\n\n\n\n\n\n\n\n\n\n\n\n\n\n\n\n\n\n\n\n\n\n\n\n\n\n\n\n\n\n    \n    \n    \n        \n    \n                                \n                            \n                                    \n        \n    \n                                         \n            <div class=\"ce ce-textimagebgcolor\n         ce--mb-standard                                                     ce--no-bg\n        \"\n             id=\"block_4aac98284d8116f9b33e40d1c1a67d4a\">\n                                    <div class=\"container-fluid\">\n                                <div class=\"row\">\n                    <div class=\"ce-textimagebgcolor__text col-12 col-md-12 col-lg-6 col-xl-5 text-left offset-xl-1 order-1 order-md-0 d-flex flex-column justify-content-center\">\n                        <div class=\"ce-textblock\" data-animation=\"true\" data-animation-duration=\"300\">\n    <div class=\"ce-textblock__text\">\n                            <h3 class=\"\"> Hagyom\u00e1ny <\/h3>\n                <p>\u00c9rt\u00e9kes munkat\u00e1rsainknak k\u00f6sz\u00f6nhet\u0151en region\u00e1lis szolg\u00e1ltat\u00f3b\u00f3l vil\u00e1gszerte tev\u00e9keny v\u00e1llalatt\u00e1 n\u0151tt\u00fck ki magunkat. Tiszt\u00e1n csal\u00e1di \u00fczemk\u00e9nt, amely mindig a legjobb min\u0151s\u00e9gre t\u00f6rekszik, a Greisingern\u00e9l sikeresen t\u00e1maszkodunk 40 \u00e9v tapasztalat\u00e1ra \u00e9s tud\u00e1s\u00e1ra. A nemzetk\u00f6zis\u00e9g\u00fcnk jegy\u00e9ben egy\u00fctt folytatjuk m\u00e9gis a regionalit\u00e1s \u00e9s f\u00f6ldh\u00f6zragadts\u00e1g \u00fatj\u00e1t is, a mott\u00f3nknak megfelel\u0151en: \u201eHagyom\u00e1nyb\u00f3l. A legjobb.\u201d<\/p>\n\n    <\/div>\n<\/div>\n                    <\/div>\n                    <div class=\"ce-textimagebgcolor__image col-12 col-md-12 col-lg-5 offset-lg-1 order-0 order-md-1 col-xl-5 d-flex justify-content-center justify-content-lg-start align-items-center\">\n                        <div class=\"ce-textimagebgcolor__bgright\"><\/div>\n                        <figure class=\"mb-md-0\">\n                                                                                            <picture>\n                                                                            \n                                        \n                                                                                                                                                                \n                                        <source media=\"(min-width: 1200px)\" srcset=\"https:\/\/www.greisinger.com\/wp-content\/uploads\/2023\/05\/DSC0832-800x800-c-default.jpg\">\n                                        <source media=\"(min-width: 992px)\" srcset=\"https:\/\/www.greisinger.com\/wp-content\/uploads\/2023\/05\/DSC0832-992x992-c-default.jpg\">\n                                        <source media=\"(min-width: 768px)\" srcset=\"https:\/\/www.greisinger.com\/wp-content\/uploads\/2023\/05\/DSC0832-992x992-c-default.jpg\">\n                                        <source media=\"(min-width: 576px)\" srcset=\"https:\/\/www.greisinger.com\/wp-content\/uploads\/2023\/05\/DSC0832-576x576-c-default.jpg\">\n                                        <source media=\"(min-width: 320px)\" srcset=\"https:\/\/www.greisinger.com\/wp-content\/uploads\/2023\/05\/DSC0832-576x576-c-default.jpg\">\n                                        <source srcset=\"https:\/\/www.greisinger.com\/wp-content\/uploads\/2023\/05\/DSC0832-576x576-c-default.jpg\">\n                                        <img loading=\"lazy\" decoding=\"async\" src=\"https:\/\/www.greisinger.com\/wp-content\/uploads\/2023\/05\/DSC0832.jpg\" alt=\"\"\n                                             title=\"DSC0832\"\n                                             width=\"5568\" height=\"3712\"\n                                             class=\"img-fluid w-100 h-100\">\n                                                                    <\/picture>\n                            \n                                                    <\/figure>\n                    <\/div>\n                <\/div>\n                            <\/div>\n                    <\/div>\n    \n        \n\n\n\n\n\n\n\n\n\n\n\n\n\n\n\n\n\n\n\n\n\n\n\n\n\n\n\n\n\n\n\n\n\n    \n    \n    \n        \n    \n                                \n                            \n                                    \n        \n    \n                                                             \n            <div class=\"ce ce-textimagebgcolor\n         ce--mb-standard                                                     ce--no-bg\n        \"\n             id=\"block_a9a9a390351298a7b109b065f3fb94b8\">\n                                    <div class=\"container-fluid\">\n                                <div class=\"row\">\n                    <div class=\"ce-textimagebgcolor__text col-12 col-md-12 col-lg-6 col-xl-5 text-left order-1 offset-xl-1 d-flex flex-column justify-content-center\">\n                        <div class=\"ce-textblock\" data-animation=\"true\" data-animation-duration=\"300\">\n    <div class=\"ce-textblock__text\">\n                            <h3 class=\"\"> Az emberek a Greisingern\u00e9l <\/h3>\n                <p>A tapasztalat, csapatmunka \u00e9s a kereteken k\u00edv\u00fcli gondolkod\u00e1s v\u00e1ltak a szem\u00e9lyes kincseinkk\u00e9 \u2013 \u00e9s ezt p\u00e1ros\u00edtjuk sok sz\u00edv\u00e9lyess\u00e9ggel \u00e9s a M\u00fchlviertel jellegzetes humor\u00e1val. H\u00e9tr\u0151l h\u00e9tre a munkat\u00e1rsaink azok, aki \u00fcnnepnapokon is, de f\u0151leg a h\u00e9tk\u00f6znapokban az osztr\u00e1k min\u0151s\u00e9gi h\u00fas- \u00e9s kolb\u00e1szterm\u00e9keinket vil\u00e1gszerte a konyh\u00e1k asztalaira var\u00e1zsolj\u00e1k.<\/p>\n\n    <\/div>\n<\/div>\n                    <\/div>\n                    <div class=\"ce-textimagebgcolor__image col-12 col-md-12 col-lg-5 order-0 order-md-0 d-flex justify-content-center justify-content-lg-start align-items-center\">\n                        <div class=\"ce-textimagebgcolor__bgleft\"><\/div>\n                        <figure class=\"mb-md-0\">\n                                                                                            <picture>\n                                                                            \n                                        \n                                                                                                                                                                \n                                        <source media=\"(min-width: 1200px)\" srcset=\"https:\/\/www.greisinger.com\/wp-content\/uploads\/2023\/05\/DSC1828-e1688119507380-800x800-c-default.jpg\">\n                                        <source media=\"(min-width: 992px)\" srcset=\"https:\/\/www.greisinger.com\/wp-content\/uploads\/2023\/05\/DSC1828-e1688119507380-992x992-c-default.jpg\">\n                                        <source media=\"(min-width: 768px)\" srcset=\"https:\/\/www.greisinger.com\/wp-content\/uploads\/2023\/05\/DSC1828-e1688119507380-992x992-c-default.jpg\">\n                                        <source media=\"(min-width: 576px)\" srcset=\"https:\/\/www.greisinger.com\/wp-content\/uploads\/2023\/05\/DSC1828-e1688119507380-576x576-c-default.jpg\">\n                                        <source media=\"(min-width: 320px)\" srcset=\"https:\/\/www.greisinger.com\/wp-content\/uploads\/2023\/05\/DSC1828-e1688119507380-576x576-c-default.jpg\">\n                                        <source srcset=\"https:\/\/www.greisinger.com\/wp-content\/uploads\/2023\/05\/DSC1828-e1688119507380-576x576-c-default.jpg\">\n                                        <img loading=\"lazy\" decoding=\"async\" src=\"https:\/\/www.greisinger.com\/wp-content\/uploads\/2023\/05\/DSC1828-e1688119507380.jpg\" alt=\"B\u00fcro mit Mitarbeiter\"\n                                             title=\"DSC1828\"\n                                             width=\"5568\" height=\"3712\"\n                                             class=\"img-fluid w-100 h-100\">\n                                                                    <\/picture>\n                            \n                                                    <\/figure>\n                    <\/div>\n                <\/div>\n                            <\/div>\n                    <\/div>\n    \n        ","protected":false},"excerpt":{"rendered":"","protected":false},"author":26,"featured_media":0,"parent":20319,"menu_order":1,"comment_status":"closed","ping_status":"closed","template":"","meta":{"_acf_changed":false,"footnotes":""},"class_list":["post-20407","page","type-page","status-publish","hentry"],"acf":[],"yoast_head":"<!-- This site is optimized with the Yoast SEO plugin v27.2 - https:\/\/yoast.com\/product\/yoast-seo-wordpress\/ -->\n<title>Az \u00c9rt\u00e9neink - Greisinger GmbH - Fleisch-, Wurst- und Selchwaren<\/title>\n<meta name=\"robots\" content=\"index, follow, max-snippet:-1, max-image-preview:large, max-video-preview:-1\" \/>\n<link rel=\"canonical\" href=\"https:\/\/www.greisinger.com\/hu\/karrier\/unsere-werte\/\" \/>\n<meta property=\"og:locale\" content=\"hu_HU\" \/>\n<meta property=\"og:type\" content=\"article\" \/>\n<meta property=\"og:title\" content=\"Az \u00c9rt\u00e9neink - Greisinger GmbH - Fleisch-, Wurst- und Selchwaren\" \/>\n<meta property=\"og:url\" content=\"https:\/\/www.greisinger.com\/hu\/karrier\/unsere-werte\/\" \/>\n<meta property=\"og:site_name\" content=\"Greisinger GmbH - Fleisch-, Wurst- und Selchwaren\" \/>\n<meta property=\"article:modified_time\" content=\"2023-08-14T11:01:08+00:00\" \/>\n<meta name=\"twitter:card\" content=\"summary_large_image\" \/>\n<script type=\"application\/ld+json\" class=\"yoast-schema-graph\">{\"@context\":\"https:\/\/schema.org\",\"@graph\":[{\"@type\":\"WebPage\",\"@id\":\"https:\/\/www.greisinger.com\/hu\/karrier\/unsere-werte\/\",\"url\":\"https:\/\/www.greisinger.com\/hu\/karrier\/unsere-werte\/\",\"name\":\"Az \u00c9rt\u00e9neink - Greisinger GmbH - Fleisch-, Wurst- und Selchwaren\",\"isPartOf\":{\"@id\":\"https:\/\/www.greisinger.com\/hu\/#website\"},\"datePublished\":\"2023-07-11T09:44:23+00:00\",\"dateModified\":\"2023-08-14T11:01:08+00:00\",\"breadcrumb\":{\"@id\":\"https:\/\/www.greisinger.com\/hu\/karrier\/unsere-werte\/#breadcrumb\"},\"inLanguage\":\"hu\",\"potentialAction\":[{\"@type\":\"ReadAction\",\"target\":[\"https:\/\/www.greisinger.com\/hu\/karrier\/unsere-werte\/\"]}]},{\"@type\":\"BreadcrumbList\",\"@id\":\"https:\/\/www.greisinger.com\/hu\/karrier\/unsere-werte\/#breadcrumb\",\"itemListElement\":[{\"@type\":\"ListItem\",\"position\":1,\"name\":\"Startseite\",\"item\":\"https:\/\/www.greisinger.com\/hu\/\"},{\"@type\":\"ListItem\",\"position\":2,\"name\":\"A Greisingerr\u0151l\",\"item\":\"https:\/\/www.greisinger.com\/hu\/karrier\/\"},{\"@type\":\"ListItem\",\"position\":3,\"name\":\"Az \u00c9rt\u00e9neink\"}]},{\"@type\":\"WebSite\",\"@id\":\"https:\/\/www.greisinger.com\/hu\/#website\",\"url\":\"https:\/\/www.greisinger.com\/hu\/\",\"name\":\"Greisinger GmbH - Fleisch-, Wurst- und Selchwaren\",\"description\":\"Greisinger, ein rein privat gef\u00fchrtes Top-Fleischverarbeitungsunternehmen aus \u00d6sterreich stellt Fleisch- und Wurst-, Salami- und Snack-Produkte h\u00f6chster Qualit\u00e4t her \u2013 f\u00fcr Kunden aus \u00fcber 40 L\u00e4ndern weltweit.\",\"publisher\":{\"@id\":\"https:\/\/www.greisinger.com\/hu\/#organization\"},\"potentialAction\":[{\"@type\":\"SearchAction\",\"target\":{\"@type\":\"EntryPoint\",\"urlTemplate\":\"https:\/\/www.greisinger.com\/hu\/?s={search_term_string}\"},\"query-input\":{\"@type\":\"PropertyValueSpecification\",\"valueRequired\":true,\"valueName\":\"search_term_string\"}}],\"inLanguage\":\"hu\"},{\"@type\":\"Organization\",\"@id\":\"https:\/\/www.greisinger.com\/hu\/#organization\",\"name\":\"Greisinger GmbH - Fleisch-, Wurst- und Selchwaren\",\"url\":\"https:\/\/www.greisinger.com\/hu\/\",\"logo\":{\"@type\":\"ImageObject\",\"inLanguage\":\"hu\",\"@id\":\"https:\/\/www.greisinger.com\/hu\/#\/schema\/logo\/image\/\",\"url\":\"https:\/\/www.greisinger.com\/wp-content\/uploads\/2022\/01\/logo_greisinger.png\",\"contentUrl\":\"https:\/\/www.greisinger.com\/wp-content\/uploads\/2022\/01\/logo_greisinger.png\",\"width\":200,\"height\":200,\"caption\":\"Greisinger GmbH - Fleisch-, Wurst- und Selchwaren\"},\"image\":{\"@id\":\"https:\/\/www.greisinger.com\/hu\/#\/schema\/logo\/image\/\"}}]}<\/script>\n<!-- \/ Yoast SEO plugin. -->","yoast_head_json":{"title":"Az \u00c9rt\u00e9neink - Greisinger GmbH - Fleisch-, Wurst- und Selchwaren","robots":{"index":"index","follow":"follow","max-snippet":"max-snippet:-1","max-image-preview":"max-image-preview:large","max-video-preview":"max-video-preview:-1"},"canonical":"https:\/\/www.greisinger.com\/hu\/karrier\/unsere-werte\/","og_locale":"hu_HU","og_type":"article","og_title":"Az \u00c9rt\u00e9neink - Greisinger GmbH - Fleisch-, Wurst- und Selchwaren","og_url":"https:\/\/www.greisinger.com\/hu\/karrier\/unsere-werte\/","og_site_name":"Greisinger GmbH - Fleisch-, Wurst- und Selchwaren","article_modified_time":"2023-08-14T11:01:08+00:00","twitter_card":"summary_large_image","schema":{"@context":"https:\/\/schema.org","@graph":[{"@type":"WebPage","@id":"https:\/\/www.greisinger.com\/hu\/karrier\/unsere-werte\/","url":"https:\/\/www.greisinger.com\/hu\/karrier\/unsere-werte\/","name":"Az \u00c9rt\u00e9neink - Greisinger GmbH - Fleisch-, Wurst- und Selchwaren","isPartOf":{"@id":"https:\/\/www.greisinger.com\/hu\/#website"},"datePublished":"2023-07-11T09:44:23+00:00","dateModified":"2023-08-14T11:01:08+00:00","breadcrumb":{"@id":"https:\/\/www.greisinger.com\/hu\/karrier\/unsere-werte\/#breadcrumb"},"inLanguage":"hu","potentialAction":[{"@type":"ReadAction","target":["https:\/\/www.greisinger.com\/hu\/karrier\/unsere-werte\/"]}]},{"@type":"BreadcrumbList","@id":"https:\/\/www.greisinger.com\/hu\/karrier\/unsere-werte\/#breadcrumb","itemListElement":[{"@type":"ListItem","position":1,"name":"Startseite","item":"https:\/\/www.greisinger.com\/hu\/"},{"@type":"ListItem","position":2,"name":"A Greisingerr\u0151l","item":"https:\/\/www.greisinger.com\/hu\/karrier\/"},{"@type":"ListItem","position":3,"name":"Az \u00c9rt\u00e9neink"}]},{"@type":"WebSite","@id":"https:\/\/www.greisinger.com\/hu\/#website","url":"https:\/\/www.greisinger.com\/hu\/","name":"Greisinger GmbH - Fleisch-, Wurst- und Selchwaren","description":"Greisinger, ein rein privat gef\u00fchrtes Top-Fleischverarbeitungsunternehmen aus \u00d6sterreich stellt Fleisch- und Wurst-, Salami- und Snack-Produkte h\u00f6chster Qualit\u00e4t her \u2013 f\u00fcr Kunden aus \u00fcber 40 L\u00e4ndern weltweit.","publisher":{"@id":"https:\/\/www.greisinger.com\/hu\/#organization"},"potentialAction":[{"@type":"SearchAction","target":{"@type":"EntryPoint","urlTemplate":"https:\/\/www.greisinger.com\/hu\/?s={search_term_string}"},"query-input":{"@type":"PropertyValueSpecification","valueRequired":true,"valueName":"search_term_string"}}],"inLanguage":"hu"},{"@type":"Organization","@id":"https:\/\/www.greisinger.com\/hu\/#organization","name":"Greisinger GmbH - Fleisch-, Wurst- und Selchwaren","url":"https:\/\/www.greisinger.com\/hu\/","logo":{"@type":"ImageObject","inLanguage":"hu","@id":"https:\/\/www.greisinger.com\/hu\/#\/schema\/logo\/image\/","url":"https:\/\/www.greisinger.com\/wp-content\/uploads\/2022\/01\/logo_greisinger.png","contentUrl":"https:\/\/www.greisinger.com\/wp-content\/uploads\/2022\/01\/logo_greisinger.png","width":200,"height":200,"caption":"Greisinger GmbH - Fleisch-, Wurst- und Selchwaren"},"image":{"@id":"https:\/\/www.greisinger.com\/hu\/#\/schema\/logo\/image\/"}}]}},"_links":{"self":[{"href":"https:\/\/www.greisinger.com\/hu\/wp-json\/wp\/v2\/pages\/20407","targetHints":{"allow":["GET"]}}],"collection":[{"href":"https:\/\/www.greisinger.com\/hu\/wp-json\/wp\/v2\/pages"}],"about":[{"href":"https:\/\/www.greisinger.com\/hu\/wp-json\/wp\/v2\/types\/page"}],"author":[{"embeddable":true,"href":"https:\/\/www.greisinger.com\/hu\/wp-json\/wp\/v2\/users\/26"}],"replies":[{"embeddable":true,"href":"https:\/\/www.greisinger.com\/hu\/wp-json\/wp\/v2\/comments?post=20407"}],"version-history":[{"count":17,"href":"https:\/\/www.greisinger.com\/hu\/wp-json\/wp\/v2\/pages\/20407\/revisions"}],"predecessor-version":[{"id":21806,"href":"https:\/\/www.greisinger.com\/hu\/wp-json\/wp\/v2\/pages\/20407\/revisions\/21806"}],"up":[{"embeddable":true,"href":"https:\/\/www.greisinger.com\/hu\/wp-json\/wp\/v2\/pages\/20319"}],"wp:attachment":[{"href":"https:\/\/www.greisinger.com\/hu\/wp-json\/wp\/v2\/media?parent=20407"}],"curies":[{"name":"wp","href":"https:\/\/api.w.org\/{rel}","templated":true}]}}