{"id":20392,"date":"2023-07-11T11:27:27","date_gmt":"2023-07-11T09:27:27","guid":{"rendered":"https:\/\/www.greisinger.com\/?page_id=20392"},"modified":"2023-08-03T13:24:09","modified_gmt":"2023-08-03T11:24:09","slug":"drumul-produsului","status":"publish","type":"page","link":"https:\/\/www.greisinger.com\/ro\/cariera\/drumul-produsului\/","title":{"rendered":"DRUMUL PRODUSULUI"},"content":{"rendered":"\n\n\n\n\n\n\n\n\n\n\n\n\n\n\n\n\n\n\n\n\n\n\n\n\n\n\n\n\n\n\n\n    \n            <div class=\"ce ce-roadmap\n         ce--mb-standard                                             ce--no-bg\n        \"\n             id=\"block_4ecf81bbc175cf0445b4ffc386ed3c3f\">\n            \n            <div class=\"container-fluid\">\n\n                <div class=\"row\">\n                    <div class=\"col-12 text-left\">\n                        <div class=\"ce-textblock\" data-animation=\"true\" data-animation-duration=\"300\">\n    <div class=\"ce-textblock__text\">\n                        \n    <\/div>\n<\/div>\n                    <\/div>\n                <\/div>\n\n                <div class=\"ce-roadmap__grid\">\n                                            <div class=\"ce-roadmap__gridItem ce-roadmap__bgContainer\">\n                            <img decoding=\"async\" class=\"ce-roadmap__bg ce-roadmap__bg--desktop\"\n                                 src=\"https:\/\/www.greisinger.com\/wp-content\/themes\/rup\/images\/content\/image\/bg.png\"\n                                alt=\"Weg des Produktes\">\n                            <img decoding=\"async\" class=\"ce-roadmap__bg ce-roadmap__bg--mobile\"\n                                 src=\"https:\/\/www.greisinger.com\/wp-content\/themes\/rup\/images\/content\/image\/bg_2.png\"\n                                 alt=\"Weg des Produktes\">\n                        <\/div>\n                                                                                                                                                                <div class=\"ce-roadmap__item ce-roadmap__item--1 gs_reveal gs_reveal_fromRight\">\n                            <div class=\"ce-roadmap__content\">\n                                <div class=\"ce-roadmap__number\">\n                                    1\n                                <\/div>\n                                <div class=\"ce-roadmap__info\">\n                                    <div class=\"ce-roadmap__heading\">\n                                        DEZVOLTAREA PRODUSULUI\n                                    <\/div>\n                                    <div class=\"ce-roadmap__text\">\n                                        \u201eCine nu se mai \u00eembun\u0103t\u0103\u021be\u0219te, nu mai este bun\u201d, spune un vechi proverb, motiv pentru care lucr\u0103m constant la noi produse\n                                    <\/div>\n                                    <a href=\"https:\/\/www.greisinger.com\/ro\/step\/test-step-2\/\"\n                                       class=\"ce-roadmap__button btn btn--ghost btn--icon btn--icon--left\">Afla\u021bi mai multe<\/a>\n                                <\/div>\n                            <\/div>\n                                                            <div class=\"ce-roadmap__image\">\n                                    <figure>\n                                        <picture>\n                                            <source media=\"(min-width: 1200px)\" srcset=\"https:\/\/www.greisinger.com\/wp-content\/uploads\/2023\/05\/stock-vector-vineyard-sketch-realistic-landscape-in-an-engraving-style-vector-ink-illustration-2078461660-1.svg\">\n                                            <source media=\"(min-width: 768px)\" srcset=\"https:\/\/www.greisinger.com\/wp-content\/uploads\/2023\/05\/stock-vector-vineyard-sketch-realistic-landscape-in-an-engraving-style-vector-ink-illustration-2078461660-1.svg\">\n                                            <source media=\"(min-width: 425px)\" srcset=\"https:\/\/www.greisinger.com\/wp-content\/uploads\/2023\/05\/stock-vector-vineyard-sketch-realistic-landscape-in-an-engraving-style-vector-ink-illustration-2078461660-1.svg\">\n                                            <source media=\"(min-width: 375px)\" srcset=\"https:\/\/www.greisinger.com\/wp-content\/uploads\/2023\/05\/stock-vector-vineyard-sketch-realistic-landscape-in-an-engraving-style-vector-ink-illustration-2078461660-1.svg\">\n                                            <img loading=\"lazy\" decoding=\"async\" src=\"https:\/\/www.greisinger.com\/wp-content\/uploads\/2023\/05\/stock-vector-vineyard-sketch-realistic-landscape-in-an-engraving-style-vector-ink-illustration-2078461660-1.svg\" alt=\"Der Weg des Produktes - Berge\"\n                                                 title=\"Stock Vector Vineyard Sketch Realistic Landscape In An Engraving Style Vector Ink Illustration 2078461660 1\" width=\"544\"\n                                                 height=\"370\">\n                                        <\/picture>\n                                    <\/figure>\n                                <\/div>\n                                                    <\/div>\n                                                                                                                                            <div class=\"ce-roadmap__item ce-roadmap__item--2 gs_reveal gs_reveal_fromLeft\">\n                            <div class=\"ce-roadmap__content\">\n                                <div class=\"ce-roadmap__number\">\n                                    2\n                                <\/div>\n                                <div class=\"ce-roadmap__info\">\n                                    <div class=\"ce-roadmap__heading\">\n                                        V\u00c2NZ\u0102RI, MARKETING, ACHIZI\u021aII\n                                    <\/div>\n                                    <div class=\"ce-roadmap__text\">\n                                        Mai multe echipe specializate lucreaz\u0103 \u00eempreun\u0103 pentru a se asigura c\u0103 produsele p\u0103r\u0103sesc fabrica noastr\u0103 a\u0219a cum le vezi pe raftul supermarketului\n                                    <\/div>\n                                    <a href=\"https:\/\/www.greisinger.com\/ro\/step\/test-step\/\"\n                                       class=\"ce-roadmap__button btn btn--ghost btn--icon btn--icon--left\">Afla\u021bi mai multe<\/a>\n                                <\/div>\n                            <\/div>\n                                                            <div class=\"ce-roadmap__image\">\n                                    <figure>\n                                        <picture>\n                                            <source media=\"(min-width: 1200px)\" srcset=\"https:\/\/www.greisinger.com\/wp-content\/uploads\/2023\/05\/stock-vector-rural-landscape-hand-drawn-illustration-converted-to-vector-1154169721.svg\">\n                                            <source media=\"(min-width: 768px)\" srcset=\"https:\/\/www.greisinger.com\/wp-content\/uploads\/2023\/05\/stock-vector-rural-landscape-hand-drawn-illustration-converted-to-vector-1154169721.svg\">\n                                            <source media=\"(min-width: 425px)\" srcset=\"https:\/\/www.greisinger.com\/wp-content\/uploads\/2023\/05\/stock-vector-rural-landscape-hand-drawn-illustration-converted-to-vector-1154169721.svg\">\n                                            <source media=\"(min-width: 375px)\" srcset=\"https:\/\/www.greisinger.com\/wp-content\/uploads\/2023\/05\/stock-vector-rural-landscape-hand-drawn-illustration-converted-to-vector-1154169721.svg\">\n                                            <img loading=\"lazy\" decoding=\"async\" src=\"https:\/\/www.greisinger.com\/wp-content\/uploads\/2023\/05\/stock-vector-rural-landscape-hand-drawn-illustration-converted-to-vector-1154169721.svg\" alt=\"Der Weg des Produktes - H\u00fcgel\"\n                                                 title=\"Stock Vector Rural Landscape Hand Drawn Illustration Converted To Vector 1154169721\" width=\"501\"\n                                                 height=\"299\">\n                                        <\/picture>\n                                    <\/figure>\n                                <\/div>\n                                                    <\/div>\n                                                                                                                                            <div class=\"ce-roadmap__item ce-roadmap__item--3 gs_reveal gs_reveal_fromRight\">\n                            <div class=\"ce-roadmap__content\">\n                                <div class=\"ce-roadmap__number\">\n                                    3\n                                <\/div>\n                                <div class=\"ce-roadmap__info\">\n                                    <div class=\"ce-roadmap__heading\">\n                                        PRODUC\u021aIE, ASIGURAREA CALIT\u0102\u021aII\n                                    <\/div>\n                                    <div class=\"ce-roadmap__text\">\n                                        Tradi\u021bia \u0219i m\u0103iestria veche de secole se combin\u0103 cu cele mai moderne tehnologii pentru a produce produsele care v\u0103 ofer\u0103 pl\u0103cerea zilnic\u0103\n                                    <\/div>\n                                    <a href=\"https:\/\/www.greisinger.com\/ro\/step\/produktion-qualitaetssicherung\/\"\n                                       class=\"ce-roadmap__button btn btn--ghost btn--icon btn--icon--left\">Afla\u021bi mai multe<\/a>\n                                <\/div>\n                            <\/div>\n                                                            <div class=\"ce-roadmap__image\">\n                                    <figure>\n                                        <picture>\n                                            <source media=\"(min-width: 1200px)\" srcset=\"https:\/\/www.greisinger.com\/wp-content\/uploads\/2023\/05\/Schwein-Kuh.svg\">\n                                            <source media=\"(min-width: 768px)\" srcset=\"https:\/\/www.greisinger.com\/wp-content\/uploads\/2023\/05\/Schwein-Kuh.svg\">\n                                            <source media=\"(min-width: 425px)\" srcset=\"https:\/\/www.greisinger.com\/wp-content\/uploads\/2023\/05\/Schwein-Kuh.svg\">\n                                            <source media=\"(min-width: 375px)\" srcset=\"https:\/\/www.greisinger.com\/wp-content\/uploads\/2023\/05\/Schwein-Kuh.svg\">\n                                            <img loading=\"lazy\" decoding=\"async\" src=\"https:\/\/www.greisinger.com\/wp-content\/uploads\/2023\/05\/Schwein-Kuh.svg\" alt=\"Schwein und Kuh\"\n                                                 title=\"Schwein Kuh\" width=\"469\"\n                                                 height=\"189\">\n                                        <\/picture>\n                                    <\/figure>\n                                <\/div>\n                                                    <\/div>\n                                                                                                                                            <div class=\"ce-roadmap__item ce-roadmap__item--4 gs_reveal gs_reveal_fromLeft\">\n                            <div class=\"ce-roadmap__content\">\n                                <div class=\"ce-roadmap__number\">\n                                    4\n                                <\/div>\n                                <div class=\"ce-roadmap__info\">\n                                    <div class=\"ce-roadmap__heading\">\n                                        AMBALARE, LOGISTIC\u0102\n                                    <\/div>\n                                    <div class=\"ce-roadmap__text\">\n                                        Pentru a ne asigura c\u0103 m\u0103rfurile ajung cu adev\u0103rat proaspete la tine, avem c\u00e2teva provoc\u0103ri de rezolvat\n                                    <\/div>\n                                    <a href=\"https:\/\/www.greisinger.com\/ro\/step\/verpackung-logistik\/\"\n                                       class=\"ce-roadmap__button btn btn--ghost btn--icon btn--icon--left\">Afla\u021bi mai multe<\/a>\n                                <\/div>\n                            <\/div>\n                                                    <\/div>\n                                                                                                                                            <div class=\"ce-roadmap__item ce-roadmap__item--5 gs_reveal gs_reveal_fromRight\">\n                            <div class=\"ce-roadmap__content\">\n                                <div class=\"ce-roadmap__number\">\n                                    5\n                                <\/div>\n                                <div class=\"ce-roadmap__info\">\n                                    <div class=\"ce-roadmap__heading\">\n                                        PARTENER DE DISTRIBU\u021aIE\n                                    <\/div>\n                                    <div class=\"ce-roadmap__text\">\n                                        G\u0103se\u0219ti produsele noastre aproape la fiecare col\u021b de strad\u0103 \u2013 dar aproape nimeni nu \u0219tie\n                                    <\/div>\n                                    <a href=\"https:\/\/www.greisinger.com\/ro\/step\/unsere-vertriebspartner\/\"\n                                       class=\"ce-roadmap__button btn btn--ghost btn--icon btn--icon--left\">Afla\u021bi mai multe<\/a>\n                                <\/div>\n                            <\/div>\n                                                            <div class=\"ce-roadmap__image\">\n                                    <figure>\n                                        <picture>\n                                            <source media=\"(min-width: 1200px)\" srcset=\"https:\/\/www.greisinger.com\/wp-content\/uploads\/2023\/05\/stock-vector-vineyard-sketch-realistic-landscape-in-an-engraving-style-vector-ink-illustration-2078461660-2.svg\">\n                                            <source media=\"(min-width: 768px)\" srcset=\"https:\/\/www.greisinger.com\/wp-content\/uploads\/2023\/05\/stock-vector-vineyard-sketch-realistic-landscape-in-an-engraving-style-vector-ink-illustration-2078461660-2.svg\">\n                                            <source media=\"(min-width: 425px)\" srcset=\"https:\/\/www.greisinger.com\/wp-content\/uploads\/2023\/05\/stock-vector-vineyard-sketch-realistic-landscape-in-an-engraving-style-vector-ink-illustration-2078461660-2.svg\">\n                                            <source media=\"(min-width: 375px)\" srcset=\"https:\/\/www.greisinger.com\/wp-content\/uploads\/2023\/05\/stock-vector-vineyard-sketch-realistic-landscape-in-an-engraving-style-vector-ink-illustration-2078461660-2.svg\">\n                                            <img loading=\"lazy\" decoding=\"async\" src=\"https:\/\/www.greisinger.com\/wp-content\/uploads\/2023\/05\/stock-vector-vineyard-sketch-realistic-landscape-in-an-engraving-style-vector-ink-illustration-2078461660-2.svg\" alt=\"Der Weg des produktes\"\n                                                 title=\"Stock Vector Vineyard Sketch Realistic Landscape In An Engraving Style Vector Ink Illustration 2078461660 2\" width=\"515\"\n                                                 height=\"350\">\n                                        <\/picture>\n                                    <\/figure>\n                                <\/div>\n                                                    <\/div>\n                                                                                                                                            <div class=\"ce-roadmap__item ce-roadmap__item--6 gs_reveal gs_reveal_fromLeft\">\n                            <div class=\"ce-roadmap__content\">\n                                <div class=\"ce-roadmap__number\">\n                                    6\n                                <\/div>\n                                <div class=\"ce-roadmap__info\">\n                                    <div class=\"ce-roadmap__heading\">\n                                        6)\tACAS\u0102 PE FARFURIE\n                                    <\/div>\n                                    <div class=\"ce-roadmap__text\">\n                                        Acum \u0219tii ce drum lung trebuie s\u0103 parcurg\u0103 un produs \u00eenainte de a ajunge \u00een farfuria ta. Bucur\u0103-te de ea \u0219i savureaz\u0103 fiecare \u00eembuc\u0103tur\u0103.\n                                    <\/div>\n                                    <a href=\"https:\/\/www.greisinger.com\/ro\/step\/zu-hause-am-teller\/\"\n                                       class=\"ce-roadmap__button btn btn--ghost btn--icon btn--icon--left\">Afla\u021bi mai multe<\/a>\n                                <\/div>\n                            <\/div>\n                                                            <div class=\"ce-roadmap__image\">\n                                    <figure>\n                                        <picture>\n                                            <source media=\"(min-width: 1200px)\" srcset=\"https:\/\/www.greisinger.com\/wp-content\/uploads\/2023\/05\/stock-vector-isolated-detail-vintage-hand-drawn-food-sketch-illustration-barbecue-steak-648708448.svg\">\n                                            <source media=\"(min-width: 768px)\" srcset=\"https:\/\/www.greisinger.com\/wp-content\/uploads\/2023\/05\/stock-vector-isolated-detail-vintage-hand-drawn-food-sketch-illustration-barbecue-steak-648708448.svg\">\n                                            <source media=\"(min-width: 425px)\" srcset=\"https:\/\/www.greisinger.com\/wp-content\/uploads\/2023\/05\/stock-vector-isolated-detail-vintage-hand-drawn-food-sketch-illustration-barbecue-steak-648708448.svg\">\n                                            <source media=\"(min-width: 375px)\" srcset=\"https:\/\/www.greisinger.com\/wp-content\/uploads\/2023\/05\/stock-vector-isolated-detail-vintage-hand-drawn-food-sketch-illustration-barbecue-steak-648708448.svg\">\n                                            <img loading=\"lazy\" decoding=\"async\" src=\"https:\/\/www.greisinger.com\/wp-content\/uploads\/2023\/05\/stock-vector-isolated-detail-vintage-hand-drawn-food-sketch-illustration-barbecue-steak-648708448.svg\" alt=\"Der Weg des Produktes - Essen\"\n                                                 title=\"Stock Vector Isolated Detail Vintage Hand Drawn Food Sketch Illustration Barbecue Steak 648708448\" width=\"311\"\n                                                 height=\"250\">\n                                        <\/picture>\n                                    <\/figure>\n                                <\/div>\n                                                    <\/div>\n                                    <\/div>\n\n            <\/div>\n        <\/div>\n    \n    ","protected":false},"excerpt":{"rendered":"","protected":false},"author":26,"featured_media":0,"parent":20303,"menu_order":9,"comment_status":"closed","ping_status":"closed","template":"","meta":{"_acf_changed":false,"footnotes":""},"class_list":["post-20392","page","type-page","status-publish","hentry"],"acf":[],"yoast_head":"<!-- This site is optimized with the Yoast SEO plugin v27.2 - https:\/\/yoast.com\/product\/yoast-seo-wordpress\/ -->\n<title>DRUMUL PRODUSULUI - Greisinger GmbH - Fleisch-, Wurst- und Selchwaren<\/title>\n<meta name=\"robots\" content=\"index, follow, max-snippet:-1, max-image-preview:large, max-video-preview:-1\" \/>\n<link rel=\"canonical\" href=\"https:\/\/www.greisinger.com\/ro\/cariera\/drumul-produsului\/\" \/>\n<meta property=\"og:locale\" content=\"ro_RO\" \/>\n<meta property=\"og:type\" content=\"article\" \/>\n<meta property=\"og:title\" content=\"DRUMUL PRODUSULUI - Greisinger GmbH - Fleisch-, Wurst- und Selchwaren\" \/>\n<meta property=\"og:url\" content=\"https:\/\/www.greisinger.com\/ro\/cariera\/drumul-produsului\/\" \/>\n<meta property=\"og:site_name\" content=\"Greisinger GmbH - Fleisch-, Wurst- und Selchwaren\" \/>\n<meta property=\"article:modified_time\" content=\"2023-08-03T11:24:09+00:00\" \/>\n<meta name=\"twitter:card\" content=\"summary_large_image\" \/>\n<script type=\"application\/ld+json\" class=\"yoast-schema-graph\">{\"@context\":\"https:\/\/schema.org\",\"@graph\":[{\"@type\":\"WebPage\",\"@id\":\"https:\/\/www.greisinger.com\/ro\/cariera\/drumul-produsului\/\",\"url\":\"https:\/\/www.greisinger.com\/ro\/cariera\/drumul-produsului\/\",\"name\":\"DRUMUL PRODUSULUI - Greisinger GmbH - Fleisch-, Wurst- und Selchwaren\",\"isPartOf\":{\"@id\":\"https:\/\/www.greisinger.com\/ro\/#website\"},\"datePublished\":\"2023-07-11T09:27:27+00:00\",\"dateModified\":\"2023-08-03T11:24:09+00:00\",\"breadcrumb\":{\"@id\":\"https:\/\/www.greisinger.com\/ro\/cariera\/drumul-produsului\/#breadcrumb\"},\"inLanguage\":\"ro-RO\",\"potentialAction\":[{\"@type\":\"ReadAction\",\"target\":[\"https:\/\/www.greisinger.com\/ro\/cariera\/drumul-produsului\/\"]}]},{\"@type\":\"BreadcrumbList\",\"@id\":\"https:\/\/www.greisinger.com\/ro\/cariera\/drumul-produsului\/#breadcrumb\",\"itemListElement\":[{\"@type\":\"ListItem\",\"position\":1,\"name\":\"Startseite\",\"item\":\"https:\/\/www.greisinger.com\/ro\/\"},{\"@type\":\"ListItem\",\"position\":2,\"name\":\"Despre Greisinger\",\"item\":\"https:\/\/www.greisinger.com\/ro\/cariera\/\"},{\"@type\":\"ListItem\",\"position\":3,\"name\":\"DRUMUL PRODUSULUI\"}]},{\"@type\":\"WebSite\",\"@id\":\"https:\/\/www.greisinger.com\/ro\/#website\",\"url\":\"https:\/\/www.greisinger.com\/ro\/\",\"name\":\"Greisinger GmbH - Fleisch-, Wurst- und Selchwaren\",\"description\":\"Greisinger, ein rein privat gef\u00fchrtes Top-Fleischverarbeitungsunternehmen aus \u00d6sterreich stellt Fleisch- und Wurst-, Salami- und Snack-Produkte h\u00f6chster Qualit\u00e4t her \u2013 f\u00fcr Kunden aus \u00fcber 40 L\u00e4ndern weltweit.\",\"publisher\":{\"@id\":\"https:\/\/www.greisinger.com\/ro\/#organization\"},\"potentialAction\":[{\"@type\":\"SearchAction\",\"target\":{\"@type\":\"EntryPoint\",\"urlTemplate\":\"https:\/\/www.greisinger.com\/ro\/?s={search_term_string}\"},\"query-input\":{\"@type\":\"PropertyValueSpecification\",\"valueRequired\":true,\"valueName\":\"search_term_string\"}}],\"inLanguage\":\"ro-RO\"},{\"@type\":\"Organization\",\"@id\":\"https:\/\/www.greisinger.com\/ro\/#organization\",\"name\":\"Greisinger GmbH - Fleisch-, Wurst- und Selchwaren\",\"url\":\"https:\/\/www.greisinger.com\/ro\/\",\"logo\":{\"@type\":\"ImageObject\",\"inLanguage\":\"ro-RO\",\"@id\":\"https:\/\/www.greisinger.com\/ro\/#\/schema\/logo\/image\/\",\"url\":\"https:\/\/www.greisinger.com\/wp-content\/uploads\/2022\/01\/logo_greisinger.png\",\"contentUrl\":\"https:\/\/www.greisinger.com\/wp-content\/uploads\/2022\/01\/logo_greisinger.png\",\"width\":200,\"height\":200,\"caption\":\"Greisinger GmbH - Fleisch-, Wurst- und Selchwaren\"},\"image\":{\"@id\":\"https:\/\/www.greisinger.com\/ro\/#\/schema\/logo\/image\/\"}}]}<\/script>\n<!-- \/ Yoast SEO plugin. -->","yoast_head_json":{"title":"DRUMUL PRODUSULUI - Greisinger GmbH - Fleisch-, Wurst- und Selchwaren","robots":{"index":"index","follow":"follow","max-snippet":"max-snippet:-1","max-image-preview":"max-image-preview:large","max-video-preview":"max-video-preview:-1"},"canonical":"https:\/\/www.greisinger.com\/ro\/cariera\/drumul-produsului\/","og_locale":"ro_RO","og_type":"article","og_title":"DRUMUL PRODUSULUI - Greisinger GmbH - Fleisch-, Wurst- und Selchwaren","og_url":"https:\/\/www.greisinger.com\/ro\/cariera\/drumul-produsului\/","og_site_name":"Greisinger GmbH - Fleisch-, Wurst- und Selchwaren","article_modified_time":"2023-08-03T11:24:09+00:00","twitter_card":"summary_large_image","schema":{"@context":"https:\/\/schema.org","@graph":[{"@type":"WebPage","@id":"https:\/\/www.greisinger.com\/ro\/cariera\/drumul-produsului\/","url":"https:\/\/www.greisinger.com\/ro\/cariera\/drumul-produsului\/","name":"DRUMUL PRODUSULUI - Greisinger GmbH - Fleisch-, Wurst- und Selchwaren","isPartOf":{"@id":"https:\/\/www.greisinger.com\/ro\/#website"},"datePublished":"2023-07-11T09:27:27+00:00","dateModified":"2023-08-03T11:24:09+00:00","breadcrumb":{"@id":"https:\/\/www.greisinger.com\/ro\/cariera\/drumul-produsului\/#breadcrumb"},"inLanguage":"ro-RO","potentialAction":[{"@type":"ReadAction","target":["https:\/\/www.greisinger.com\/ro\/cariera\/drumul-produsului\/"]}]},{"@type":"BreadcrumbList","@id":"https:\/\/www.greisinger.com\/ro\/cariera\/drumul-produsului\/#breadcrumb","itemListElement":[{"@type":"ListItem","position":1,"name":"Startseite","item":"https:\/\/www.greisinger.com\/ro\/"},{"@type":"ListItem","position":2,"name":"Despre Greisinger","item":"https:\/\/www.greisinger.com\/ro\/cariera\/"},{"@type":"ListItem","position":3,"name":"DRUMUL PRODUSULUI"}]},{"@type":"WebSite","@id":"https:\/\/www.greisinger.com\/ro\/#website","url":"https:\/\/www.greisinger.com\/ro\/","name":"Greisinger GmbH - Fleisch-, Wurst- und Selchwaren","description":"Greisinger, ein rein privat gef\u00fchrtes Top-Fleischverarbeitungsunternehmen aus \u00d6sterreich stellt Fleisch- und Wurst-, Salami- und Snack-Produkte h\u00f6chster Qualit\u00e4t her \u2013 f\u00fcr Kunden aus \u00fcber 40 L\u00e4ndern weltweit.","publisher":{"@id":"https:\/\/www.greisinger.com\/ro\/#organization"},"potentialAction":[{"@type":"SearchAction","target":{"@type":"EntryPoint","urlTemplate":"https:\/\/www.greisinger.com\/ro\/?s={search_term_string}"},"query-input":{"@type":"PropertyValueSpecification","valueRequired":true,"valueName":"search_term_string"}}],"inLanguage":"ro-RO"},{"@type":"Organization","@id":"https:\/\/www.greisinger.com\/ro\/#organization","name":"Greisinger GmbH - Fleisch-, Wurst- und Selchwaren","url":"https:\/\/www.greisinger.com\/ro\/","logo":{"@type":"ImageObject","inLanguage":"ro-RO","@id":"https:\/\/www.greisinger.com\/ro\/#\/schema\/logo\/image\/","url":"https:\/\/www.greisinger.com\/wp-content\/uploads\/2022\/01\/logo_greisinger.png","contentUrl":"https:\/\/www.greisinger.com\/wp-content\/uploads\/2022\/01\/logo_greisinger.png","width":200,"height":200,"caption":"Greisinger GmbH - Fleisch-, Wurst- und Selchwaren"},"image":{"@id":"https:\/\/www.greisinger.com\/ro\/#\/schema\/logo\/image\/"}}]}},"_links":{"self":[{"href":"https:\/\/www.greisinger.com\/ro\/wp-json\/wp\/v2\/pages\/20392","targetHints":{"allow":["GET"]}}],"collection":[{"href":"https:\/\/www.greisinger.com\/ro\/wp-json\/wp\/v2\/pages"}],"about":[{"href":"https:\/\/www.greisinger.com\/ro\/wp-json\/wp\/v2\/types\/page"}],"author":[{"embeddable":true,"href":"https:\/\/www.greisinger.com\/ro\/wp-json\/wp\/v2\/users\/26"}],"replies":[{"embeddable":true,"href":"https:\/\/www.greisinger.com\/ro\/wp-json\/wp\/v2\/comments?post=20392"}],"version-history":[{"count":12,"href":"https:\/\/www.greisinger.com\/ro\/wp-json\/wp\/v2\/pages\/20392\/revisions"}],"predecessor-version":[{"id":20984,"href":"https:\/\/www.greisinger.com\/ro\/wp-json\/wp\/v2\/pages\/20392\/revisions\/20984"}],"up":[{"embeddable":true,"href":"https:\/\/www.greisinger.com\/ro\/wp-json\/wp\/v2\/pages\/20303"}],"wp:attachment":[{"href":"https:\/\/www.greisinger.com\/ro\/wp-json\/wp\/v2\/media?parent=20392"}],"curies":[{"name":"wp","href":"https:\/\/api.w.org\/{rel}","templated":true}]}}