{"id":20832,"date":"2023-07-14T11:14:16","date_gmt":"2023-07-14T09:14:16","guid":{"rendered":"https:\/\/www.greisinger.com\/?page_id=20832"},"modified":"2023-07-14T11:14:17","modified_gmt":"2023-07-14T09:14:17","slug":"impressum","status":"publish","type":"page","link":"https:\/\/www.greisinger.com\/sk\/impressum\/","title":{"rendered":"Impressum"},"content":{"rendered":"\n\n\n\n\n\n\n\n\n\n\n\n\n\n\n\n\n\n\n\n\n\n\n\n\n\n\n\n\n\n\n\n                \n        \n\n                    <div class=\"ce ce-cols ce-cols--3\n         ce--mb-standard                                 \" id=\"block_6a69ae60409499470694c7fe9d8a2a8e\">\n                                <div class=\"container-fluid\">\n                    \n\n\n                    <div class=\"row\">\n                        <div class=\"col-12 col-lg-4 \">\n                            <!--HIER DIE SCHLEIFE MIT DEM CONTENT SPALTE 1-->\n                                                                                                                            \n\n\n\n\n\n\n\n\n\n\n\n\n\n\n\n\n\n\n\n\n\n\n\n\n\n\n\n\n\n\n                                            \n        \n        \n        \n    \n\n                    \n    \n                    \n            <div class=\"ce ce-text\n                                        \"\n             id=\"block_6a69ae60409499470694c7fe9d8a2a8e\">\n                                        <div class=\"row\">\n                    <div class=\"cc-text__text col-12 col-md-12 col-xl-12  text-left\">\n                        <div class=\"ce-textblock\" data-animation=\"true\" data-animation-duration=\"300\">\n    <div class=\"ce-textblock__text\">\n                            <h2 class=\"h6\"> Sitz des Unternehmens <\/h2>\n                <p>Klamer Stra\u00dfe 10<br \/>\nA-4323 M\u00fcnzbach<\/p>\n<p>Tel.: +43 7264 4600<br \/>\nFax: +43 7264 4600-6610<\/p>\n<p>E-Mail: <span id=\"cloaka1f2554c548dc682c3694f4005aea8c4\"><span id=\"cloak5a5a40891e48c425185999dead13648c\"><a href=\"mailto:office@greisinger.com\">office@greisinger.com<\/a><\/span><\/span><\/p>\n\n    <\/div>\n<\/div>\n                    <\/div>\n                <\/div>\n                        <\/div>\n    \n                                                                    \n                        <\/div>\n                        <div class=\"col-12 col-lg-4 \">\n                            <!--HIER DIE SCHLEIFE MIT DEM CONTENT SPALTE 2-->\n                                                                                                                            \n\n\n\n\n\n\n\n\n\n\n\n\n\n\n\n\n\n\n\n\n\n\n\n\n\n\n\n\n\n\n                                            \n        \n        \n        \n    \n\n                    \n    \n                    \n            <div class=\"ce ce-text\n                                        \"\n             id=\"block_6a69ae60409499470694c7fe9d8a2a8e\">\n                                        <div class=\"row\">\n                    <div class=\"cc-text__text col-12 col-md-12 col-xl-12  text-left\">\n                        <div class=\"ce-textblock\" data-animation=\"true\" data-animation-duration=\"300\">\n    <div class=\"ce-textblock__text\">\n                            <h2 class=\"h6\"> Firmeninfos <\/h2>\n                <div class=\"uk-margin\">\n<p><strong>Name des Unternehmens: \u00a0\u00a0\u00a0<\/strong><br \/>\nGreisinger GmbH<\/p>\n<p><strong>Eigentumsverh\u00e4ltnis: \u00a0\u00a0 \u00a0<\/strong><br \/>\nFamilienbesitz \/ KR Franz Greisinger (GF)<\/p>\n<p><strong>Rechtsform: \u00a0\u00a0 \u00a0<\/strong><br \/>\nGesellschaft mit beschr\u00e4nkter Haftung<\/p>\n<\/div>\n\n    <\/div>\n<\/div>\n                    <\/div>\n                <\/div>\n                        <\/div>\n    \n                                                                                            <\/div>\n                        <div class=\"col-12 col-lg-4 \">\n                            <!--HIER DIE SCHLEIFE MIT DEM CONTENT SPALTE 2-->\n                                                                                                                            \n\n\n\n\n\n\n\n\n\n\n\n\n\n\n\n\n\n\n\n\n\n\n\n\n\n\n\n\n\n\n                                            \n        \n        \n        \n    \n\n                    \n    \n                    \n            <div class=\"ce ce-text\n                                        \"\n             id=\"block_6a69ae60409499470694c7fe9d8a2a8e\">\n                                        <div class=\"row\">\n                    <div class=\"cc-text__text col-12 col-md-12 col-xl-12  text-left\">\n                        <div class=\"ce-textblock\" data-animation=\"true\" data-animation-duration=\"300\">\n    <div class=\"ce-textblock__text\">\n                            <h2 class=\"h6\"> ECG Pflicht <\/h2>\n                <p><strong>Firmenbuchnummer, Firmenbuchgericht: \u00a0\u00a0 \u00a0<\/strong><br \/>\nFN91770g, Landesgericht Linz<\/p>\n<p><strong>UID: \u00a0\u00a0 \u00a0<\/strong><br \/>\nATU 37040402<\/p>\n\n    <\/div>\n<\/div>\n                    <\/div>\n                <\/div>\n                        <\/div>\n    \n                                                                                            <\/div>\n                    <\/div>\n                <\/div>\n            <\/div>\n                    \n\n\n\n\n\n\n\n\n\n\n\n\n\n\n\n\n\n\n\n\n\n\n\n\n\n\n\n\n\n\n\n\n\n                \n        \n\n                    <div class=\"ce ce-cols ce-cols--3\n         ce--mb-standard                                 \" id=\"block_863b14b36a17eead2842665395be38ca\">\n                                <div class=\"container-fluid\">\n                    \n\n\n                    <div class=\"row\">\n                        <div class=\"col-12 col-lg-4 \">\n                            <!--HIER DIE SCHLEIFE MIT DEM CONTENT SPALTE 1-->\n                                                                                                                            \n\n\n\n\n\n\n\n\n\n\n\n\n\n\n\n\n\n\n\n\n\n\n\n\n\n\n\n\n\n\n                                            \n        \n        \n        \n    \n\n                    \n    \n                    \n            <div class=\"ce ce-text\n                                        \"\n             id=\"block_863b14b36a17eead2842665395be38ca\">\n                                        <div class=\"row\">\n                    <div class=\"cc-text__text col-12 col-md-12 col-xl-12  text-left\">\n                        <div class=\"ce-textblock\" data-animation=\"true\" data-animation-duration=\"300\">\n    <div class=\"ce-textblock__text\">\n                            <h2 class=\"h6\"> Bankverbindung \u00d6sterreich <\/h2>\n                <p><span id=\"cloaka8bc826bca9561b7fac1da76f1bede64\"><strong>Oberbank Linz<\/strong><br \/>\nIBAN: AT58 15000 00781 0288 08<br \/>\nBIC: OBKLAT2L<\/span><\/p>\n\n    <\/div>\n<\/div>\n                    <\/div>\n                <\/div>\n                        <\/div>\n    \n                                                                    \n                        <\/div>\n                        <div class=\"col-12 col-lg-4 \">\n                            <!--HIER DIE SCHLEIFE MIT DEM CONTENT SPALTE 2-->\n                                                                                                                            \n\n\n\n\n\n\n\n\n\n\n\n\n\n\n\n\n\n\n\n\n\n\n\n\n\n\n\n\n\n\n                                            \n        \n        \n        \n    \n\n                    \n    \n                    \n            <div class=\"ce ce-text\n                                        \"\n             id=\"block_863b14b36a17eead2842665395be38ca\">\n                                        <div class=\"row\">\n                    <div class=\"cc-text__text col-12 col-md-12 col-xl-12  text-left\">\n                        <div class=\"ce-textblock\" data-animation=\"true\" data-animation-duration=\"300\">\n    <div class=\"ce-textblock__text\">\n                            <h2 class=\"h6\"> Webauftritt <\/h2>\n                <div class=\"uk-margin\">\n<p><strong>Verantwortlich f\u00fcr den Inhalt:<\/strong><br \/>\nGreisinger GmbH \/ Abt. Marketing<span id=\"cloakcb2ca822a0e31ad8d9a2021fb2794c40\"><\/span><\/p>\n<p><strong>Webdesign:<\/strong><br \/>\nREICHLUNDPARTNER Digital<\/p>\n<p><strong>Bildmaterial:<\/strong><br \/>\nGreisinger, fotolia, istock<\/p>\n<\/div>\n\n    <\/div>\n<\/div>\n                    <\/div>\n                <\/div>\n                        <\/div>\n    \n                                                                                            <\/div>\n                        <div class=\"col-12 col-lg-4 \">\n                            <!--HIER DIE SCHLEIFE MIT DEM CONTENT SPALTE 2-->\n                                                                                                                            \n\n\n\n\n\n\n\n\n\n\n\n\n\n\n\n\n\n\n\n\n\n\n\n\n\n\n\n\n\n\n                                            \n        \n        \n        \n    \n\n                    \n    \n                    \n            <div class=\"ce ce-text\n                                        \"\n             id=\"block_863b14b36a17eead2842665395be38ca\">\n                                        <div class=\"row\">\n                    <div class=\"cc-text__text col-12 col-md-12 col-xl-12  text-left\">\n                        <div class=\"ce-textblock\" data-animation=\"true\" data-animation-duration=\"300\">\n    <div class=\"ce-textblock__text\">\n                            <h2 class=\"h6\"> AGB <\/h2>\n                <p><a href=\"https:\/\/www.greisinger.com\/wp-content\/uploads\/2022\/03\/AGB_D_Greisinger.pdf\" target=\"_blank\" rel=\"noopener\">Allgemeine Gesch\u00e4ftsbedingungen &#8211; Greisinger<\/a><\/p>\n\n    <\/div>\n<\/div>\n                    <\/div>\n                <\/div>\n                        <\/div>\n    \n                                                                                            <\/div>\n                    <\/div>\n                <\/div>\n            <\/div>\n                    ","protected":false},"excerpt":{"rendered":"","protected":false},"author":26,"featured_media":0,"parent":0,"menu_order":0,"comment_status":"closed","ping_status":"closed","template":"","meta":{"_acf_changed":false,"footnotes":""},"class_list":["post-20832","page","type-page","status-publish","hentry"],"acf":[],"yoast_head":"<!-- This site is optimized with the Yoast SEO plugin v27.2 - https:\/\/yoast.com\/product\/yoast-seo-wordpress\/ -->\n<title>Impressum - Greisinger GmbH - Fleisch-, Wurst- und Selchwaren<\/title>\n<meta name=\"robots\" content=\"index, follow, max-snippet:-1, max-image-preview:large, max-video-preview:-1\" \/>\n<link rel=\"canonical\" href=\"https:\/\/www.greisinger.com\/sk\/impressum\/\" \/>\n<meta property=\"og:locale\" content=\"sk_SK\" \/>\n<meta property=\"og:type\" content=\"article\" \/>\n<meta property=\"og:title\" content=\"Impressum - Greisinger GmbH - Fleisch-, Wurst- und Selchwaren\" \/>\n<meta property=\"og:url\" content=\"https:\/\/www.greisinger.com\/sk\/impressum\/\" \/>\n<meta property=\"og:site_name\" content=\"Greisinger GmbH - Fleisch-, Wurst- und Selchwaren\" \/>\n<meta property=\"article:modified_time\" content=\"2023-07-14T09:14:17+00:00\" \/>\n<meta name=\"twitter:card\" content=\"summary_large_image\" \/>\n<script type=\"application\/ld+json\" class=\"yoast-schema-graph\">{\"@context\":\"https:\/\/schema.org\",\"@graph\":[{\"@type\":\"WebPage\",\"@id\":\"https:\/\/www.greisinger.com\/sk\/impressum\/\",\"url\":\"https:\/\/www.greisinger.com\/sk\/impressum\/\",\"name\":\"Impressum - Greisinger GmbH - Fleisch-, Wurst- und Selchwaren\",\"isPartOf\":{\"@id\":\"https:\/\/www.greisinger.com\/sk\/#website\"},\"datePublished\":\"2023-07-14T09:14:16+00:00\",\"dateModified\":\"2023-07-14T09:14:17+00:00\",\"breadcrumb\":{\"@id\":\"https:\/\/www.greisinger.com\/sk\/impressum\/#breadcrumb\"},\"inLanguage\":\"sk-SK\",\"potentialAction\":[{\"@type\":\"ReadAction\",\"target\":[\"https:\/\/www.greisinger.com\/sk\/impressum\/\"]}]},{\"@type\":\"BreadcrumbList\",\"@id\":\"https:\/\/www.greisinger.com\/sk\/impressum\/#breadcrumb\",\"itemListElement\":[{\"@type\":\"ListItem\",\"position\":1,\"name\":\"Startseite\",\"item\":\"https:\/\/www.greisinger.com\/sk\/\"},{\"@type\":\"ListItem\",\"position\":2,\"name\":\"Impressum\"}]},{\"@type\":\"WebSite\",\"@id\":\"https:\/\/www.greisinger.com\/sk\/#website\",\"url\":\"https:\/\/www.greisinger.com\/sk\/\",\"name\":\"Greisinger GmbH - Fleisch-, Wurst- und Selchwaren\",\"description\":\"Greisinger, ein rein privat gef\u00fchrtes Top-Fleischverarbeitungsunternehmen aus \u00d6sterreich stellt Fleisch- und Wurst-, Salami- und Snack-Produkte h\u00f6chster Qualit\u00e4t her \u2013 f\u00fcr Kunden aus \u00fcber 40 L\u00e4ndern weltweit.\",\"publisher\":{\"@id\":\"https:\/\/www.greisinger.com\/sk\/#organization\"},\"potentialAction\":[{\"@type\":\"SearchAction\",\"target\":{\"@type\":\"EntryPoint\",\"urlTemplate\":\"https:\/\/www.greisinger.com\/sk\/?s={search_term_string}\"},\"query-input\":{\"@type\":\"PropertyValueSpecification\",\"valueRequired\":true,\"valueName\":\"search_term_string\"}}],\"inLanguage\":\"sk-SK\"},{\"@type\":\"Organization\",\"@id\":\"https:\/\/www.greisinger.com\/sk\/#organization\",\"name\":\"Greisinger GmbH - Fleisch-, Wurst- und Selchwaren\",\"url\":\"https:\/\/www.greisinger.com\/sk\/\",\"logo\":{\"@type\":\"ImageObject\",\"inLanguage\":\"sk-SK\",\"@id\":\"https:\/\/www.greisinger.com\/sk\/#\/schema\/logo\/image\/\",\"url\":\"https:\/\/www.greisinger.com\/wp-content\/uploads\/2022\/01\/logo_greisinger.png\",\"contentUrl\":\"https:\/\/www.greisinger.com\/wp-content\/uploads\/2022\/01\/logo_greisinger.png\",\"width\":200,\"height\":200,\"caption\":\"Greisinger GmbH - Fleisch-, Wurst- und Selchwaren\"},\"image\":{\"@id\":\"https:\/\/www.greisinger.com\/sk\/#\/schema\/logo\/image\/\"}}]}<\/script>\n<!-- \/ Yoast SEO plugin. -->","yoast_head_json":{"title":"Impressum - Greisinger GmbH - Fleisch-, Wurst- und Selchwaren","robots":{"index":"index","follow":"follow","max-snippet":"max-snippet:-1","max-image-preview":"max-image-preview:large","max-video-preview":"max-video-preview:-1"},"canonical":"https:\/\/www.greisinger.com\/sk\/impressum\/","og_locale":"sk_SK","og_type":"article","og_title":"Impressum - Greisinger GmbH - Fleisch-, Wurst- und Selchwaren","og_url":"https:\/\/www.greisinger.com\/sk\/impressum\/","og_site_name":"Greisinger GmbH - Fleisch-, Wurst- und Selchwaren","article_modified_time":"2023-07-14T09:14:17+00:00","twitter_card":"summary_large_image","schema":{"@context":"https:\/\/schema.org","@graph":[{"@type":"WebPage","@id":"https:\/\/www.greisinger.com\/sk\/impressum\/","url":"https:\/\/www.greisinger.com\/sk\/impressum\/","name":"Impressum - Greisinger GmbH - Fleisch-, Wurst- und Selchwaren","isPartOf":{"@id":"https:\/\/www.greisinger.com\/sk\/#website"},"datePublished":"2023-07-14T09:14:16+00:00","dateModified":"2023-07-14T09:14:17+00:00","breadcrumb":{"@id":"https:\/\/www.greisinger.com\/sk\/impressum\/#breadcrumb"},"inLanguage":"sk-SK","potentialAction":[{"@type":"ReadAction","target":["https:\/\/www.greisinger.com\/sk\/impressum\/"]}]},{"@type":"BreadcrumbList","@id":"https:\/\/www.greisinger.com\/sk\/impressum\/#breadcrumb","itemListElement":[{"@type":"ListItem","position":1,"name":"Startseite","item":"https:\/\/www.greisinger.com\/sk\/"},{"@type":"ListItem","position":2,"name":"Impressum"}]},{"@type":"WebSite","@id":"https:\/\/www.greisinger.com\/sk\/#website","url":"https:\/\/www.greisinger.com\/sk\/","name":"Greisinger GmbH - Fleisch-, Wurst- und Selchwaren","description":"Greisinger, ein rein privat gef\u00fchrtes Top-Fleischverarbeitungsunternehmen aus \u00d6sterreich stellt Fleisch- und Wurst-, Salami- und Snack-Produkte h\u00f6chster Qualit\u00e4t her \u2013 f\u00fcr Kunden aus \u00fcber 40 L\u00e4ndern weltweit.","publisher":{"@id":"https:\/\/www.greisinger.com\/sk\/#organization"},"potentialAction":[{"@type":"SearchAction","target":{"@type":"EntryPoint","urlTemplate":"https:\/\/www.greisinger.com\/sk\/?s={search_term_string}"},"query-input":{"@type":"PropertyValueSpecification","valueRequired":true,"valueName":"search_term_string"}}],"inLanguage":"sk-SK"},{"@type":"Organization","@id":"https:\/\/www.greisinger.com\/sk\/#organization","name":"Greisinger GmbH - Fleisch-, Wurst- und Selchwaren","url":"https:\/\/www.greisinger.com\/sk\/","logo":{"@type":"ImageObject","inLanguage":"sk-SK","@id":"https:\/\/www.greisinger.com\/sk\/#\/schema\/logo\/image\/","url":"https:\/\/www.greisinger.com\/wp-content\/uploads\/2022\/01\/logo_greisinger.png","contentUrl":"https:\/\/www.greisinger.com\/wp-content\/uploads\/2022\/01\/logo_greisinger.png","width":200,"height":200,"caption":"Greisinger GmbH - Fleisch-, Wurst- und Selchwaren"},"image":{"@id":"https:\/\/www.greisinger.com\/sk\/#\/schema\/logo\/image\/"}}]}},"_links":{"self":[{"href":"https:\/\/www.greisinger.com\/sk\/wp-json\/wp\/v2\/pages\/20832","targetHints":{"allow":["GET"]}}],"collection":[{"href":"https:\/\/www.greisinger.com\/sk\/wp-json\/wp\/v2\/pages"}],"about":[{"href":"https:\/\/www.greisinger.com\/sk\/wp-json\/wp\/v2\/types\/page"}],"author":[{"embeddable":true,"href":"https:\/\/www.greisinger.com\/sk\/wp-json\/wp\/v2\/users\/26"}],"replies":[{"embeddable":true,"href":"https:\/\/www.greisinger.com\/sk\/wp-json\/wp\/v2\/comments?post=20832"}],"version-history":[{"count":1,"href":"https:\/\/www.greisinger.com\/sk\/wp-json\/wp\/v2\/pages\/20832\/revisions"}],"predecessor-version":[{"id":20833,"href":"https:\/\/www.greisinger.com\/sk\/wp-json\/wp\/v2\/pages\/20832\/revisions\/20833"}],"wp:attachment":[{"href":"https:\/\/www.greisinger.com\/sk\/wp-json\/wp\/v2\/media?parent=20832"}],"curies":[{"name":"wp","href":"https:\/\/api.w.org\/{rel}","templated":true}]}}